{"id":289,"date":"2018-03-05T11:38:22","date_gmt":"2018-03-05T14:38:22","guid":{"rendered":"http:\/\/bridge175.qodeinteractive.com\/?page_id=4"},"modified":"2023-10-10T14:18:19","modified_gmt":"2023-10-10T17:18:19","slug":"o-escritorio","status":"publish","type":"page","link":"https:\/\/aprovacao.website\/frk\/o-escritorio\/","title":{"rendered":"O Escrit\u00f3rio"},"content":{"rendered":"  <div id=\"page-header-1983216030\" class=\"page-header-wrapper\">\n  <div class=\"page-title dark featured-title\">\n\n        <div class=\"page-title-bg\">\n      <div class=\"title-bg fill bg-fill\"\n        data-parallax-container=\".page-title\"\n        data-parallax-background\n        data-parallax=\"-\">\n      <\/div>\n      <div class=\"title-overlay fill\"><\/div>\n    <\/div>\n    \n    <div class=\"page-title-inner container align-bottom flex-row medium-flex-wrap\" >\n              <div class=\"title-wrapper flex-col text-left medium-text-center\">\n          <h1 class=\"entry-title mb-0\">\n            FRK ADVOGADOS          <\/h1>\n        <\/div>\n                    <div class=\"title-content flex-col flex-right text-right medium-text-center\">\n        <div class=\"title-breadcrumbs pb-half pt-half\"><\/div>      <\/div>\n    <\/div>\n\n     \n<style>\n#page-header-1983216030 .page-title-inner {\n  min-height: 120px;\n}\n#page-header-1983216030 .title-bg {\n  background-image: url(https:\/\/aprovacao.website\/frk\/wp-content\/uploads\/2023\/09\/FRK_SOMOSFRK_linha-imagem-superior.jpg);\n}\n<\/style>\n  <\/div>\n    <\/div>\n  \n\t<section class=\"section\" id=\"section_176635270\">\n\t\t<div class=\"bg section-bg fill bg-fill  bg-loaded\" >\n\n\t\t\t\n\t\t\t\n\t\t\t\n\n\t\t<\/div>\n\n\t\t\n\n\t\t<div class=\"section-content relative\">\n\t\t\t\n<div class=\"row\"  id=\"row-816129021\">\n\n\t<div id=\"col-1404801932\" class=\"col medium-6 small-12 large-6\"  >\n\t\t\t\t<div class=\"col-inner text-left\"  >\n\t\t\t\n\t\t\t\n\t<div id=\"gap-1142496391\" class=\"gap-element clearfix\" style=\"display:block; height:auto;\">\n\t\t\n<style>\n#gap-1142496391 {\n  padding-top: 70px;\n}\n<\/style>\n\t<\/div>\n\t\n\t\t<\/div>\n\t\t\t\t\t<\/div>\n\n\t\n<\/div>\n<div class=\"row\"  id=\"row-1681781502\">\n\n\t<div id=\"col-1044035174\" class=\"col medium-1 small-12 large-1\"  >\n\t\t\t\t<div class=\"col-inner text-left\"  >\n\t\t\t\n\t\t\t\n\t<div id=\"gap-1004524736\" class=\"gap-element clearfix\" style=\"display:block; height:auto;\">\n\t\t\n<style>\n#gap-1004524736 {\n  padding-top: 55px;\n}\n<\/style>\n\t<\/div>\n\t\n\t\t<\/div>\n\t\t\t\t\t<\/div>\n\n\t\n\n\t<div id=\"col-58259582\" class=\"col medium-5 small-12 large-5\"  >\n\t\t\t\t<div class=\"col-inner text-left\"  >\n\t\t\t\n\t\t\t\n<div class=\"flex_column av-yzv0m-a83822640c6c641f44f065acc7ce1ca9 av_one_half  avia-builder-el-3  el_after_av_heading  el_before_av_one_half  first flex_column_div \">\n<section class=\"av_textblock_section \">\n<div class=\"avia_textblock  \">\n<p style=\"text-align: justify;\"><strong>FRK Advogados h\u00e1 mais de 20 anos congrega os esfor\u00e7os de profissionais com s\u00f3lida e diversificada forma\u00e7\u00e3o jur\u00eddica.<\/strong><\/p>\n<p style=\"text-align: justify;\">Temos por miss\u00e3o ser um canal diferenciado para a solu\u00e7\u00e3o dos problemas de nossos clientes dando prefer\u00eancia a m\u00e9todos que gerem menor disp\u00eandio financeiro e menos desgaste pessoal aos envolvidos.<\/p>\n<\/div>\n<\/section>\n<\/div>\n\t\t<\/div>\n\t\t\t\t\t<\/div>\n\n\t\n\n\t<div id=\"col-1085681285\" class=\"col medium-5 small-12 large-5\"  >\n\t\t\t\t<div class=\"col-inner text-left\"  >\n\t\t\t\n\t\t\t\n<div class=\"flex_column av-yzv0m-a83822640c6c641f44f065acc7ce1ca9 av_one_half  avia-builder-el-3  el_after_av_heading  el_before_av_one_half  first flex_column_div \">\n<section class=\"av_textblock_section \">\n<div class=\"avia_textblock  \">\n<p style=\"text-align: justify;\">Para nossa equipe, o direito n\u00e3o \u00e9 um fim em si mesmo, mas uma ferramenta que, manejada com destreza e sabedoria, pode solucionar os problemas com mais efici\u00eancia e celeridade. <strong>Somos uma equipe de refer\u00eancia em servi\u00e7os jur\u00eddicos de qualidade<\/strong>, que sabe valorizar a capacidade dos clientes de auxiliarem na elabora\u00e7\u00e3o das melhores estrat\u00e9gias para solu\u00e7\u00e3o dos pr\u00f3prios problemas.<\/p>\n<\/div>\n<\/section>\n<\/div>\n\t\t<\/div>\n\t\t\t\t\t<\/div>\n\n\t\n<\/div>\n\t<div id=\"gap-1540326592\" class=\"gap-element clearfix\" style=\"display:block; height:auto;\">\n\t\t\n<style>\n#gap-1540326592 {\n  padding-top: 40px;\n}\n<\/style>\n\t<\/div>\n\t\n<div class=\"row\"  id=\"row-1831994242\">\n\n\t<div id=\"col-1037735552\" class=\"col small-12 large-12\"  >\n\t\t\t\t<div class=\"col-inner\"  >\n\t\t\t\n\t\t\t\n<h2><strong><img loading=\"lazy\" decoding=\"async\" class=\"alignnone wp-image-4033\" src=\"https:\/\/aprovacao.website\/frk\/wp-content\/uploads\/2023\/07\/favico-80x80.png\" alt=\"\" width=\"40\" height=\"40\" srcset=\"https:\/\/aprovacao.website\/frk\/wp-content\/uploads\/2023\/07\/favico-80x80.png 80w, https:\/\/aprovacao.website\/frk\/wp-content\/uploads\/2023\/07\/favico.png 100w\" sizes=\"auto, (max-width: 40px) 100vw, 40px\" \/> <\/strong><strong>S\u00d3CIOS\u00a0<\/strong><\/h2>\n<div class=\"flex_column av-yzv0m-a83822640c6c641f44f065acc7ce1ca9 av_one_half  avia-builder-el-3  el_after_av_heading  el_before_av_one_half  first flex_column_div \">\n<section class=\"av_textblock_section \">\n<div class=\"avia_textblock  \">\n<p style=\"text-align: left;\">\u00a0<\/p>\n<\/div>\n<\/section>\n<\/div>\n\t\t<\/div>\n\t\t\t\t\t<\/div>\n\n\t\n\n\t<div id=\"col-524699579\" class=\"col medium-1 small-12 large-1\"  >\n\t\t\t\t<div class=\"col-inner text-left\"  >\n\t\t\t\n\t\t\t\n\t<div id=\"gap-117680820\" class=\"gap-element clearfix\" style=\"display:block; height:auto;\">\n\t\t\n<style>\n#gap-117680820 {\n  padding-top: 55px;\n}\n<\/style>\n\t<\/div>\n\t\n\t\t<\/div>\n\t\t\t\t\t<\/div>\n\n\t\n\n\t<div id=\"col-1780425966\" class=\"col medium-3 small-12 large-3\"  >\n\t\t\t\t<div class=\"col-inner text-left\"  >\n\t\t\t\n\t\t\t\n\t<div class=\"img has-hover x md-x lg-x y md-y lg-y\" id=\"image_2072155471\">\n\t\t\t\t\t\t\t\t<div class=\"img-inner dark\" >\n\t\t\t<img loading=\"lazy\" decoding=\"async\" width=\"285\" height=\"359\" src=\"https:\/\/aprovacao.website\/frk\/wp-content\/uploads\/2023\/09\/FRK_SOMOSFRK_socio-luiz_sem-mouse-over.jpg\" class=\"attachment-large size-large\" alt=\"\" srcset=\"https:\/\/aprovacao.website\/frk\/wp-content\/uploads\/2023\/09\/FRK_SOMOSFRK_socio-luiz_sem-mouse-over.jpg 285w, https:\/\/aprovacao.website\/frk\/wp-content\/uploads\/2023\/09\/FRK_SOMOSFRK_socio-luiz_sem-mouse-over-238x300.jpg 238w\" sizes=\"auto, (max-width: 285px) 100vw, 285px\" \/>\t\t\t\t\t\t\n\t\t\t\t\t<\/div>\n\t\t\t\t\t\t\t\t\n<style>\n#image_2072155471 {\n  width: 100%;\n}\n<\/style>\n\t<\/div>\n\t\n\t\t<\/div>\n\t\t\t\t\t<\/div>\n\n\t\n\n\t<div id=\"col-1134730842\" class=\"col medium-7 small-12 large-7\"  >\n\t\t\t\t<div class=\"col-inner text-left\"  >\n\t\t\t\n\t\t\t\n<div class=\"flex_column av-yzv0m-a83822640c6c641f44f065acc7ce1ca9 av_one_half  avia-builder-el-3  el_after_av_heading  el_before_av_one_half  first flex_column_div \">\n<section class=\"av_textblock_section \">\n<div class=\"avia_textblock  \">\n<h3><strong>LUIZ CARLOS WAISMAN FLEITLICH<\/strong><\/h3>\n<blockquote>\n<p><span style=\"color: #000080;\">luiz@frkadvogados.com.br<\/span><strong><span style=\"color: #000080;\"><br \/><\/span><\/strong><\/p>\n<\/blockquote>\n<p style=\"text-align: justify;\">\u2022 Gradua\u00e7\u00e3o em Direito pela Faculdade de Direito da Pontif\u00edcia Universidade Cat\u00f3lica de S\u00e3o Paulo (PUC) (1994);<\/p>\n<p style=\"text-align: justify;\">\u2022 Inscrito na Ordem dos Advogados do Brasil, Se\u00e7\u00e3o de S\u00e3o Paulo, sob n\u00ba 131.761;<\/p>\n<p style=\"text-align: justify;\">\u2022 Mediador capacitado pelo Instituto dos Advogados de S\u00e3o Paulo (IASP), com atua\u00e7\u00e3o perante o Centro Judici\u00e1rio de Solu\u00e7\u00e3o de Conflitos do Foro Regional do Butant\u00e3, Capital de S\u00e3o Paulo; e, desenvolve estudos na \u00e1rea de rela\u00e7\u00f5es continuadas com ampla forma\u00e7\u00e3o para a media\u00e7\u00e3o de conflitos na \u00e1rea de fam\u00edlia e empresarial;<\/p>\n<p style=\"text-align: justify;\">\u2022 Diversos cursos de atualiza\u00e7\u00e3o na \u00e1rea jur\u00eddica.<\/p>\n<\/div>\n<\/section>\n<\/div>\n\t\t<\/div>\n\t\t\t\t\t<\/div>\n\n\t\n<\/div>\n\t<div id=\"gap-664028257\" class=\"gap-element clearfix\" style=\"display:block; height:auto;\">\n\t\t\n<style>\n#gap-664028257 {\n  padding-top: 80px;\n}\n<\/style>\n\t<\/div>\n\t\n<div class=\"row\"  id=\"row-1799135049\">\n\n\t<div id=\"col-1195073664\" class=\"col medium-1 small-12 large-1\"  >\n\t\t\t\t<div class=\"col-inner text-left\"  >\n\t\t\t\n\t\t\t\n\t<div id=\"gap-148819413\" class=\"gap-element clearfix\" style=\"display:block; height:auto;\">\n\t\t\n<style>\n#gap-148819413 {\n  padding-top: 55px;\n}\n<\/style>\n\t<\/div>\n\t\n\t\t<\/div>\n\t\t\t\t\t<\/div>\n\n\t\n\n\t<div id=\"col-1318592005\" class=\"col medium-3 small-12 large-3\"  >\n\t\t\t\t<div class=\"col-inner text-left\"  >\n\t\t\t\n\t\t\t\n\t<div class=\"img has-hover x md-x lg-x y md-y lg-y\" id=\"image_367325357\">\n\t\t\t\t\t\t\t\t<div class=\"img-inner dark\" >\n\t\t\t<img loading=\"lazy\" decoding=\"async\" width=\"283\" height=\"359\" src=\"https:\/\/aprovacao.website\/frk\/wp-content\/uploads\/2023\/09\/FRK_HOME_socio-roberto_sem-mouse-over.jpg\" class=\"attachment-large size-large\" alt=\"\" srcset=\"https:\/\/aprovacao.website\/frk\/wp-content\/uploads\/2023\/09\/FRK_HOME_socio-roberto_sem-mouse-over.jpg 283w, https:\/\/aprovacao.website\/frk\/wp-content\/uploads\/2023\/09\/FRK_HOME_socio-roberto_sem-mouse-over-236x300.jpg 236w\" sizes=\"auto, (max-width: 283px) 100vw, 283px\" \/>\t\t\t\t\t\t\n\t\t\t\t\t<\/div>\n\t\t\t\t\t\t\t\t\n<style>\n#image_367325357 {\n  width: 100%;\n}\n<\/style>\n\t<\/div>\n\t\n\t\t<\/div>\n\t\t\t\t\t<\/div>\n\n\t\n\n\t<div id=\"col-1891154513\" class=\"col medium-7 small-12 large-7\"  >\n\t\t\t\t<div class=\"col-inner text-left\"  >\n\t\t\t\n\t\t\t\n<div class=\"flex_column av-yzv0m-a83822640c6c641f44f065acc7ce1ca9 av_one_half  avia-builder-el-3  el_after_av_heading  el_before_av_one_half  first flex_column_div \">\n<section class=\"av_textblock_section \">\n<div class=\"avia_textblock  \">\n<h3><strong>ROBERTO SILVA ROCHA<\/strong><\/h3>\n<blockquote>\n<p><span style=\"color: #000080;\">roberto@frkadvogados.com.br<\/span><strong><span style=\"color: #000080;\"><br \/><\/span><\/strong><\/p>\n<\/blockquote>\n<p style=\"text-align: justify;\">\u2022 Gradua\u00e7\u00e3o em Direito pela Faculdade de Direito da Universidade Mackenzie (1990);<\/p>\n<p style=\"text-align: justify;\">\u2022 Inscrito na Ordem dos Advogados do Brasil, Se\u00e7\u00e3o de S\u00e3o Paulo, sob n\u00ba 114.343;<\/p>\n<p style=\"text-align: justify;\">\u2022 Ampla experi\u00eancia nos campos do direito civil e comercial, assim como na elabora\u00e7\u00e3o de estrat\u00e9gias processuais;<\/p>\n<p style=\"text-align: justify;\">\u2022 Diversos cursos de atualiza\u00e7\u00e3o na \u00e1rea jur\u00eddica.<\/p>\n<\/div>\n<\/section>\n<\/div>\n\t\t<\/div>\n\t\t\t\t\t<\/div>\n\n\t\n<\/div>\n\t<div id=\"gap-1872020615\" class=\"gap-element clearfix\" style=\"display:block; height:auto;\">\n\t\t\n<style>\n#gap-1872020615 {\n  padding-top: 80px;\n}\n<\/style>\n\t<\/div>\n\t\n<div class=\"row\"  id=\"row-1286177979\">\n\n\t<div id=\"col-1993602306\" class=\"col medium-1 small-12 large-1\"  >\n\t\t\t\t<div class=\"col-inner text-left\"  >\n\t\t\t\n\t\t\t\n\t<div id=\"gap-406966938\" class=\"gap-element clearfix\" style=\"display:block; height:auto;\">\n\t\t\n<style>\n#gap-406966938 {\n  padding-top: 55px;\n}\n<\/style>\n\t<\/div>\n\t\n\t\t<\/div>\n\t\t\t\t\t<\/div>\n\n\t\n\n\t<div id=\"col-999851214\" class=\"col medium-3 small-12 large-3\"  >\n\t\t\t\t<div class=\"col-inner text-left\"  >\n\t\t\t\n\t\t\t\n\t<div class=\"img has-hover x md-x lg-x y md-y lg-y\" id=\"image_953956226\">\n\t\t\t\t\t\t\t\t<div class=\"img-inner dark\" >\n\t\t\t<img loading=\"lazy\" decoding=\"async\" width=\"283\" height=\"359\" src=\"https:\/\/aprovacao.website\/frk\/wp-content\/uploads\/2023\/09\/FRK_HOME_socio-antoin_sem-mouse-over.jpg\" class=\"attachment-large size-large\" alt=\"\" srcset=\"https:\/\/aprovacao.website\/frk\/wp-content\/uploads\/2023\/09\/FRK_HOME_socio-antoin_sem-mouse-over.jpg 283w, https:\/\/aprovacao.website\/frk\/wp-content\/uploads\/2023\/09\/FRK_HOME_socio-antoin_sem-mouse-over-236x300.jpg 236w\" sizes=\"auto, (max-width: 283px) 100vw, 283px\" \/>\t\t\t\t\t\t\n\t\t\t\t\t<\/div>\n\t\t\t\t\t\t\t\t\n<style>\n#image_953956226 {\n  width: 100%;\n}\n<\/style>\n\t<\/div>\n\t\n\t\t<\/div>\n\t\t\t\t\t<\/div>\n\n\t\n\n\t<div id=\"col-1061141058\" class=\"col medium-7 small-12 large-7\"  >\n\t\t\t\t<div class=\"col-inner text-left\"  >\n\t\t\t\n\t\t\t\n<div class=\"flex_column av-yzv0m-a83822640c6c641f44f065acc7ce1ca9 av_one_half  avia-builder-el-3  el_after_av_heading  el_before_av_one_half  first flex_column_div \">\n<section class=\"av_textblock_section \">\n<div class=\"avia_textblock  \">\n<h3>ANTOIN ABOU KHALIL<\/h3>\n<blockquote>\n<p><a href=\"mailto:aakhalil@frkadvogados.com.br\"><span style=\"color: #000080;\">aakhalil@frkadvogados.com.br<\/span><\/a><\/p>\n<\/blockquote>\n<div style=\"text-align: justify;\">\u2022 Gradua\u00e7\u00e3o em Direito pela Faculdade de Direito da Universidade de S\u00e3o Paulo (FDUSP) (1993);<\/div>\n<div style=\"text-align: justify;\">\u00a0<\/div>\n<div style=\"text-align: justify;\">\u2022 Inscrito na Ordem dos Advogados do Brasil, Se\u00e7\u00e3o de S\u00e3o Paulo, sob n\u00ba 130.046;<\/div>\n<div style=\"text-align: justify;\">\u00a0<\/div>\n<div style=\"text-align: justify;\">\u2022 Gradua\u00e7\u00e3o em Administra\u00e7\u00e3o de Empresas pela Escola de Administra\u00e7\u00e3o de Empresas de S\u00e3o Paulo, da Funda\u00e7\u00e3o Get\u00falio Vargas (EAESP-FGV) (1990), com concentra\u00e7\u00e3o nas \u00e1reas de Finan\u00e7as e Recursos Humanos;<\/div>\n<div style=\"text-align: justify;\">\u00a0<\/div>\n<div style=\"text-align: justify;\">\u2022 Mestre em Filosofia e Teoria Geral do Direito, pela FDUSP, com trabalho que, aprovado com louvor pela banca, resultou no livro \u201cA personalidade do juiz e a condu\u00e7\u00e3o do processo\u201d, publicado pela LTr Editora (2012);<\/div>\n<div style=\"text-align: justify;\">\u00a0<\/div>\n<div style=\"text-align: justify;\">\u2022 Doutor em Filosofia e Teoria Geral do Direito, pela FDUSP, tese desenvolvida sob perspectiva cr\u00edtica, sob orienta\u00e7\u00e3o do Prof. Dr. Alysson Leandro Mascaro, e que resultou no livro \u201cCr\u00edtica da \u00e9tica na advocacia\u201d, publicado pela Amazon.<\/div>\n<div style=\"text-align: justify;\">\u00a0<\/div>\n<div style=\"text-align: justify;\">\u2022 Mediador capacitado pelo Instituto dos Advogados de S\u00e3o Paulo (IASP), com atua\u00e7\u00e3o perante o Centro Judici\u00e1rio de Solu\u00e7\u00e3o de Conflitos do Foro Regional do Butant\u00e3, Capital de S\u00e3o Paulo.<\/div>\n<div style=\"text-align: justify;\">\u00a0<\/div>\n<\/div>\n<\/section>\n<\/div>\n\t\t<\/div>\n\t\t\t\t\t<\/div>\n\n\t\n<\/div>\n\t<div id=\"gap-1606387795\" class=\"gap-element clearfix\" style=\"display:block; height:auto;\">\n\t\t\n<style>\n#gap-1606387795 {\n  padding-top: 80px;\n}\n<\/style>\n\t<\/div>\n\t\n<div class=\"row\"  id=\"row-795045270\">\n\n\t<div id=\"col-675730440\" class=\"col medium-1 small-12 large-1\"  >\n\t\t\t\t<div class=\"col-inner text-left\"  >\n\t\t\t\n\t\t\t\n\t<div id=\"gap-969569222\" class=\"gap-element clearfix\" style=\"display:block; height:auto;\">\n\t\t\n<style>\n#gap-969569222 {\n  padding-top: 55px;\n}\n<\/style>\n\t<\/div>\n\t\n\t\t<\/div>\n\t\t\t\t\t<\/div>\n\n\t\n\n\t<div id=\"col-1540544090\" class=\"col medium-3 small-12 large-3\"  >\n\t\t\t\t<div class=\"col-inner text-left\"  >\n\t\t\t\n\t\t\t\n\t<div class=\"img has-hover x md-x lg-x y md-y lg-y\" id=\"image_719317995\">\n\t\t\t\t\t\t\t\t<div class=\"img-inner image-grayscale dark\" >\n\t\t\t<img loading=\"lazy\" decoding=\"async\" width=\"283\" height=\"359\" src=\"https:\/\/aprovacao.website\/frk\/wp-content\/uploads\/2023\/10\/FRK_SOMOSFRK_socio-henrique_sem-mouse-over.jpg\" class=\"attachment-large size-large\" alt=\"\" srcset=\"https:\/\/aprovacao.website\/frk\/wp-content\/uploads\/2023\/10\/FRK_SOMOSFRK_socio-henrique_sem-mouse-over.jpg 283w, https:\/\/aprovacao.website\/frk\/wp-content\/uploads\/2023\/10\/FRK_SOMOSFRK_socio-henrique_sem-mouse-over-236x300.jpg 236w\" sizes=\"auto, (max-width: 283px) 100vw, 283px\" \/>\t\t\t\t\t\t\n\t\t\t\t\t<\/div>\n\t\t\t\t\t\t\t\t\n<style>\n#image_719317995 {\n  width: 100%;\n}\n<\/style>\n\t<\/div>\n\t\n\t\t<\/div>\n\t\t\t\t\t<\/div>\n\n\t\n\n\t<div id=\"col-1434321968\" class=\"col medium-7 small-12 large-7\"  >\n\t\t\t\t<div class=\"col-inner text-left\"  >\n\t\t\t\n\t\t\t\n<div class=\"flex_column av-yzv0m-a83822640c6c641f44f065acc7ce1ca9 av_one_half  avia-builder-el-3  el_after_av_heading  el_before_av_one_half  first flex_column_div \">\n<section class=\"av_textblock_section \">\n<div class=\"avia_textblock  \">\n<h3>HENRIQUE GON\u00c7ALVES VIEIRA PINTO<\/h3>\n<blockquote>\n<p><a href=\"mailto:henrique@frkadvogados.com.br\">henrique@frkadvogados.com.br<\/a><\/p>\n<\/blockquote>\n<div>\n<div style=\"text-align: justify;\">\u2022 Gradua\u00e7\u00e3o em Direito pela Centro Universit\u00e1rio das Faculdades Metropolitanas Unidas \u2013 FMU (2015);<\/div>\n<div style=\"text-align: justify;\">\u00a0<\/div>\n<div style=\"text-align: justify;\">\u2022 Inscrito na Ordem dos Advogados do Brasil, Se\u00e7\u00e3o de S\u00e3o Paulo, sob n\u00ba 376.355;<\/div>\n<div style=\"text-align: justify;\">\u00a0<\/div>\n<div style=\"text-align: justify;\">\u2022 P\u00f3s-graduado em Direito Empresarial pela FMU (2017)<\/div>\n<div style=\"text-align: justify;\">\u00a0<\/div>\n<div style=\"text-align: justify;\">\u2022 Experi\u00eancia em Processo Civil; atua com predile\u00e7\u00e3o nas \u00e1reas de direito empresarial, contratual, imobili\u00e1rio e responsabilidade civil;<\/div>\n<div style=\"text-align: justify;\">\u00a0<\/div>\n<div style=\"text-align: justify;\">\u2022 Diversos cursos de atualiza\u00e7\u00e3o na \u00e1rea jur\u00eddica.<\/div>\n<div style=\"text-align: justify;\">\u00a0<\/div>\n<\/div>\n<\/div>\n<\/section>\n<\/div>\n\t\t<\/div>\n\t\t\t\t\t<\/div>\n\n\t\n<\/div>\n\t\t<\/div>\n\n\t\t\n<style>\n#section_176635270 {\n  padding-top: 0px;\n  padding-bottom: 0px;\n}\n#section_176635270 .ux-shape-divider--top svg {\n  height: 150px;\n  --divider-top-width: 100%;\n}\n#section_176635270 .ux-shape-divider--bottom svg {\n  height: 150px;\n  --divider-width: 100%;\n}\n<\/style>\n\t<\/section>\n\t\n","protected":false},"excerpt":{"rendered":"","protected":false},"author":13,"featured_media":0,"parent":0,"menu_order":0,"comment_status":"closed","ping_status":"closed","template":"page-blank.php","meta":{"footnotes":""},"class_list":["post-289","page","type-page","status-publish","hentry"],"_links":{"self":[{"href":"https:\/\/aprovacao.website\/frk\/wp-json\/wp\/v2\/pages\/289","targetHints":{"allow":["GET"]}}],"collection":[{"href":"https:\/\/aprovacao.website\/frk\/wp-json\/wp\/v2\/pages"}],"about":[{"href":"https:\/\/aprovacao.website\/frk\/wp-json\/wp\/v2\/types\/page"}],"author":[{"embeddable":true,"href":"https:\/\/aprovacao.website\/frk\/wp-json\/wp\/v2\/users\/13"}],"replies":[{"embeddable":true,"href":"https:\/\/aprovacao.website\/frk\/wp-json\/wp\/v2\/comments?post=289"}],"version-history":[{"count":29,"href":"https:\/\/aprovacao.website\/frk\/wp-json\/wp\/v2\/pages\/289\/revisions"}],"predecessor-version":[{"id":4218,"href":"https:\/\/aprovacao.website\/frk\/wp-json\/wp\/v2\/pages\/289\/revisions\/4218"}],"wp:attachment":[{"href":"https:\/\/aprovacao.website\/frk\/wp-json\/wp\/v2\/media?parent=289"}],"curies":[{"name":"wp","href":"https:\/\/api.w.org\/{rel}","templated":true}]}}