{"id":154,"date":"2015-07-16T09:12:44","date_gmt":"2015-07-16T12:12:44","guid":{"rendered":"http:\/\/test.kriesi.at\/minimal-portfolio\/?page_id=154"},"modified":"2023-07-20T18:09:45","modified_gmt":"2023-07-20T21:09:45","slug":"eventos","status":"publish","type":"page","link":"https:\/\/aprovacao.website\/frk\/eventos\/","title":{"rendered":"Eventos"},"content":{"rendered":"  <div id=\"page-header-1928919332\" class=\"page-header-wrapper\">\n  <div class=\"page-title dark featured-title\">\n\n    \n    <div class=\"page-title-inner container align-center flex-row medium-flex-wrap\" >\n              <div class=\"title-wrapper uppercase flex-col text-left medium-text-center\">\n          <h1 class=\"entry-title mb-0\">\n            Eventos - Webinar          <\/h1>\n        <\/div>\n                    <div class=\"title-content flex-col flex-right text-right medium-text-center\">\n        <div class=\"title-breadcrumbs pb-half pt-half\"><\/div>      <\/div>\n    <\/div>\n\n       <\/div>\n    <\/div>\n  \n\t<section class=\"section\" id=\"section_1941775493\">\n\t\t<div class=\"bg section-bg fill bg-fill  bg-loaded\" >\n\n\t\t\t\n\t\t\t\n\t\t\t\n\n\t\t<\/div>\n\n\t\t\n\n\t\t<div class=\"section-content relative\">\n\t\t\t\n<div class=\"row\"  id=\"row-2083843524\">\n\n\t<div id=\"col-123922250\" class=\"col small-12 large-12\"  >\n\t\t\t\t<div class=\"col-inner\"  >\n\t\t\t\n\t\t\t\n<div class=\"accordion\" rel=\"\">\n<div class=\"accordion-item\"><a href=\"#\" class=\"accordion-title plain\"><button class=\"toggle\"><i class=\"icon-angle-down\"><\/i><\/button><span>12\u00ba Webinar \u2013 Qual a rela\u00e7\u00e3o entre invent\u00e1rio e seguro de vida?<\/span><\/a><div class=\"accordion-inner\">\n<p>A pessoa falece e deixa patrim\u00f4nio. Seus herdeiros estar\u00e3o amparados, certo? Nem sempre! H\u00e1 situa\u00e7\u00f5es em que existem muitos bens, mas pouco dinheiro para arcar com a manuten\u00e7\u00e3o deles (por exemplo, im\u00f3veis em que h\u00e1 incid\u00eancia de condom\u00ednio e\/ou IPTU), ou ainda com os impostos necess\u00e1rios para fazer o invent\u00e1rio.<\/p>\n<p>Um pouco de informa\u00e7\u00e3o e planejamento podem ajudar a evitar esse tipo de &#8220;armadilha&#8221;. E o seguro de vida \u00e9 uma \u00f3tima ferramenta para isso. Sabia que o seguro de vida pode gerar economia de at\u00e9 30% ou mais no invent\u00e1rio? \u00c9 o que voc\u00ea vai saber neste webinar, conduzido pelo s\u00f3cio do FRK Advogados, Antoin Abou Khalil, em conjunto com Mariana Forcione, especialista em seguro de vida.<\/p>\n<div class=\"video video-fit mb\" style=\"padding-top:56.25%;\"><p><iframe loading=\"lazy\" title=\"Webinar FRK Explica: Qual a rela\u00e7\u00e3o entre invent\u00e1rio e seguro de vida?\" width=\"1020\" height=\"574\" src=\"https:\/\/www.youtube.com\/embed\/-Ktbkc2Opfk?feature=oembed\" frameborder=\"0\" allow=\"accelerometer; autoplay; clipboard-write; encrypted-media; gyroscope; picture-in-picture; web-share\" allowfullscreen><\/iframe><\/p>\n<\/div>\n<\/div><\/div>\n<div class=\"accordion-item\"><a href=\"#\" class=\"accordion-title plain\"><button class=\"toggle\"><i class=\"icon-angle-down\"><\/i><\/button><span>11\u00ba Webinar \u2013 O que fazer quando algu\u00e9m perde a capacidade de cuidar de si e de seu patrim\u00f4nio?<\/span><\/a><div class=\"accordion-inner\">\n<p>A pessoa falece e deixa patrim\u00f4nio. Seus herdeiros estar\u00e3o amparados, certo? Nem sempre! H\u00e1 situa\u00e7\u00f5es em que existem muitos bens, mas pouco dinheiro para arcar com a manuten\u00e7\u00e3o deles (por exemplo, im\u00f3veis em que h\u00e1 incid\u00eancia de condom\u00ednio e\/ou IPTU), ou ainda com os impostos necess\u00e1rios para fazer o invent\u00e1rio.<\/p>\n<p>Um pouco de informa\u00e7\u00e3o e planejamento podem ajudar a evitar esse tipo de &#8220;armadilha&#8221;. E o seguro de vida \u00e9 uma \u00f3tima ferramenta para isso. Sabia que o seguro de vida pode gerar economia de at\u00e9 30% ou mais no invent\u00e1rio? \u00c9 o que voc\u00ea vai saber neste webinar, conduzido pelo s\u00f3cio do FRK Advogados, Antoin Abou Khalil, em conjunto com Mariana Forcione, especialista em seguro de vida.<\/p>\n<div class=\"video video-fit mb\" style=\"padding-top:56.25%;\"><p><iframe loading=\"lazy\" title=\"Webinar FRK Explica: Qual a rela\u00e7\u00e3o entre invent\u00e1rio e seguro de vida?\" width=\"1020\" height=\"574\" src=\"https:\/\/www.youtube.com\/embed\/-Ktbkc2Opfk?feature=oembed\" frameborder=\"0\" allow=\"accelerometer; autoplay; clipboard-write; encrypted-media; gyroscope; picture-in-picture; web-share\" allowfullscreen><\/iframe><\/p>\n<\/div>\n<\/div><\/div>\n<div class=\"accordion-item\"><a href=\"#\" class=\"accordion-title plain\"><button class=\"toggle\"><i class=\"icon-angle-down\"><\/i><\/button><span>10\u00ba Webinar \u2013 Uni\u00e3o est\u00e1vel: 5 coisas que voc\u00ea n\u00e3o pode deixar de saber.<\/span><\/a><div class=\"accordion-inner\">\n<p>A pessoa falece e deixa patrim\u00f4nio. Seus herdeiros estar\u00e3o amparados, certo? Nem sempre! H\u00e1 situa\u00e7\u00f5es em que existem muitos bens, mas pouco dinheiro para arcar com a manuten\u00e7\u00e3o deles (por exemplo, im\u00f3veis em que h\u00e1 incid\u00eancia de condom\u00ednio e\/ou IPTU), ou ainda com os impostos necess\u00e1rios para fazer o invent\u00e1rio.<\/p>\n<p>Um pouco de informa\u00e7\u00e3o e planejamento podem ajudar a evitar esse tipo de &#8220;armadilha&#8221;. E o seguro de vida \u00e9 uma \u00f3tima ferramenta para isso. Sabia que o seguro de vida pode gerar economia de at\u00e9 30% ou mais no invent\u00e1rio? \u00c9 o que voc\u00ea vai saber neste webinar, conduzido pelo s\u00f3cio do FRK Advogados, Antoin Abou Khalil, em conjunto com Mariana Forcione, especialista em seguro de vida.<\/p>\n<div class=\"video video-fit mb\" style=\"padding-top:56.25%;\"><p><iframe loading=\"lazy\" title=\"Webinar FRK Explica: Qual a rela\u00e7\u00e3o entre invent\u00e1rio e seguro de vida?\" width=\"1020\" height=\"574\" src=\"https:\/\/www.youtube.com\/embed\/-Ktbkc2Opfk?feature=oembed\" frameborder=\"0\" allow=\"accelerometer; autoplay; clipboard-write; encrypted-media; gyroscope; picture-in-picture; web-share\" allowfullscreen><\/iframe><\/p>\n<\/div>\n<\/div><\/div>\n<\/div>\n\t\t<\/div>\n\t\t\t\t\t<\/div>\n\n\t\n<\/div>\n\t\t<\/div>\n\n\t\t\n<style>\n#section_1941775493 {\n  padding-top: 30px;\n  padding-bottom: 30px;\n}\n#section_1941775493 .ux-shape-divider--top svg {\n  height: 150px;\n  --divider-top-width: 100%;\n}\n#section_1941775493 .ux-shape-divider--bottom svg {\n  height: 150px;\n  --divider-width: 100%;\n}\n<\/style>\n\t<\/section>\n\t\n","protected":false},"excerpt":{"rendered":"","protected":false},"author":12,"featured_media":0,"parent":0,"menu_order":0,"comment_status":"closed","ping_status":"closed","template":"page-blank.php","meta":{"footnotes":""},"class_list":["post-154","page","type-page","status-publish","hentry"],"_links":{"self":[{"href":"https:\/\/aprovacao.website\/frk\/wp-json\/wp\/v2\/pages\/154","targetHints":{"allow":["GET"]}}],"collection":[{"href":"https:\/\/aprovacao.website\/frk\/wp-json\/wp\/v2\/pages"}],"about":[{"href":"https:\/\/aprovacao.website\/frk\/wp-json\/wp\/v2\/types\/page"}],"author":[{"embeddable":true,"href":"https:\/\/aprovacao.website\/frk\/wp-json\/wp\/v2\/users\/12"}],"replies":[{"embeddable":true,"href":"https:\/\/aprovacao.website\/frk\/wp-json\/wp\/v2\/comments?post=154"}],"version-history":[{"count":15,"href":"https:\/\/aprovacao.website\/frk\/wp-json\/wp\/v2\/pages\/154\/revisions"}],"predecessor-version":[{"id":4055,"href":"https:\/\/aprovacao.website\/frk\/wp-json\/wp\/v2\/pages\/154\/revisions\/4055"}],"wp:attachment":[{"href":"https:\/\/aprovacao.website\/frk\/wp-json\/wp\/v2\/media?parent=154"}],"curies":[{"name":"wp","href":"https:\/\/api.w.org\/{rel}","templated":true}]}}