{"id":9047,"date":"2013-08-11T19:06:15","date_gmt":"2013-08-11T19:06:15","guid":{"rendered":"http:\/\/localhost:8888\/test\/?page_id=520"},"modified":"2026-03-10T17:25:00","modified_gmt":"2026-03-10T20:25:00","slug":"sobre-fabricio-soler","status":"publish","type":"page","link":"https:\/\/aprovacao.website\/fabriciosoler\/sobre-fabricio-soler\/","title":{"rendered":"Sobre"},"content":{"rendered":"\n\n  <div class=\"banner has-hover\" id=\"banner-471671562\">\n          <div class=\"banner-inner fill\">\n        <div class=\"banner-bg fill\" >\n            <div class=\"bg fill bg-fill \"><\/div>\n                                    \n                    <\/div>\n        <div class=\"banner-layers container\">\n            <div class=\"fill banner-link\"><\/div>            \n\n   <div id=\"text-box-1573633848\" class=\"text-box banner-layer x50 md-x50 lg-x50 y90 md-y90 lg-y90 res-text\">\n                                <div class=\"text dark\">\n              \n              <div class=\"text-inner text-center\">\n                  \n\n<h2 class=\"lead\">SOBRE<\/h2>\n<p><br \/><span style=\"font-size: 130%;\">Advogado, Professor e Parecerista<\/span><\/p>\n<p class=\"lead\">Direito dos Res\u00edduos e Direito Ambiental<\/p>\n\n              <\/div>\n           <\/div>\n                            \n<style scope=\"scope\">\n\n#text-box-1573633848 {\n  width: 60%;\n}\n#text-box-1573633848 .text {\n  font-size: 100%;\n}\n<\/style>\n    <\/div>\n \n\n        <\/div>\n      <\/div>\n\n            \n<style scope=\"scope\">\n\n#banner-471671562 {\n  padding-top: 420px;\n  background-color: #1c1c1c;\n}\n<\/style>\n  <\/div>\n\n\n<div class=\"row\"  id=\"row-1949667238\">\n\n\n\t<div class=\"col medium-4 small-12 large-4\"  >\n\t\t<div class=\"col-inner\"  >\n\t\t\t\n\t<div class=\"is-border\"\n\t\tstyle=\"border-color:rgb(151, 230, 18);border-width:1px 1px 1px 1;\">\n\t<\/div>\n\t\t\t\n\n    <div class=\"box has-hover has-hover box-text-bottom\" >\n\n                  <div class=\"box-image \" style=\"width:80%;\">\n           <div class=\"box-image-inner image-cover\" style=\"border-radius:100%;padding-top:100%;\">\n              <img loading=\"lazy\" decoding=\"async\" width=\"1600\" height=\"1200\" src=\"https:\/\/aprovacao.website\/fabriciosoler\/wp-content\/uploads\/2025\/12\/WhatsApp-Image-2025-12-08-at-18.04.17.jpeg\" class=\"attachment- size-\" alt=\"\" srcset=\"https:\/\/aprovacao.website\/fabriciosoler\/wp-content\/uploads\/2025\/12\/WhatsApp-Image-2025-12-08-at-18.04.17.jpeg 1600w, https:\/\/aprovacao.website\/fabriciosoler\/wp-content\/uploads\/2025\/12\/WhatsApp-Image-2025-12-08-at-18.04.17-533x400.jpeg 533w, https:\/\/aprovacao.website\/fabriciosoler\/wp-content\/uploads\/2025\/12\/WhatsApp-Image-2025-12-08-at-18.04.17-1067x800.jpeg 1067w, https:\/\/aprovacao.website\/fabriciosoler\/wp-content\/uploads\/2025\/12\/WhatsApp-Image-2025-12-08-at-18.04.17-768x576.jpeg 768w, https:\/\/aprovacao.website\/fabriciosoler\/wp-content\/uploads\/2025\/12\/WhatsApp-Image-2025-12-08-at-18.04.17-1536x1152.jpeg 1536w\" sizes=\"auto, (max-width: 1600px) 100vw, 1600px\" \/>                         <\/div>\n          <\/div>\n         \n          <div class=\"box-text text-center\" >\n                <div class=\"box-text-inner\">\n                  <h4 class=\"uppercase\">\n                    <span class=\"person-name\">Fabricio Soler<\/span><br\/>\n                    <span class=\"person-title is-small thin-font op-7\">\n                      Advogado                    <\/span>\n                  <\/h4>\n                 <div class=\"social-icons follow-icons\" ><a href=\"fabricio_soler\" target=\"_blank\" rel=\"noopener noreferrer nofollow\" data-label=\"Instagram\" class=\"icon button circle is-outline  instagram tooltip\" title=\"Follow on Instagram\"><i class=\"icon-instagram\" ><\/i><\/a><a href=\"mailto:contato@fabriciosoler.com.br\" data-label=\"E-mail\"  rel=\"nofollow\" class=\"icon button circle is-outline  email tooltip\" title=\"Envie-nos um email\"><i class=\"icon-envelop\" ><\/i><\/a><a href=\"https:\/\/www.linkedin.com\/in\/fabriciosoler\/\" target=\"_blank\" rel=\"noopener noreferrer nofollow\" data-label=\"LinkedIn\" class=\"icon button circle is-outline  linkedin tooltip\" title=\"Follow on LinkedIn\"><i class=\"icon-linkedin\" ><\/i><\/a><a href=\"https:\/\/www.youtube.com\/@FabricioSolerVideos\" target=\"_blank\" rel=\"noopener noreferrer nofollow\" data-label=\"YouTube\" class=\"icon button circle is-outline  youtube tooltip\" title=\"Follow on YouTube\"><i class=\"icon-youtube\" ><\/i><\/a><\/div>                 \n\n\t<div id=\"gap-455799442\" class=\"gap-element clearfix\" style=\"display:block; height:auto;\">\n\t\t\n<style scope=\"scope\">\n\n#gap-455799442 {\n  padding-top: 30px;\n}\n<\/style>\n\t<\/div>\n\t\n\n<section id=\"recognition\" class=\"section-padding bg-card\">\n<div class=\"max-w-6xl mx-auto\">\n<div class=\"mb-8\">\n<p class=\"text-sm font-sans tracking-&#091;0.3em&#093; uppercase text-primary mb-4\" style=\"text-align: left;\">Forma\u00e7\u00e3o Acad\u00eamica<\/p>\n<p>\u00a0<\/p>\n<\/div>\n<\/div>\n<\/section>\n<section id=\"publications\" class=\"section-padding\">\n<div class=\"max-w-6xl mx-auto\">\n<div class=\"mb-16\" style=\"text-align: left;\">\n<div class=\"space-y-4\">\n<div class=\"flex items-start gap-3 p-4 bg-card border border-border hover:border-primary\/20 transition-colors duration-300\">\n<ul>\n<li class=\"font-sans text-sm text-secondary-foreground\">MBA Executivo em ESG \u2014 IBMEC<\/li>\n<li class=\"font-sans text-sm text-secondary-foreground\">P\u00f3s-gradua\u00e7\u00e3o em Direito Ambiental \u2014 PUC-SP e PUC-RS<\/li>\n<li class=\"font-sans text-sm text-secondary-foreground\">Engenharia de Embalagem e Gest\u00e3o de Opera\u00e7\u00f5es \u2014 Mau\u00e1<\/li>\n<li class=\"font-sans text-sm text-secondary-foreground\">MBA Compliance e Governan\u00e7a Corporativa \u2014 UFSCar<\/li>\n<li class=\"font-sans text-sm text-secondary-foreground\">Coordenador de cursos executivos em Gest\u00e3o e Direito dos Res\u00edduos e Mercado e Regula\u00e7\u00e3o de Carbono<\/li>\n<\/ul>\n<\/div>\n<\/div>\n<\/div>\n<\/div>\n<\/section>\n\n                <\/div>\n          <\/div>\n    <\/div>\n\n    \n    \n\n\t\t<\/div>\n\t<\/div>\n\n\t\n\n\t<div class=\"col medium-8 small-12 large-8\"  >\n\t\t<div class=\"col-inner\"  >\n\t\t\t\n\t\t\t\n\n<h2 class=\"lead text-center\" style=\"text-align: left;\">Advogado e Parecerista especialista em Direito dos Res\u00edduos, Direito Ambiental, Saneamento e Infra<\/h2>\n<p>Instagram <a href=\"https:\/\/instagram.com\/fabricio_soler\">@fabricio_soler<\/a><\/p>\n<p>Profissional com not\u00f3ria atua\u00e7\u00e3o com Pol\u00edtica Nacional de Res\u00edduos S\u00f3lidos, Marco Regulat\u00f3rio do Saneamento B\u00e1sico e Direito Ambiental;<\/p>\n<p>Consultor da ONU Habitat, ONU para o Desenvolvimento Industrial e da Confedera\u00e7\u00e3o Nacional da Ind\u00fastria para estudos em res\u00edduos, log\u00edstica reversa e economia circular, do The Circular Plastics in the Americas Program, tendo participado de projetos junto ao Banco Internacional para Desenvolvimento e ao Banco Mundial;<\/p>\n<p>Doutor em Direito Ambiental Internacional, mestre em Direito Ambiental pela PUC\/SP, MBA em Infraestrutura pela FGV, especialista em Gest\u00e3o e Neg\u00f3cios do Setor Energ\u00e9tico pela USP e p\u00f3s-graduado em Gest\u00e3o Ambiental tamb\u00e9m pela USP;<\/p>\n<p>Indicado por prestigiosas publica\u00e7\u00f5es internacionais (Chambers and Partners, Leaders League, Latin Lawyer, The Legal 500 e Who&#8217;s Who Legal), e pela Revista An\u00e1lise Advocacia como advogado admirado na \u00e1rea de Direito Ambiental;<\/p>\n<p>Coordenador dos cursos Gest\u00e3o e Direito dos Res\u00edduos e Economia Circular da ABNT, e professor da disciplina Direito dos Res\u00edduos em cursos de p\u00f3s-gradua\u00e7\u00e3o em Direito Ambiental da PUC\/SP, PUC\/RS, MBA em ESG do IBMEC entre outros;<\/p>\n<p>Participante de sess\u00f5es do Comit\u00ea Intergovernamental de Negocia\u00e7\u00e3o da ONU (UNEP) para desenvolver um instrumento internacional juridicamente vinculante de combate \u00e0 polui\u00e7\u00e3o pl\u00e1stica;<\/p>\n<p>Diretor da Divis\u00e3o de Saneamento B\u00e1sico da FIESP, Conselheiro da Rede Empresarial Brasileira de Avalia\u00e7\u00e3o de Ciclo de Vida, Conselheiro do Pacto Global da ONU, membro da Associa\u00e7\u00e3o de Professores de Direito Ambiental do Brasil e da Uni\u00e3o Brasileira de Advogados Ambientalistas;<\/p>\n<p>Autor da Cole\u00e7\u00e3o &#8220;Direito dos Res\u00edduos&#8221; com as obras Lei de Incentivo \u00e0 Reciclagem, Sistemas de Log\u00edstica Reversa de Embalagens em Geral, Jurisprud\u00eancia e Regula\u00e7\u00e3o dos Servi\u00e7os P\u00fablicos de Limpeza Urbana e Manejo de Res\u00edduos S\u00f3lidos; organizador do C\u00f3digo dos Res\u00edduos; coautor do livro Gest\u00e3o de Res\u00edduos S\u00f3lidos, o que diz a lei; e de v\u00e1rios cap\u00edtulos de obras especializadas em Direito Ambiental, Direito dos Res\u00edduos e Compliance Ambiental;<\/p>\n<p>Plataforma Lattes &#8211; <a href=\"http:\/\/lattes.cnpq.br\/7897495151691288\">http:\/\/lattes.cnpq.br\/7897495151691288<\/a><\/p>\n\n\t\t<\/div>\n\t<\/div>\n\n\t\n\n<\/div>\n<div class=\"row\"  id=\"row-175109817\">\n\n\n\t<div class=\"col small-12 large-12\"  >\n\t\t<div class=\"col-inner\"  >\n\t\t\t\n\t\t\t\n\n<div class=\"text-center\"><div class=\"is-divider divider clearfix\" ><\/div><\/div>\n\n\n\t\t<\/div>\n\t<\/div>\n\n\t\n\n<\/div>\n\n","protected":false},"excerpt":{"rendered":"","protected":false},"author":1,"featured_media":8955,"parent":0,"menu_order":0,"comment_status":"closed","ping_status":"closed","template":"page-transparent-header-light.php","meta":{"footnotes":""},"class_list":["post-9047","page","type-page","status-publish","has-post-thumbnail","hentry"],"_links":{"self":[{"href":"https:\/\/aprovacao.website\/fabriciosoler\/wp-json\/wp\/v2\/pages\/9047","targetHints":{"allow":["GET"]}}],"collection":[{"href":"https:\/\/aprovacao.website\/fabriciosoler\/wp-json\/wp\/v2\/pages"}],"about":[{"href":"https:\/\/aprovacao.website\/fabriciosoler\/wp-json\/wp\/v2\/types\/page"}],"author":[{"embeddable":true,"href":"https:\/\/aprovacao.website\/fabriciosoler\/wp-json\/wp\/v2\/users\/1"}],"replies":[{"embeddable":true,"href":"https:\/\/aprovacao.website\/fabriciosoler\/wp-json\/wp\/v2\/comments?post=9047"}],"version-history":[{"count":12,"href":"https:\/\/aprovacao.website\/fabriciosoler\/wp-json\/wp\/v2\/pages\/9047\/revisions"}],"predecessor-version":[{"id":9635,"href":"https:\/\/aprovacao.website\/fabriciosoler\/wp-json\/wp\/v2\/pages\/9047\/revisions\/9635"}],"wp:featuredmedia":[{"embeddable":true,"href":"https:\/\/aprovacao.website\/fabriciosoler\/wp-json\/wp\/v2\/media\/8955"}],"wp:attachment":[{"href":"https:\/\/aprovacao.website\/fabriciosoler\/wp-json\/wp\/v2\/media?parent=9047"}],"curies":[{"name":"wp","href":"https:\/\/api.w.org\/{rel}","templated":true}]}}