{"id":648,"date":"2013-08-11T19:22:53","date_gmt":"2013-08-11T19:22:53","guid":{"rendered":"http:\/\/localhost:8888\/test\/?page_id=532"},"modified":"2024-12-11T17:55:40","modified_gmt":"2024-12-11T20:55:40","slug":"contato","status":"publish","type":"page","link":"https:\/\/aprovacao.website\/cvale\/contato\/","title":{"rendered":"Contato"},"content":{"rendered":"\t<section class=\"section has-parallax\" id=\"section_1838592043\">\n\t\t<div class=\"bg section-bg fill bg-fill  \" data-parallax-container=\".section\" data-parallax-background data-parallax=\"-4\">\n\n\t\t\t\n\t\t\t\n\t\t\t\n\n\t\t<\/div>\n\n\t\t\n\n\t\t<div class=\"section-content relative\">\n\t\t\t\n\t\t<\/div>\n\n\t\t\n<style>\n#section_1838592043 {\n  padding-top: 30px;\n  padding-bottom: 30px;\n}\n#section_1838592043 .section-bg.bg-loaded {\n  background-image: url(https:\/\/aprovacao.website\/cvale\/wp-content\/uploads\/2024\/12\/Cvale-topseg.jpg);\n}\n<\/style>\n\t<\/section>\n\t\n<div class=\"row\"  id=\"row-684582870\">\n\n\t<div id=\"col-771330676\" class=\"col medium-6 large-6\"  >\n\t\t\t\t<div class=\"col-inner\"  >\n\t\t\t\n\t\t\t\n<div class=\"container section-title-container\" ><h3 class=\"section-title section-title-normal\"><b><\/b><span class=\"section-title-main\" >FAQ<\/span><b><\/b><\/h3><\/div>\n<p class=\"lead\">Leia nossa FAQ. Sua resposta pode estar aqui.<\/p>\n<div class=\"accordion\">\n\t<div id=\"accordion-2714104889\" class=\"accordion-item\">\n\t\t<a id=\"accordion-2714104889-label\" class=\"accordion-title plain\" href=\"#accordion-item-quais_as_vantagens_de_aderir_ao_seg_top_2025?\" aria-expanded=\"false\" aria-controls=\"accordion-2714104889-content\" >\n\t\t\t<button class=\"toggle\" aria-label=\"Toggle\"><i class=\"icon-angle-down\"><\/i><\/button>\n\t\t\t<span>Quais as vantagens de aderir ao Seg TOP 2025?<\/span>\n\t\t<\/a>\n\t\t<div id=\"accordion-2714104889-content\" class=\"accordion-inner\" aria-labelledby=\"accordion-2714104889-label\" >\n\t\t\t\n<p>O <strong>SEG TOP \u2013 2025<\/strong> \u00e9 um programa de gest\u00e3o de seguran\u00e7a e sa\u00fade ocupacional da C.Vale, abrangendo todas as suas unidades. Ao aderir a Unidade est\u00e1 mostrando que contribui para a excel\u00eancia em seguran\u00e7a para todos.<\/p>\n\t\t<\/div>\n\t<\/div>\n\t\n\t<div id=\"accordion-1902474021\" class=\"accordion-item\">\n\t\t<a id=\"accordion-1902474021-label\" class=\"accordion-title plain\" href=\"#accordion-item-como_o_programa_\u00e9_desempenhado?\" aria-expanded=\"false\" aria-controls=\"accordion-1902474021-content\" >\n\t\t\t<button class=\"toggle\" aria-label=\"Toggle\"><i class=\"icon-angle-down\"><\/i><\/button>\n\t\t\t<span>Como o Programa \u00e9 desempenhado?<\/span>\n\t\t<\/a>\n\t\t<div id=\"accordion-1902474021-content\" class=\"accordion-inner\" aria-labelledby=\"accordion-1902474021-label\" >\n\t\t\t\n<p>Atrav\u00e9s de educa\u00e7\u00e3o, conscientiza\u00e7\u00e3o e cont\u00ednua melhoria, aderindo \u00a7as auditorias educativas e demais recursos dispon\u00edveis no regulamento.<\/p>\n\t\t<\/div>\n\t<\/div>\n\t\n\t<div id=\"accordion-79250289\" class=\"accordion-item\">\n\t\t<a id=\"accordion-79250289-label\" class=\"accordion-title plain\" href=\"#accordion-item-o_que_preciso_fazer_para_ser_certificado?\" aria-expanded=\"false\" aria-controls=\"accordion-79250289-content\" >\n\t\t\t<button class=\"toggle\" aria-label=\"Toggle\"><i class=\"icon-angle-down\"><\/i><\/button>\n\t\t\t<span>O que preciso fazer para ser certificado?<\/span>\n\t\t<\/a>\n\t\t<div id=\"accordion-79250289-content\" class=\"accordion-inner\" aria-labelledby=\"accordion-79250289-label\" >\n\t\t\t\n<p>\u00c9 necess\u00e1rio estudar os \u00edtens do e-book, aplic\u00e1-los e submeter\u00a0 a unidade a uma auditoria guiada que dependendo do resultado, certifica a unidade com os n\u00edveis determinados pelo programa.<\/p>\n\t\t<\/div>\n\t<\/div>\n\t\n<\/div>\n\t\t<\/div>\n\t\t\t\t\t<\/div>\n\n\t\n\n\t<div id=\"col-810394593\" class=\"col medium-6 large-6\"  >\n\t\t\t\t<div class=\"col-inner\"  >\n\t\t\t\n\t\t\t\n<div class=\"container section-title-container\" ><h3 class=\"section-title section-title-normal\"><b><\/b><span class=\"section-title-main\" >Consultas por e-mail<\/span><b><\/b><\/h3><\/div>\n\n<div class=\"wpcf7 no-js\" id=\"wpcf7-f571-o1\" lang=\"en-US\" dir=\"ltr\" data-wpcf7-id=\"571\">\n<div class=\"screen-reader-response\"><p role=\"status\" aria-live=\"polite\" aria-atomic=\"true\"><\/p> <ul><\/ul><\/div>\n<form action=\"\/cvale\/wp-json\/wp\/v2\/pages\/648#wpcf7-f571-o1\" method=\"post\" class=\"wpcf7-form init\" aria-label=\"Contact form\" novalidate=\"novalidate\" data-status=\"init\">\n<div style=\"display: none;\">\n<input type=\"hidden\" name=\"_wpcf7\" value=\"571\" \/>\n<input type=\"hidden\" name=\"_wpcf7_version\" value=\"6.0.6\" \/>\n<input type=\"hidden\" name=\"_wpcf7_locale\" value=\"en_US\" \/>\n<input type=\"hidden\" name=\"_wpcf7_unit_tag\" value=\"wpcf7-f571-o1\" \/>\n<input type=\"hidden\" name=\"_wpcf7_container_post\" value=\"0\" \/>\n<input type=\"hidden\" name=\"_wpcf7_posted_data_hash\" value=\"\" \/>\n<\/div>\n<p><label>Nome (*)<\/label><br \/>\n<span class=\"wpcf7-form-control-wrap\" data-name=\"your-name\"><input size=\"40\" maxlength=\"400\" class=\"wpcf7-form-control wpcf7-text wpcf7-validates-as-required\" aria-required=\"true\" aria-invalid=\"false\" value=\"\" type=\"text\" name=\"your-name\" \/><\/span>\n<\/p>\n<p><label>Email (*)<\/label><br \/>\n<span class=\"wpcf7-form-control-wrap\" data-name=\"your-email\"><input size=\"40\" maxlength=\"400\" class=\"wpcf7-form-control wpcf7-email wpcf7-validates-as-required wpcf7-text wpcf7-validates-as-email\" aria-required=\"true\" aria-invalid=\"false\" value=\"\" type=\"email\" name=\"your-email\" \/><\/span>\n<\/p>\n<p><label>Telefone com Whatsapp (*)<\/label><br \/>\n<span class=\"wpcf7-form-control-wrap\" data-name=\"tel-587\"><input size=\"40\" maxlength=\"400\" class=\"wpcf7-form-control wpcf7-tel wpcf7-validates-as-required wpcf7-text wpcf7-validates-as-tel\" aria-required=\"true\" aria-invalid=\"false\" value=\"\" type=\"tel\" name=\"tel-587\" \/><\/span>\n<\/p>\n<p><label>Mensagem (*)<\/label><br \/>\n<span class=\"wpcf7-form-control-wrap\" data-name=\"your-message\"><textarea cols=\"40\" rows=\"10\" maxlength=\"2000\" class=\"wpcf7-form-control wpcf7-textarea\" aria-invalid=\"false\" name=\"your-message\"><\/textarea><\/span>\n<\/p>\n<p><input class=\"wpcf7-form-control wpcf7-submit has-spinner button\" type=\"submit\" value=\"Enviar\" \/>\n<\/p><div class=\"wpcf7-response-output\" aria-hidden=\"true\"><\/div>\n<\/form>\n<\/div>\n\n<p>\u00a0<\/p>\n<p>\u00a0<\/p>\n\t\t<\/div>\n\t\t\t\t\t<\/div>\n\n\t\n<\/div>\n\n<p><iframe src=\"https:\/\/www.google.com\/maps\/embed?pb=!1m18!1m12!1m3!1d3690.906446938049!2d-49.06961902494639!3d-22.319377617141658!2m3!1f0!2f0!3f0!3m2!1i1024!2i768!4f13.1!3m3!1m2!1s0x94bf67bb65dd122f%3A0x753f40d8f14c384c!2sABC%20CERT!5e0!3m2!1spt-BR!2sbr!4v1703281580764!5m2!1spt-BR!2sbr\" width=\"1400\" height=\"400\" style=\"border:0;\" allowfullscreen=\"\" loading=\"lazy\" referrerpolicy=\"no-referrer-when-downgrade\"><\/iframe><br \/>\n\n<p>\u00a0<\/p>\n","protected":false},"excerpt":{"rendered":"<p>\u00a0<\/p>\n","protected":false},"author":1,"featured_media":0,"parent":0,"menu_order":0,"comment_status":"closed","ping_status":"closed","template":"page-blank.php","meta":{"footnotes":""},"class_list":["post-648","page","type-page","status-publish","hentry"],"_links":{"self":[{"href":"https:\/\/aprovacao.website\/cvale\/wp-json\/wp\/v2\/pages\/648","targetHints":{"allow":["GET"]}}],"collection":[{"href":"https:\/\/aprovacao.website\/cvale\/wp-json\/wp\/v2\/pages"}],"about":[{"href":"https:\/\/aprovacao.website\/cvale\/wp-json\/wp\/v2\/types\/page"}],"author":[{"embeddable":true,"href":"https:\/\/aprovacao.website\/cvale\/wp-json\/wp\/v2\/users\/1"}],"replies":[{"embeddable":true,"href":"https:\/\/aprovacao.website\/cvale\/wp-json\/wp\/v2\/comments?post=648"}],"version-history":[{"count":6,"href":"https:\/\/aprovacao.website\/cvale\/wp-json\/wp\/v2\/pages\/648\/revisions"}],"predecessor-version":[{"id":1305,"href":"https:\/\/aprovacao.website\/cvale\/wp-json\/wp\/v2\/pages\/648\/revisions\/1305"}],"wp:attachment":[{"href":"https:\/\/aprovacao.website\/cvale\/wp-json\/wp\/v2\/media?parent=648"}],"curies":[{"name":"wp","href":"https:\/\/api.w.org\/{rel}","templated":true}]}}