{"id":416,"date":"2021-08-17T19:49:44","date_gmt":"2021-08-17T19:49:44","guid":{"rendered":"https:\/\/aprovacao.website\/brisot\/?page_id=416"},"modified":"2022-04-28T14:30:13","modified_gmt":"2022-04-28T14:30:13","slug":"treinamentos","status":"publish","type":"page","link":"https:\/\/aprovacao.website\/brisot\/treinamentos\/","title":{"rendered":"Treinamentos"},"content":{"rendered":"<div id='av_section_1'  class='avia-section main_color avia-section-default avia-no-border-styling  avia-bg-style-scroll  avia-builder-el-0  avia-builder-el-no-sibling   container_wrap sidebar_right' style=' '  ><div class='container' ><main  role=\"main\" itemprop=\"mainContentOfPage\"  class='template-page content  av-content-small alpha units'><div class='post-entry post-entry-type-page post-entry-416'><div class='entry-content-wrapper clearfix'>\n<div  style='padding-bottom:0px; ' class='av-special-heading av-special-heading-h2  blockquote modern-quote modern-centered  avia-builder-el-1  el_before_av_hr  avia-builder-el-first  '><h2 class='av-special-heading-tag '  itemprop=\"headline\"  >Treinamentos<\/h2><div class='special-heading-border'><div class='special-heading-inner-border' ><\/div><\/div><\/div>\n<div  style=' margin-top:5px; margin-bottom:35px;'  class='hr hr-custom hr-center hr-icon-no   avia-builder-el-2  el_after_av_heading  el_before_av_portfolio  avia-builder-el-last '><span class='hr-inner  inner-border-av-border-fat' style=' width:50px; border-color:#edae44;' ><span class='hr-inner-style'><\/span><\/span><\/div>\n<div  id=\"av-sc-portfolio-1\"  class=\"av-portfolio-grid-sorting-container\"><div class='sort_width_container  av-sort-yes' data-portfolio-id='1' ><div id='js_sort_items' ><div class='sort_by_cat hidden '><a href=\"#\" data-filter=\"all_sort\" class=\"all_sort_button active_sort\"><span class=\"inner_sort_button\"><span>Todos<\/span><small class=\"av-cat-count\"> 3 <\/small><\/span><\/a><span class='text-sep treinamentos-abertos_sort_sep'>\/<\/span><a href=\"#\" data-filter=\"treinamentos-abertos_sort\" class=\"treinamentos-abertos_sort_button\" ><span class=\"inner_sort_button\"><span>Treinamentos abertos<\/span><small class='av-cat-count'> 3 <\/small><\/span><\/a><\/div><\/div><\/div><div  class=' grid-sort-container isotope   no_margin-container with-title-container grid-total-odd grid-col-3 grid-links-' data-portfolio-id='1'><div data-ajax-id='590' class=' grid-entry flex_column isotope-item all_sort no_margin post-entry post-entry-590 grid-entry-overview grid-loop-1 grid-parity-odd  treinamentos-abertos_sort  av_one_third first default_av_fullwidth '><article class='main_color inner-entry'  itemscope=\"itemscope\" itemtype=\"https:\/\/schema.org\/CreativeWork\" ><a href='https:\/\/aprovacao.website\/brisot\/portfolio-item\/certificacao-esg\/' title='CERTIFICA\u00c7\u00c3O ESG'  data-rel='grid-1' class='grid-image avia-hover-fx'> <img decoding=\"async\" width=\"495\" height=\"400\" src=\"https:\/\/aprovacao.website\/brisot\/wp-content\/uploads\/2021\/08\/imagens-brisot10-1-495x400.jpg\" class=\"wp-image-285 avia-img-lazy-loading-not-285 attachment-portfolio size-portfolio wp-post-image\" alt=\"\" \/><\/a><div class='grid-content'><div class='avia-arrow'><\/div><header class=\"entry-content-header\"><h3 class='grid-entry-title entry-title '  itemprop=\"headline\" ><a href='https:\/\/aprovacao.website\/brisot\/portfolio-item\/certificacao-esg\/' title='CERTIFICA\u00c7\u00c3O ESG'>CERTIFICA\u00c7\u00c3O ESG<\/a><\/h3><\/header><\/div><footer class=\"entry-footer\"><\/footer><\/article><\/div><div data-ajax-id='586' class=' grid-entry flex_column isotope-item all_sort no_margin post-entry post-entry-586 grid-entry-overview grid-loop-2 grid-parity-even  treinamentos-abertos_sort  av_one_third  default_av_fullwidth '><article class='main_color inner-entry'  itemscope=\"itemscope\" itemtype=\"https:\/\/schema.org\/CreativeWork\" ><a href='https:\/\/aprovacao.website\/brisot\/portfolio-item\/praticas-sustentaveis-esg\/' title='Pr\u00e1ticas Sustent\u00e1veis &#8211; ESG'  data-rel='grid-1' class='grid-image avia-hover-fx'> <img decoding=\"async\" width=\"495\" height=\"400\" src=\"https:\/\/aprovacao.website\/brisot\/wp-content\/uploads\/2022\/04\/Captura-de-Tela-2022-04-27-a\u0300s-13.06.09-495x400.png\" class=\"wp-image-570 avia-img-lazy-loading-not-570 attachment-portfolio size-portfolio wp-post-image\" alt=\"NOVO CURSO DA MARIA\" srcset=\"https:\/\/aprovacao.website\/brisot\/wp-content\/uploads\/2022\/04\/Captura-de-Tela-2022-04-27-a\u0300s-13.06.09-495x400.png 495w, https:\/\/aprovacao.website\/brisot\/wp-content\/uploads\/2022\/04\/Captura-de-Tela-2022-04-27-a\u0300s-13.06.09-845x681.png 845w\" sizes=\"(max-width: 495px) 100vw, 495px\" \/><\/a><div class='grid-content'><div class='avia-arrow'><\/div><header class=\"entry-content-header\"><h3 class='grid-entry-title entry-title '  itemprop=\"headline\" ><a href='https:\/\/aprovacao.website\/brisot\/portfolio-item\/praticas-sustentaveis-esg\/' title='Pr\u00e1ticas Sustent\u00e1veis &#8211; ESG'>Pr\u00e1ticas Sustent\u00e1veis &#8211; ESG<\/a><\/h3><\/header><\/div><footer class=\"entry-footer\"><\/footer><\/article><\/div><div data-ajax-id='412' class=' grid-entry flex_column isotope-item all_sort no_margin post-entry post-entry-412 grid-entry-overview grid-loop-3 grid-parity-odd  post-entry-last  treinamentos-abertos_sort  av_one_third  default_av_fullwidth '><article class='main_color inner-entry'  itemscope=\"itemscope\" itemtype=\"https:\/\/schema.org\/CreativeWork\" ><a href='https:\/\/aprovacao.website\/brisot\/portfolio-item\/palestra-gratuita\/' title='Palestra Gratuita'  data-rel='grid-1' class='grid-image avia-hover-fx'> <img decoding=\"async\" width=\"495\" height=\"400\" src=\"https:\/\/aprovacao.website\/brisot\/wp-content\/uploads\/2021\/08\/imagens-brisot10-1-495x400.jpg\" class=\"wp-image-285 avia-img-lazy-loading-not-285 attachment-portfolio size-portfolio wp-post-image\" alt=\"\" \/><\/a><div class='grid-content'><div class='avia-arrow'><\/div><header class=\"entry-content-header\"><h3 class='grid-entry-title entry-title '  itemprop=\"headline\" ><a href='https:\/\/aprovacao.website\/brisot\/portfolio-item\/palestra-gratuita\/' title='Palestra Gratuita'>Palestra Gratuita<\/a><\/h3><\/header><\/div><footer class=\"entry-footer\"><\/footer><\/article><\/div><\/div><\/div>   <!--   class=\"av-portfolio-grid-sorting-container\"  -->\n<div  style='padding-bottom:0px; ' class='av-special-heading av-special-heading-h2  blockquote modern-quote modern-centered  avia-builder-el-4  el_after_av_portfolio  el_before_av_portfolio  avia-builder-el-no-sibling  '><h2 class='av-special-heading-tag '  itemprop=\"headline\"  >Abertos para pr\u00e9-venda<\/h2><div class='special-heading-border'><div class='special-heading-inner-border' ><\/div><\/div><\/div>\n<div  id=\"av-sc-portfolio-2\"  class=\"av-portfolio-grid-sorting-container\"><div class='sort_width_container  av-sort-yes' data-portfolio-id='2' ><div id='js_sort_items' ><div class='sort_by_cat hidden '><a href=\"#\" data-filter=\"all_sort\" class=\"all_sort_button active_sort\"><span class=\"inner_sort_button\"><span>Todos<\/span><small class=\"av-cat-count\"> 1 <\/small><\/span><\/a><span class='text-sep treinamentos-futuros_sort_sep'>\/<\/span><a href=\"#\" data-filter=\"treinamentos-futuros_sort\" class=\"treinamentos-futuros_sort_button\" ><span class=\"inner_sort_button\"><span>Treinamentos futuros<\/span><small class='av-cat-count'> 1 <\/small><\/span><\/a><\/div><\/div><\/div><div  class=' grid-sort-container isotope   no_margin-container with-excerpt-container grid-total-odd grid-col-3 grid-links-' data-portfolio-id='2'><div data-ajax-id='576' class=' grid-entry flex_column isotope-item all_sort no_margin post-entry post-entry-576 grid-entry-overview grid-loop-1 grid-parity-odd  post-entry-last  treinamentos-futuros_sort  av_one_third first default_av_fullwidth '><article class='main_color inner-entry'  itemscope=\"itemscope\" itemtype=\"https:\/\/schema.org\/CreativeWork\" ><a href='https:\/\/aprovacao.website\/brisot\/portfolio-item\/palestra-minha-vida-em-sampa\/' title='Palestra: minha vida em Sampa'  data-rel='grid-2' class='grid-image avia-hover-fx'> <img decoding=\"async\" width=\"277\" height=\"334\" src=\"https:\/\/aprovacao.website\/brisot\/wp-content\/uploads\/2022\/04\/Captura-de-Tela-2022-04-28-a\u0300s-11.03.00.png\" class=\"wp-image-577 avia-img-lazy-loading-not-577 attachment-portfolio size-portfolio wp-post-image\" alt=\"\" srcset=\"https:\/\/aprovacao.website\/brisot\/wp-content\/uploads\/2022\/04\/Captura-de-Tela-2022-04-28-a\u0300s-11.03.00.png 277w, https:\/\/aprovacao.website\/brisot\/wp-content\/uploads\/2022\/04\/Captura-de-Tela-2022-04-28-a\u0300s-11.03.00-249x300.png 249w\" sizes=\"(max-width: 277px) 100vw, 277px\" \/><\/a><div class='grid-content'><div class='avia-arrow'><\/div><header class=\"entry-content-header\"><h3 class='grid-entry-title entry-title '  itemprop=\"headline\" ><a href='https:\/\/aprovacao.website\/brisot\/portfolio-item\/palestra-minha-vida-em-sampa\/' title='Palestra: minha vida em Sampa'>Palestra: minha vida em Sampa<\/a><\/h3><\/header><div class='grid-entry-excerpt entry-content'  itemprop=\"text\" >Aenean leo ligula, porttitor eu, consequat vitae, eleifend ac, enim. Aliquam lore. <\/div><\/div><footer class=\"entry-footer\"><\/footer><\/article><\/div><\/div><\/div>   <!--   class=\"av-portfolio-grid-sorting-container\"  -->\n<\/div><\/div><\/main><!-- close content main element --><\/div><\/div><div id='after_section_1'  class='main_color av_default_container_wrap container_wrap sidebar_right' style=' '  ><div class='container' ><div class='template-page content  av-content-small alpha units'><div class='post-entry post-entry-type-page post-entry-416'><div class='entry-content-wrapper clearfix'>\n","protected":false},"excerpt":{"rendered":"","protected":false},"author":1,"featured_media":0,"parent":0,"menu_order":0,"comment_status":"closed","ping_status":"closed","template":"","meta":{"footnotes":""},"class_list":["post-416","page","type-page","status-publish","hentry"],"_links":{"self":[{"href":"https:\/\/aprovacao.website\/brisot\/wp-json\/wp\/v2\/pages\/416","targetHints":{"allow":["GET"]}}],"collection":[{"href":"https:\/\/aprovacao.website\/brisot\/wp-json\/wp\/v2\/pages"}],"about":[{"href":"https:\/\/aprovacao.website\/brisot\/wp-json\/wp\/v2\/types\/page"}],"author":[{"embeddable":true,"href":"https:\/\/aprovacao.website\/brisot\/wp-json\/wp\/v2\/users\/1"}],"replies":[{"embeddable":true,"href":"https:\/\/aprovacao.website\/brisot\/wp-json\/wp\/v2\/comments?post=416"}],"version-history":[{"count":5,"href":"https:\/\/aprovacao.website\/brisot\/wp-json\/wp\/v2\/pages\/416\/revisions"}],"predecessor-version":[{"id":684,"href":"https:\/\/aprovacao.website\/brisot\/wp-json\/wp\/v2\/pages\/416\/revisions\/684"}],"wp:attachment":[{"href":"https:\/\/aprovacao.website\/brisot\/wp-json\/wp\/v2\/media?parent=416"}],"curies":[{"name":"wp","href":"https:\/\/api.w.org\/{rel}","templated":true}]}}