{"id":404,"date":"2021-08-17T18:46:42","date_gmt":"2021-08-17T18:46:42","guid":{"rendered":"https:\/\/aprovacao.website\/brisot\/?page_id=404"},"modified":"2021-08-17T18:48:21","modified_gmt":"2021-08-17T18:48:21","slug":"livros-e-apostilas","status":"publish","type":"page","link":"https:\/\/aprovacao.website\/brisot\/livros-e-apostilas\/","title":{"rendered":"Livros e Apostilas"},"content":{"rendered":"<div id='av_section_1'  class='avia-section main_color avia-section-default avia-no-border-styling  avia-bg-style-scroll  avia-builder-el-0  avia-builder-el-no-sibling   container_wrap sidebar_right' style=' '  ><div class='container' ><main  role=\"main\" itemprop=\"mainContentOfPage\"  class='template-page content  av-content-small alpha units'><div class='post-entry post-entry-type-page post-entry-404'><div class='entry-content-wrapper clearfix'>\n<div  style='padding-bottom:0px; ' class='av-special-heading av-special-heading-h2  blockquote modern-quote modern-centered  avia-builder-el-1  el_before_av_hr  avia-builder-el-first  '><h2 class='av-special-heading-tag '  itemprop=\"headline\"  >Livros e Apostilas<\/h2><div class='special-heading-border'><div class='special-heading-inner-border' ><\/div><\/div><\/div>\n<div  style=' margin-top:5px; margin-bottom:35px;'  class='hr hr-custom hr-center hr-icon-no   avia-builder-el-2  el_after_av_heading  el_before_av_portfolio  avia-builder-el-last '><span class='hr-inner  inner-border-av-border-fat' style=' width:50px; border-color:#edae44;' ><span class='hr-inner-style'><\/span><\/span><\/div>\n<div  id=\"av-sc-portfolio-1\"  class=\"av-portfolio-grid-sorting-container\"><div class='sort_width_container  av-sort-yes' data-portfolio-id='1' ><div id='js_sort_items' ><div class='sort_by_cat hidden '><a href=\"#\" data-filter=\"all_sort\" class=\"all_sort_button active_sort\"><span class=\"inner_sort_button\"><span>Todos<\/span><small class=\"av-cat-count\"> 3 <\/small><\/span><\/a><span class='text-sep livros-e-apostilas_sort_sep'>\/<\/span><a href=\"#\" data-filter=\"livros-e-apostilas_sort\" class=\"livros-e-apostilas_sort_button\" ><span class=\"inner_sort_button\"><span>Livros e Apostilas<\/span><small class='av-cat-count'> 3 <\/small><\/span><\/a><\/div><\/div><\/div><div  class=' grid-sort-container isotope   no_margin-container with-title-container grid-total-odd grid-col-3 grid-links-' data-portfolio-id='1'><div data-ajax-id='401' class=' grid-entry flex_column isotope-item all_sort no_margin post-entry post-entry-401 grid-entry-overview grid-loop-1 grid-parity-odd  livros-e-apostilas_sort  av_one_third first default_av_fullwidth '><article class='main_color inner-entry'  itemscope=\"itemscope\" itemtype=\"https:\/\/schema.org\/CreativeWork\" ><a href='https:\/\/aprovacao.website\/brisot\/portfolio-item\/manutencao-produtiva-total-a-biblia-do-tpm\/' title='Manuten\u00e7\u00e3o Produtiva Total &#8211; A B\u00edblia do TPM'  data-rel='grid-1' class='grid-image avia-hover-fx'> <img decoding=\"async\" width=\"472\" height=\"400\" src=\"https:\/\/aprovacao.website\/brisot\/wp-content\/uploads\/2021\/08\/livro3-472x400.png\" class=\"wp-image-402 avia-img-lazy-loading-not-402 attachment-portfolio size-portfolio wp-post-image\" alt=\"\" \/><\/a><div class='grid-content'><div class='avia-arrow'><\/div><header class=\"entry-content-header\"><h3 class='grid-entry-title entry-title '  itemprop=\"headline\" ><a href='https:\/\/aprovacao.website\/brisot\/portfolio-item\/manutencao-produtiva-total-a-biblia-do-tpm\/' title='Manuten\u00e7\u00e3o Produtiva Total &#8211; A B\u00edblia do TPM'>Manuten\u00e7\u00e3o Produtiva Total &#8211; A B\u00edblia do TPM<\/a><\/h3><\/header><\/div><footer class=\"entry-footer\"><\/footer><\/article><\/div><div data-ajax-id='394' class=' grid-entry flex_column isotope-item all_sort no_margin post-entry post-entry-394 grid-entry-overview grid-loop-2 grid-parity-even  livros-e-apostilas_sort  av_one_third  default_av_fullwidth '><article class='main_color inner-entry'  itemscope=\"itemscope\" itemtype=\"https:\/\/schema.org\/CreativeWork\" ><a href='https:\/\/aprovacao.website\/brisot\/portfolio-item\/sistema-de-gestao-da-qualidade-entendendo-a-nbr-iso-90012015\/' title='Sistema de Gest\u00e3o da Qualidade &#8211; Entendendo a NBR ISO 9001:2015'  data-rel='grid-1' class='grid-image avia-hover-fx'> <img decoding=\"async\" width=\"472\" height=\"400\" src=\"https:\/\/aprovacao.website\/brisot\/wp-content\/uploads\/2021\/08\/livro2-472x400.png\" class=\"wp-image-398 avia-img-lazy-loading-not-398 attachment-portfolio size-portfolio wp-post-image\" alt=\"\" \/><\/a><div class='grid-content'><div class='avia-arrow'><\/div><header class=\"entry-content-header\"><h3 class='grid-entry-title entry-title '  itemprop=\"headline\" ><a href='https:\/\/aprovacao.website\/brisot\/portfolio-item\/sistema-de-gestao-da-qualidade-entendendo-a-nbr-iso-90012015\/' title='Sistema de Gest\u00e3o da Qualidade &#8211; Entendendo a NBR ISO 9001:2015'>Sistema de Gest\u00e3o da Qualidade &#8211; Entendendo a NBR ISO 9001:2015<\/a><\/h3><\/header><\/div><footer class=\"entry-footer\"><\/footer><\/article><\/div><div data-ajax-id='237' class=' grid-entry flex_column isotope-item all_sort no_margin post-entry post-entry-237 grid-entry-overview grid-loop-3 grid-parity-odd  post-entry-last  livros-e-apostilas_sort  av_one_third  default_av_fullwidth '><article class='main_color inner-entry'  itemscope=\"itemscope\" itemtype=\"https:\/\/schema.org\/CreativeWork\" ><a href='https:\/\/aprovacao.website\/brisot\/portfolio-item\/programa-5s-qualidade-total-nas-empresas\/' title='Programa 5S &#8211; Qualidade Total nas Empresas'  data-rel='grid-1' class='grid-image avia-hover-fx'> <img decoding=\"async\" width=\"472\" height=\"400\" src=\"https:\/\/aprovacao.website\/brisot\/wp-content\/uploads\/2015\/10\/livro1-472x400.png\" class=\"wp-image-386 avia-img-lazy-loading-not-386 attachment-portfolio size-portfolio wp-post-image\" alt=\"\" \/><\/a><div class='grid-content'><div class='avia-arrow'><\/div><header class=\"entry-content-header\"><h3 class='grid-entry-title entry-title '  itemprop=\"headline\" ><a href='https:\/\/aprovacao.website\/brisot\/portfolio-item\/programa-5s-qualidade-total-nas-empresas\/' title='Programa 5S &#8211; Qualidade Total nas Empresas'>Programa 5S &#8211; Qualidade Total nas Empresas<\/a><\/h3><\/header><\/div><footer class=\"entry-footer\"><\/footer><\/article><\/div><\/div><\/div>   <!--   class=\"av-portfolio-grid-sorting-container\"  -->\n<\/div><\/div><\/main><!-- close content main element --><\/div><\/div><div id='after_section_1'  class='main_color av_default_container_wrap container_wrap sidebar_right' style=' '  ><div class='container' ><div class='template-page content  av-content-small alpha units'><div class='post-entry post-entry-type-page post-entry-404'><div class='entry-content-wrapper clearfix'>\n","protected":false},"excerpt":{"rendered":"","protected":false},"author":1,"featured_media":0,"parent":0,"menu_order":0,"comment_status":"closed","ping_status":"closed","template":"","meta":{"footnotes":""},"class_list":["post-404","page","type-page","status-publish","hentry"],"_links":{"self":[{"href":"https:\/\/aprovacao.website\/brisot\/wp-json\/wp\/v2\/pages\/404","targetHints":{"allow":["GET"]}}],"collection":[{"href":"https:\/\/aprovacao.website\/brisot\/wp-json\/wp\/v2\/pages"}],"about":[{"href":"https:\/\/aprovacao.website\/brisot\/wp-json\/wp\/v2\/types\/page"}],"author":[{"embeddable":true,"href":"https:\/\/aprovacao.website\/brisot\/wp-json\/wp\/v2\/users\/1"}],"replies":[{"embeddable":true,"href":"https:\/\/aprovacao.website\/brisot\/wp-json\/wp\/v2\/comments?post=404"}],"version-history":[{"count":3,"href":"https:\/\/aprovacao.website\/brisot\/wp-json\/wp\/v2\/pages\/404\/revisions"}],"predecessor-version":[{"id":407,"href":"https:\/\/aprovacao.website\/brisot\/wp-json\/wp\/v2\/pages\/404\/revisions\/407"}],"wp:attachment":[{"href":"https:\/\/aprovacao.website\/brisot\/wp-json\/wp\/v2\/media?parent=404"}],"curies":[{"name":"wp","href":"https:\/\/api.w.org\/{rel}","templated":true}]}}