{"id":340,"date":"2021-08-03T21:15:21","date_gmt":"2021-08-03T21:15:21","guid":{"rendered":"https:\/\/aprovacao.website\/brisot\/?page_id=340"},"modified":"2021-08-03T21:15:21","modified_gmt":"2021-08-03T21:15:21","slug":"saude-e-seguranca","status":"publish","type":"page","link":"https:\/\/aprovacao.website\/brisot\/saude-e-seguranca\/","title":{"rendered":"Sa\u00fade e Seguran\u00e7a"},"content":{"rendered":"<div   data-size='featured_large'  data-lightbox_size='large'  data-animation='fade'  data-conditional_play=''  data-ids='350'  data-video_counter='0'  data-autoplay='true'  data-bg_slider='false'  data-slide_height=''  data-handle='av_slideshow'  data-interval='5'  data-class=' avia-builder-el-0  el_before_av_one_full  avia-builder-el-first  '  data-el_id=''  data-css_id=''  data-scroll_down=''  data-control_layout='av-control-hidden'  data-custom_markup=''  data-perma_caption=''  data-autoplay_stopper=''  data-image_attachment=''  data-min_height='0px'  data-lazy_loading='disabled'  data-default-height='42'  class='avia-slideshow avia-slideshow-1  av-control-hidden av-default-height-applied avia-slideshow-featured_large av_slideshow  avia-builder-el-0  el_before_av_one_full  avia-builder-el-first   avia-fade-slider '  itemprop=\"image\" itemscope=\"itemscope\" itemtype=\"https:\/\/schema.org\/ImageObject\" ><ul class='avia-slideshow-inner ' style='padding-bottom: 25.860155382908%;' ><li  class=' av-single-slide slide-1 ' ><div data-rel='slideshow-1' class='avia-slide-wrap '   ><img decoding=\"async\" class=\"wp-image-350 avia-img-lazy-loading-not-350\"  src=\"https:\/\/aprovacao.website\/brisot\/wp-content\/uploads\/2021\/08\/saude-e-seguranca.png\" width=\"901\" height=\"233\" title='saude-e-seguranca' alt=''  itemprop=\"thumbnailUrl\" srcset=\"https:\/\/aprovacao.website\/brisot\/wp-content\/uploads\/2021\/08\/saude-e-seguranca.png 901w, https:\/\/aprovacao.website\/brisot\/wp-content\/uploads\/2021\/08\/saude-e-seguranca-300x78.png 300w, https:\/\/aprovacao.website\/brisot\/wp-content\/uploads\/2021\/08\/saude-e-seguranca-768x199.png 768w, https:\/\/aprovacao.website\/brisot\/wp-content\/uploads\/2021\/08\/saude-e-seguranca-705x182.png 705w\" sizes=\"(max-width: 901px) 100vw, 901px\" \/><\/div><\/li><\/ul><\/div>\n<div class=\"flex_column av_one_full  av-animated-generic bottom-to-top  flex_column_div av-zero-column-padding first  avia-builder-el-1  el_after_av_slideshow  el_before_av_one_full  \" style='margin-top:0px; margin-bottom:0px; border-radius:0px; '><p><div  style='padding-bottom:0px; ' class='av-special-heading av-special-heading-h2  blockquote modern-quote  avia-builder-el-2  el_before_av_hr  avia-builder-el-first  '><h2 class='av-special-heading-tag '  itemprop=\"headline\"  >Sa\u00fade e Seguran\u00e7a<\/h2><div class='special-heading-border'><div class='special-heading-inner-border' ><\/div><\/div><\/div><br \/>\n<div  style=' margin-top:10px; margin-bottom:10px;'  class='hr hr-custom hr-left hr-icon-no   avia-builder-el-3  el_after_av_heading  avia-builder-el-last '><span class='hr-inner  inner-border-av-border-fat' style=' width:50px; border-color:#fe7300;' ><span class='hr-inner-style'><\/span><\/span><\/div><\/p><\/div><div class=\"flex_column av_one_full  av-animated-generic bottom-to-top  flex_column_div av-zero-column-padding first  avia-builder-el-4  el_after_av_one_full  el_before_av_button  column-top-margin\" style='margin-top:0px; margin-bottom:0px; border-radius:0px; '><section class=\"av_textblock_section \"  itemscope=\"itemscope\" itemtype=\"https:\/\/schema.org\/CreativeWork\" ><div class='avia_textblock  '   itemprop=\"text\" ><p>Implementar um Sistema de Gest\u00e3o de Sa\u00fade e Seguran\u00e7a Ocupacional \u00e9 um grande diferencial competitivo que exige das empresas a ado\u00e7\u00e3o de mecanismos gerenciais para o atendimento da legisla\u00e7\u00e3o e a melhorias da infra-estrutura, com o objetivo de prevenir acidentes prejudiciais aos seus colaboradores.<br \/>\nOferecemos solu\u00e7\u00f5es otimizadas em consultoria, treinamento e auditoria para a adequa\u00e7\u00e3o e implementa\u00e7\u00e3o de um sistema de gerenciamento com base na norma:<\/p>\n<p><strong>ISO 45001<br \/>\n<\/strong><br \/>\nSistemas de gest\u00e3o de sa\u00fade e seguran\u00e7a ocupacional<br \/>\nIdentifica\u00e7\u00e3o de perigos e avalia\u00e7\u00f5es de riscos<br \/>\nControle de legisla\u00e7\u00e3o aplicada &#8211; Normas regulamentadoras<br \/>\nForma\u00e7\u00e3o de Auditores Internos<br \/>\nIntegra\u00e7\u00e3o com outros sistemas de gest\u00e3o<\/p>\n<p><strong>SASSMAQ<br \/>\n<\/strong><br \/>\nGest\u00e3o de Seguran\u00e7a em transporte e distribui\u00e7\u00e3o de produtos qu\u00edmicos<\/p>\n<p>Para maiores esclarecimentos a respeito de nossa metodologia e solicitar uma proposta, entre em contato com nosso setor comercial.<\/p>\n<\/div><\/section><\/div><div  class='avia-button-wrap avia-button-left  avia-builder-el-6  el_after_av_one_full  avia-builder-el-last ' ><a href='https:\/\/brisot.com.br\/web\/contato?palestras_incompany=207185'  class='avia-button  avia-color-orange   avia-icon_select-no avia-size-large avia-position-left '   ><span class='avia_iconbox_title' >SOLICITE SUA PROPOSTA<\/span><\/a><\/div><\/p>\n","protected":false},"excerpt":{"rendered":"","protected":false},"author":1,"featured_media":350,"parent":0,"menu_order":0,"comment_status":"closed","ping_status":"closed","template":"","meta":{"footnotes":""},"class_list":["post-340","page","type-page","status-publish","has-post-thumbnail","hentry"],"_links":{"self":[{"href":"https:\/\/aprovacao.website\/brisot\/wp-json\/wp\/v2\/pages\/340","targetHints":{"allow":["GET"]}}],"collection":[{"href":"https:\/\/aprovacao.website\/brisot\/wp-json\/wp\/v2\/pages"}],"about":[{"href":"https:\/\/aprovacao.website\/brisot\/wp-json\/wp\/v2\/types\/page"}],"author":[{"embeddable":true,"href":"https:\/\/aprovacao.website\/brisot\/wp-json\/wp\/v2\/users\/1"}],"replies":[{"embeddable":true,"href":"https:\/\/aprovacao.website\/brisot\/wp-json\/wp\/v2\/comments?post=340"}],"version-history":[{"count":1,"href":"https:\/\/aprovacao.website\/brisot\/wp-json\/wp\/v2\/pages\/340\/revisions"}],"predecessor-version":[{"id":351,"href":"https:\/\/aprovacao.website\/brisot\/wp-json\/wp\/v2\/pages\/340\/revisions\/351"}],"wp:featuredmedia":[{"embeddable":true,"href":"https:\/\/aprovacao.website\/brisot\/wp-json\/wp\/v2\/media\/350"}],"wp:attachment":[{"href":"https:\/\/aprovacao.website\/brisot\/wp-json\/wp\/v2\/media?parent=340"}],"curies":[{"name":"wp","href":"https:\/\/api.w.org\/{rel}","templated":true}]}}