{"id":339,"date":"2021-08-03T21:13:48","date_gmt":"2021-08-03T21:13:48","guid":{"rendered":"https:\/\/aprovacao.website\/brisot\/?page_id=339"},"modified":"2021-08-03T21:13:48","modified_gmt":"2021-08-03T21:13:48","slug":"seguranca-da-informacao","status":"publish","type":"page","link":"https:\/\/aprovacao.website\/brisot\/seguranca-da-informacao\/","title":{"rendered":"Seguran\u00e7a da Informa\u00e7\u00e3o"},"content":{"rendered":"<div   data-size='featured_large'  data-lightbox_size='large'  data-animation='fade'  data-conditional_play=''  data-ids='348'  data-video_counter='0'  data-autoplay='true'  data-bg_slider='false'  data-slide_height=''  data-handle='av_slideshow'  data-interval='5'  data-class=' avia-builder-el-0  el_before_av_one_full  avia-builder-el-first  '  data-el_id=''  data-css_id=''  data-scroll_down=''  data-control_layout='av-control-hidden'  data-custom_markup=''  data-perma_caption=''  data-autoplay_stopper=''  data-image_attachment=''  data-min_height='0px'  data-lazy_loading='disabled'  data-default-height='42'  class='avia-slideshow avia-slideshow-1  av-control-hidden av-default-height-applied avia-slideshow-featured_large av_slideshow  avia-builder-el-0  el_before_av_one_full  avia-builder-el-first   avia-fade-slider '  itemprop=\"image\" itemscope=\"itemscope\" itemtype=\"https:\/\/schema.org\/ImageObject\" ><ul class='avia-slideshow-inner ' style='padding-bottom: 25.860155382908%;' ><li  class=' av-single-slide slide-1 ' ><div data-rel='slideshow-1' class='avia-slide-wrap '   ><img decoding=\"async\" class=\"wp-image-348 avia-img-lazy-loading-not-348\"  src=\"https:\/\/aprovacao.website\/brisot\/wp-content\/uploads\/2021\/08\/seguranca-da-informacao.png\" width=\"901\" height=\"233\" title='seguranca-da-informacao' alt=''  itemprop=\"thumbnailUrl\" srcset=\"https:\/\/aprovacao.website\/brisot\/wp-content\/uploads\/2021\/08\/seguranca-da-informacao.png 901w, https:\/\/aprovacao.website\/brisot\/wp-content\/uploads\/2021\/08\/seguranca-da-informacao-300x78.png 300w, https:\/\/aprovacao.website\/brisot\/wp-content\/uploads\/2021\/08\/seguranca-da-informacao-768x199.png 768w, https:\/\/aprovacao.website\/brisot\/wp-content\/uploads\/2021\/08\/seguranca-da-informacao-705x182.png 705w\" sizes=\"(max-width: 901px) 100vw, 901px\" \/><\/div><\/li><\/ul><\/div>\n<div class=\"flex_column av_one_full  av-animated-generic bottom-to-top  flex_column_div av-zero-column-padding first  avia-builder-el-1  el_after_av_slideshow  el_before_av_one_full  \" style='margin-top:0px; margin-bottom:0px; border-radius:0px; '><p><div  style='padding-bottom:0px; ' class='av-special-heading av-special-heading-h2  blockquote modern-quote  avia-builder-el-2  el_before_av_hr  avia-builder-el-first  '><h2 class='av-special-heading-tag '  itemprop=\"headline\"  >Seguran\u00e7a da Informa\u00e7\u00e3o<\/h2><div class='special-heading-border'><div class='special-heading-inner-border' ><\/div><\/div><\/div><br \/>\n<div  style=' margin-top:10px; margin-bottom:10px;'  class='hr hr-custom hr-left hr-icon-no   avia-builder-el-3  el_after_av_heading  avia-builder-el-last '><span class='hr-inner  inner-border-av-border-fat' style=' width:50px; border-color:#fe7300;' ><span class='hr-inner-style'><\/span><\/span><\/div><\/p><\/div><div class=\"flex_column av_one_full  av-animated-generic bottom-to-top  flex_column_div av-zero-column-padding first  avia-builder-el-4  el_after_av_one_full  el_before_av_button  column-top-margin\" style='margin-top:0px; margin-bottom:0px; border-radius:0px; '><section class=\"av_textblock_section \"  itemscope=\"itemscope\" itemtype=\"https:\/\/schema.org\/CreativeWork\" ><div class='avia_textblock  '   itemprop=\"text\" ><p>Quanto a sua empresa j\u00e1 depende dos Sistemas de Informa\u00e7\u00e3o? Se a resposta for \u00a0muito ent\u00e3o\u00a0certamente o termo &#8220;Seguran\u00e7a da Informa\u00e7\u00e3o&#8221; j\u00e1 \u00e9 alvo de constante preocupa\u00e7\u00e3o em sua\u00a0\u00a0organiza\u00e7\u00e3o. E para garantir disponibilidade, confiabilidade e seguran\u00e7a, n\u00e3o basta ter um bom\u00a0ERP. \u00c9 preciso gerenciar a informa\u00e7\u00e3o atrav\u00e9s de procedimentos e normas at\u00e9 para garantir\u00a0sigilosidade dos dados do seu neg\u00f3cio, ou mesmo dos seus clientes. Para tanto a Brisot oferece\u00a0solu\u00e7\u00f5es customizadas e adequadas ao porte de sua empresa, para aumentar a seguran\u00e7a dos\u00a0dados e informa\u00e7\u00f5es, baseado na norma NBR ISO\/IEC 27001. Tamb\u00e9m efetua consultorias\u00a0especializadas em planejamento geral e gest\u00e3o deTecnologia da Informa\u00e7\u00e3o, com foco em SIGs\u00a0e Networking (Redes e Conectividade).<\/p>\n<p><strong>Norma NBR ISO\/IEC 27001<\/strong><\/p>\n<p>Sistema de Gest\u00e3o de Seguran\u00e7a da Informa\u00e7\u00e3o<\/p>\n<p><strong>Consultoria<\/strong><br \/>\nPDTI &#8211; Plano Diretor de Tecnologia da Informa\u00e7\u00e3o<br \/>\nSGSI &#8211; Sistema de Gest\u00e3o de Seguran\u00e7a da Informa\u00e7\u00e3o<br \/>\nERM &#8211; Enterprise Risk Management<br \/>\nGoSI &#8211; Governan\u00e7a em Sistema de Informa\u00e7\u00e3o<br \/>\nNetworking &#8211; Redes e Conectividade<\/p>\n<p>Para maiores esclarecimentos a respeito de nossa metodologia e solicitar uma proposta, entre em contato com nosso setor comercial.<\/p>\n<\/div><\/section><\/div><div  class='avia-button-wrap avia-button-left  avia-builder-el-6  el_after_av_one_full  avia-builder-el-last ' ><a href='https:\/\/brisot.com.br\/web\/contato?palestras_incompany=207185'  class='avia-button  avia-color-orange   avia-icon_select-no avia-size-large avia-position-left '   ><span class='avia_iconbox_title' >SOLICITE SUA PROPOSTA<\/span><\/a><\/div><\/p>\n","protected":false},"excerpt":{"rendered":"","protected":false},"author":1,"featured_media":348,"parent":0,"menu_order":0,"comment_status":"closed","ping_status":"closed","template":"","meta":{"footnotes":""},"class_list":["post-339","page","type-page","status-publish","has-post-thumbnail","hentry"],"_links":{"self":[{"href":"https:\/\/aprovacao.website\/brisot\/wp-json\/wp\/v2\/pages\/339","targetHints":{"allow":["GET"]}}],"collection":[{"href":"https:\/\/aprovacao.website\/brisot\/wp-json\/wp\/v2\/pages"}],"about":[{"href":"https:\/\/aprovacao.website\/brisot\/wp-json\/wp\/v2\/types\/page"}],"author":[{"embeddable":true,"href":"https:\/\/aprovacao.website\/brisot\/wp-json\/wp\/v2\/users\/1"}],"replies":[{"embeddable":true,"href":"https:\/\/aprovacao.website\/brisot\/wp-json\/wp\/v2\/comments?post=339"}],"version-history":[{"count":1,"href":"https:\/\/aprovacao.website\/brisot\/wp-json\/wp\/v2\/pages\/339\/revisions"}],"predecessor-version":[{"id":349,"href":"https:\/\/aprovacao.website\/brisot\/wp-json\/wp\/v2\/pages\/339\/revisions\/349"}],"wp:featuredmedia":[{"embeddable":true,"href":"https:\/\/aprovacao.website\/brisot\/wp-json\/wp\/v2\/media\/348"}],"wp:attachment":[{"href":"https:\/\/aprovacao.website\/brisot\/wp-json\/wp\/v2\/media?parent=339"}],"curies":[{"name":"wp","href":"https:\/\/api.w.org\/{rel}","templated":true}]}}