{"id":338,"date":"2021-08-03T21:10:30","date_gmt":"2021-08-03T21:10:30","guid":{"rendered":"https:\/\/aprovacao.website\/brisot\/?page_id=338"},"modified":"2021-08-03T21:10:30","modified_gmt":"2021-08-03T21:10:30","slug":"pqta-anoreg-2","status":"publish","type":"page","link":"https:\/\/aprovacao.website\/brisot\/pqta-anoreg-2\/","title":{"rendered":"Recursos Humanos"},"content":{"rendered":"<div   data-size='featured_large'  data-lightbox_size='large'  data-animation='fade'  data-conditional_play=''  data-ids='344'  data-video_counter='0'  data-autoplay='true'  data-bg_slider='false'  data-slide_height=''  data-handle='av_slideshow'  data-interval='5'  data-class=' avia-builder-el-0  el_before_av_one_full  avia-builder-el-first  '  data-el_id=''  data-css_id=''  data-scroll_down=''  data-control_layout='av-control-hidden'  data-custom_markup=''  data-perma_caption=''  data-autoplay_stopper=''  data-image_attachment=''  data-min_height='0px'  data-lazy_loading='disabled'  data-default-height='42'  class='avia-slideshow avia-slideshow-1  av-control-hidden av-default-height-applied avia-slideshow-featured_large av_slideshow  avia-builder-el-0  el_before_av_one_full  avia-builder-el-first   avia-fade-slider '  itemprop=\"image\" itemscope=\"itemscope\" itemtype=\"https:\/\/schema.org\/ImageObject\" ><ul class='avia-slideshow-inner ' style='padding-bottom: 25.860155382908%;' ><li  class=' av-single-slide slide-1 ' ><div data-rel='slideshow-1' class='avia-slide-wrap '   ><img decoding=\"async\" class=\"wp-image-344 avia-img-lazy-loading-not-344\"  src=\"https:\/\/aprovacao.website\/brisot\/wp-content\/uploads\/2021\/08\/recursos-humanos.png\" width=\"901\" height=\"233\" title='recursos-humanos' alt=''  itemprop=\"thumbnailUrl\" srcset=\"https:\/\/aprovacao.website\/brisot\/wp-content\/uploads\/2021\/08\/recursos-humanos.png 901w, https:\/\/aprovacao.website\/brisot\/wp-content\/uploads\/2021\/08\/recursos-humanos-300x78.png 300w, https:\/\/aprovacao.website\/brisot\/wp-content\/uploads\/2021\/08\/recursos-humanos-768x199.png 768w, https:\/\/aprovacao.website\/brisot\/wp-content\/uploads\/2021\/08\/recursos-humanos-705x182.png 705w\" sizes=\"(max-width: 901px) 100vw, 901px\" \/><\/div><\/li><\/ul><\/div>\n<div class=\"flex_column av_one_full  av-animated-generic bottom-to-top  flex_column_div av-zero-column-padding first  avia-builder-el-1  el_after_av_slideshow  el_before_av_one_full  \" style='margin-top:0px; margin-bottom:0px; border-radius:0px; '><p><div  style='padding-bottom:0px; ' class='av-special-heading av-special-heading-h2  blockquote modern-quote  avia-builder-el-2  el_before_av_hr  avia-builder-el-first  '><h2 class='av-special-heading-tag '  itemprop=\"headline\"  >Recursos Humanos<\/h2><div class='special-heading-border'><div class='special-heading-inner-border' ><\/div><\/div><\/div><br \/>\n<div  style=' margin-top:10px; margin-bottom:10px;'  class='hr hr-custom hr-left hr-icon-no   avia-builder-el-3  el_after_av_heading  avia-builder-el-last '><span class='hr-inner  inner-border-av-border-fat' style=' width:50px; border-color:#fe7300;' ><span class='hr-inner-style'><\/span><\/span><\/div><\/p><\/div><div class=\"flex_column av_one_full  av-animated-generic bottom-to-top  flex_column_div av-zero-column-padding first  avia-builder-el-4  el_after_av_one_full  el_before_av_button  column-top-margin\" style='margin-top:0px; margin-bottom:0px; border-radius:0px; '><section class=\"av_textblock_section \"  itemscope=\"itemscope\" itemtype=\"https:\/\/schema.org\/CreativeWork\" ><div class='avia_textblock  '   itemprop=\"text\" ><p>Com o maior acesso \u00e0s tecnologias de produ\u00e7\u00e3o e com a consequente padroniza\u00e7\u00e3o dos diferenciais t\u00e9cnicos dos produtos, os principais diferenciais competitivos das organiza\u00e7\u00f5es concentram-se cada vez mais em atributos intang\u00edveis. Dentre estes atributos, o mais importante \u00e9 o gerenciamento eficiente dos recursos humanos, que se multiplica em novos diferenciais, diretos e indiretos, em todos os produtos e servi\u00e7os da empresa.<br \/>\nPor interm\u00e9dio das avalia\u00e7\u00f5es e pesquisas a Brisot Consultoria pode verificar \u00edndices de satisfa\u00e7\u00e3o de colaboradores e clientes tra\u00e7ando solu\u00e7\u00f5es inteligentes em consultoria, assessoria e treinamento para construir uma Gest\u00e3o Estrat\u00e9gica em Recursos Humanos, baseados nos conhecimentos e experi\u00eancias em gest\u00e3o da qualidade.<\/p>\n<p><strong>Servi\u00e7os<\/strong><\/p>\n<p>Pesquisa de Satisfa\u00e7\u00e3o de Clientes<br \/>\nPesquisa de Clima Organizacional<br \/>\nAdministra\u00e7\u00e3o de est\u00e1gios em Sistema de Gest\u00e3o Empresarial<br \/>\nRecrutamento e Sele\u00e7\u00e3o<br \/>\nGest\u00e3o de treinamentos<br \/>\nTeambuilding: Times Integrados<br \/>\nComunica\u00e7\u00e3o e Relacionamento Interpessoal<br \/>\nTreinamentos Personalizados<br \/>\nAssessment \/ Mapeamento e Gest\u00e3o de Compet\u00eancias<br \/>\nGest\u00e3o de Carreira \/ Coaching<\/p>\n<p>Para maiores esclarecimentos a respeito de nossa metodologia e solicitar uma proposta, entre em contato com nosso setor comercial.<\/p>\n<\/div><\/section><\/div><div  class='avia-button-wrap avia-button-left  avia-builder-el-6  el_after_av_one_full  avia-builder-el-last ' ><a href='https:\/\/brisot.com.br\/web\/contato?palestras_incompany=207185'  class='avia-button  avia-color-orange   avia-icon_select-no avia-size-large avia-position-left '   ><span class='avia_iconbox_title' >SOLICITE SUA PROPOSTA<\/span><\/a><\/div><\/p>\n","protected":false},"excerpt":{"rendered":"","protected":false},"author":1,"featured_media":344,"parent":0,"menu_order":0,"comment_status":"closed","ping_status":"closed","template":"","meta":{"footnotes":""},"class_list":["post-338","page","type-page","status-publish","has-post-thumbnail","hentry"],"_links":{"self":[{"href":"https:\/\/aprovacao.website\/brisot\/wp-json\/wp\/v2\/pages\/338","targetHints":{"allow":["GET"]}}],"collection":[{"href":"https:\/\/aprovacao.website\/brisot\/wp-json\/wp\/v2\/pages"}],"about":[{"href":"https:\/\/aprovacao.website\/brisot\/wp-json\/wp\/v2\/types\/page"}],"author":[{"embeddable":true,"href":"https:\/\/aprovacao.website\/brisot\/wp-json\/wp\/v2\/users\/1"}],"replies":[{"embeddable":true,"href":"https:\/\/aprovacao.website\/brisot\/wp-json\/wp\/v2\/comments?post=338"}],"version-history":[{"count":1,"href":"https:\/\/aprovacao.website\/brisot\/wp-json\/wp\/v2\/pages\/338\/revisions"}],"predecessor-version":[{"id":345,"href":"https:\/\/aprovacao.website\/brisot\/wp-json\/wp\/v2\/pages\/338\/revisions\/345"}],"wp:featuredmedia":[{"embeddable":true,"href":"https:\/\/aprovacao.website\/brisot\/wp-json\/wp\/v2\/media\/344"}],"wp:attachment":[{"href":"https:\/\/aprovacao.website\/brisot\/wp-json\/wp\/v2\/media?parent=338"}],"curies":[{"name":"wp","href":"https:\/\/api.w.org\/{rel}","templated":true}]}}