{"id":337,"date":"2021-08-03T21:08:31","date_gmt":"2021-08-03T21:08:31","guid":{"rendered":"https:\/\/aprovacao.website\/brisot\/?page_id=337"},"modified":"2021-08-03T21:08:31","modified_gmt":"2021-08-03T21:08:31","slug":"qualidade","status":"publish","type":"page","link":"https:\/\/aprovacao.website\/brisot\/qualidade\/","title":{"rendered":"Qualidade"},"content":{"rendered":"<div   data-size='featured_large'  data-lightbox_size='large'  data-animation='fade'  data-conditional_play=''  data-ids='342'  data-video_counter='0'  data-autoplay='true'  data-bg_slider='false'  data-slide_height=''  data-handle='av_slideshow'  data-interval='5'  data-class=' avia-builder-el-0  el_before_av_one_full  avia-builder-el-first  '  data-el_id=''  data-css_id=''  data-scroll_down=''  data-control_layout='av-control-hidden'  data-custom_markup=''  data-perma_caption=''  data-autoplay_stopper=''  data-image_attachment=''  data-min_height='0px'  data-lazy_loading='disabled'  data-default-height='42'  class='avia-slideshow avia-slideshow-1  av-control-hidden av-default-height-applied avia-slideshow-featured_large av_slideshow  avia-builder-el-0  el_before_av_one_full  avia-builder-el-first   avia-fade-slider '  itemprop=\"image\" itemscope=\"itemscope\" itemtype=\"https:\/\/schema.org\/ImageObject\" ><ul class='avia-slideshow-inner ' style='padding-bottom: 25.860155382908%;' ><li  class=' av-single-slide slide-1 ' ><div data-rel='slideshow-1' class='avia-slide-wrap '   ><img decoding=\"async\" class=\"wp-image-342 avia-img-lazy-loading-not-342\"  src=\"https:\/\/aprovacao.website\/brisot\/wp-content\/uploads\/2021\/08\/qualidade.png\" width=\"901\" height=\"233\" title='qualidade' alt=''  itemprop=\"thumbnailUrl\" srcset=\"https:\/\/aprovacao.website\/brisot\/wp-content\/uploads\/2021\/08\/qualidade.png 901w, https:\/\/aprovacao.website\/brisot\/wp-content\/uploads\/2021\/08\/qualidade-300x78.png 300w, https:\/\/aprovacao.website\/brisot\/wp-content\/uploads\/2021\/08\/qualidade-768x199.png 768w, https:\/\/aprovacao.website\/brisot\/wp-content\/uploads\/2021\/08\/qualidade-705x182.png 705w\" sizes=\"(max-width: 901px) 100vw, 901px\" \/><\/div><\/li><\/ul><\/div>\n<div class=\"flex_column av_one_full  av-animated-generic bottom-to-top  flex_column_div av-zero-column-padding first  avia-builder-el-1  el_after_av_slideshow  el_before_av_one_full  \" style='margin-top:0px; margin-bottom:0px; border-radius:0px; '><p><div  style='padding-bottom:0px; ' class='av-special-heading av-special-heading-h2  blockquote modern-quote  avia-builder-el-2  el_before_av_hr  avia-builder-el-first  '><h2 class='av-special-heading-tag '  itemprop=\"headline\"  >Qualidade<\/h2><div class='special-heading-border'><div class='special-heading-inner-border' ><\/div><\/div><\/div><br \/>\n<div  style=' margin-top:10px; margin-bottom:10px;'  class='hr hr-custom hr-left hr-icon-no   avia-builder-el-3  el_after_av_heading  avia-builder-el-last '><span class='hr-inner  inner-border-av-border-fat' style=' width:50px; border-color:#fe7300;' ><span class='hr-inner-style'><\/span><\/span><\/div><\/p><\/div><div class=\"flex_column av_one_full  av-animated-generic bottom-to-top  flex_column_div av-zero-column-padding first  avia-builder-el-4  el_after_av_one_full  el_before_av_button  column-top-margin\" style='margin-top:0px; margin-bottom:0px; border-radius:0px; '><section class=\"av_textblock_section \"  itemscope=\"itemscope\" itemtype=\"https:\/\/schema.org\/CreativeWork\" ><div class='avia_textblock  '   itemprop=\"text\" ><p>Com propostas objetivas e criativas, a equipe de consultores da Brisot atende os objetivos espec\u00edficos de diversos setores quanto a implementa\u00e7\u00e3o, capacita\u00e7\u00e3o e manuten\u00e7\u00e3o dos diferentes requisitos normativos, legais e metodol\u00f3gicos na \u00e1rea de gest\u00e3o da qualidade. Oferecemos solu\u00e7\u00f5es em consultoria, treinamento e auditoria nas seguintes normas e modelos de gest\u00e3o:<\/p>\n<p><strong>NBR ISO 9001<br \/>\n<\/strong>Sistema de Gest\u00e3o da Qualidade<br \/>\nA ISO 9001 \u00e9 a norma de sistema de Gest\u00e3o da Qualidade mais conhecida e implementada no mundo.<\/p>\n<p>Um sistema de Gest\u00e3o baseado em seus requisitos define os seguintes pontos: contexto da organiza\u00e7\u00e3o, lideran\u00e7a, planejamento, recursos, opera\u00e7\u00e3o, desempenho e melhoria.<\/p>\n<p>A certifica\u00e7\u00e3o desse sistema firma a credibilidade da organiza\u00e7\u00e3o perante o mercado em que atua.<\/p>\n<p><strong>NBR ISO 17020<\/strong><\/p>\n<p>Gest\u00e3o da Qualidade para Organismos de Inspe\u00e7\u00e3o Veicular.<\/p>\n<p>Esse sistema de Gest\u00e3o deve ser acreditado pelo INMETRO.<\/p>\n<p><strong>NBR ISO 17025<\/strong><\/p>\n<p>Gest\u00e3o da Qualidade para Laborat\u00f3rios.<\/p>\n<p>Esse sistema de Gest\u00e3o deve ser acreditado pelo INMETRO.<\/p>\n<p><strong>Programa 5S \/ CQT 5S:2019<\/strong><\/p>\n<p>Gest\u00e3o do programa 5S Japon\u00eas, seguindo os requisitos da norma CQT 5S &#8211; 5S POWER<\/p>\n<p>Esse sistema de gest\u00e3o tem como objetivo a implementa\u00e7\u00e3o dos requisitos b\u00e1sicos da filosofia dos 5 sensos japon\u00eas e uma estrutura de gest\u00e3o para garantir a sua manuten\u00e7\u00e3o, dando a possibilidade de certifica\u00e7\u00e3o por um organismo de certifica\u00e7\u00e3o de sistemas de terceira parte.<\/p>\n<p><strong>Programa CAME<br \/>\n<\/strong>(compet\u00eancia aplicada \u00e0 melhoria e evolu\u00e7\u00e3o)<br \/>\nAn\u00e1lise e gest\u00e3o de riscos e oportunidades<br \/>\nFerramentas da qualidade e produtividade<br \/>\nTPM &#8211; Total Productive Maintenance<br \/>\nGest\u00e3o de Compet\u00eancias<\/p>\n<p>Para maiores esclarecimentos a respeito de nossa metodologia e solicitar uma proposta, entre em contato com nosso setor comercial.<\/p>\n<\/div><\/section><\/div><div  class='avia-button-wrap avia-button-left  avia-builder-el-6  el_after_av_one_full  avia-builder-el-last ' ><a href='https:\/\/brisot.com.br\/web\/contato?palestras_incompany=207185'  class='avia-button  avia-color-orange   avia-icon_select-no avia-size-large avia-position-left '   ><span class='avia_iconbox_title' >SOLICITE SUA PROPOSTA<\/span><\/a><\/div><\/p>\n","protected":false},"excerpt":{"rendered":"","protected":false},"author":1,"featured_media":342,"parent":0,"menu_order":0,"comment_status":"closed","ping_status":"closed","template":"","meta":{"footnotes":""},"class_list":["post-337","page","type-page","status-publish","has-post-thumbnail","hentry"],"_links":{"self":[{"href":"https:\/\/aprovacao.website\/brisot\/wp-json\/wp\/v2\/pages\/337","targetHints":{"allow":["GET"]}}],"collection":[{"href":"https:\/\/aprovacao.website\/brisot\/wp-json\/wp\/v2\/pages"}],"about":[{"href":"https:\/\/aprovacao.website\/brisot\/wp-json\/wp\/v2\/types\/page"}],"author":[{"embeddable":true,"href":"https:\/\/aprovacao.website\/brisot\/wp-json\/wp\/v2\/users\/1"}],"replies":[{"embeddable":true,"href":"https:\/\/aprovacao.website\/brisot\/wp-json\/wp\/v2\/comments?post=337"}],"version-history":[{"count":1,"href":"https:\/\/aprovacao.website\/brisot\/wp-json\/wp\/v2\/pages\/337\/revisions"}],"predecessor-version":[{"id":343,"href":"https:\/\/aprovacao.website\/brisot\/wp-json\/wp\/v2\/pages\/337\/revisions\/343"}],"wp:featuredmedia":[{"embeddable":true,"href":"https:\/\/aprovacao.website\/brisot\/wp-json\/wp\/v2\/media\/342"}],"wp:attachment":[{"href":"https:\/\/aprovacao.website\/brisot\/wp-json\/wp\/v2\/media?parent=337"}],"curies":[{"name":"wp","href":"https:\/\/api.w.org\/{rel}","templated":true}]}}