{"id":331,"date":"2021-08-03T20:32:08","date_gmt":"2021-08-03T20:32:08","guid":{"rendered":"https:\/\/aprovacao.website\/brisot\/?page_id=331"},"modified":"2021-08-03T20:32:08","modified_gmt":"2021-08-03T20:32:08","slug":"pbqp-h","status":"publish","type":"page","link":"https:\/\/aprovacao.website\/brisot\/pbqp-h\/","title":{"rendered":"PBQP-H"},"content":{"rendered":"<div   data-size='featured_large'  data-lightbox_size='large'  data-animation='fade'  data-conditional_play=''  data-ids='332'  data-video_counter='0'  data-autoplay='true'  data-bg_slider='false'  data-slide_height=''  data-handle='av_slideshow'  data-interval='5'  data-class=' avia-builder-el-0  el_before_av_one_full  avia-builder-el-first  '  data-el_id=''  data-css_id=''  data-scroll_down=''  data-control_layout='av-control-hidden'  data-custom_markup=''  data-perma_caption=''  data-autoplay_stopper=''  data-image_attachment=''  data-min_height='0px'  data-lazy_loading='disabled'  data-default-height='42'  class='avia-slideshow avia-slideshow-1  av-control-hidden av-default-height-applied avia-slideshow-featured_large av_slideshow  avia-builder-el-0  el_before_av_one_full  avia-builder-el-first   avia-fade-slider '  itemprop=\"image\" itemscope=\"itemscope\" itemtype=\"https:\/\/schema.org\/ImageObject\" ><ul class='avia-slideshow-inner ' style='padding-bottom: 25.860155382908%;' ><li  class=' av-single-slide slide-1 ' ><div data-rel='slideshow-1' class='avia-slide-wrap '   ><img decoding=\"async\" class=\"wp-image-332 avia-img-lazy-loading-not-332\"  src=\"https:\/\/aprovacao.website\/brisot\/wp-content\/uploads\/2021\/08\/pbqp-h.png\" width=\"901\" height=\"233\" title='pbqp-h' alt=''  itemprop=\"thumbnailUrl\" srcset=\"https:\/\/aprovacao.website\/brisot\/wp-content\/uploads\/2021\/08\/pbqp-h.png 901w, https:\/\/aprovacao.website\/brisot\/wp-content\/uploads\/2021\/08\/pbqp-h-300x78.png 300w, https:\/\/aprovacao.website\/brisot\/wp-content\/uploads\/2021\/08\/pbqp-h-768x199.png 768w, https:\/\/aprovacao.website\/brisot\/wp-content\/uploads\/2021\/08\/pbqp-h-705x182.png 705w\" sizes=\"(max-width: 901px) 100vw, 901px\" \/><\/div><\/li><\/ul><\/div>\n<div class=\"flex_column av_one_full  av-animated-generic bottom-to-top  flex_column_div av-zero-column-padding first  avia-builder-el-1  el_after_av_slideshow  el_before_av_one_full  \" style='margin-top:0px; margin-bottom:0px; border-radius:0px; '><p><div  style='padding-bottom:0px; ' class='av-special-heading av-special-heading-h2  blockquote modern-quote  avia-builder-el-2  el_before_av_hr  avia-builder-el-first  '><h2 class='av-special-heading-tag '  itemprop=\"headline\"  >PBQP-H<\/h2><div class='special-heading-border'><div class='special-heading-inner-border' ><\/div><\/div><\/div><br \/>\n<div  style=' margin-top:10px; margin-bottom:10px;'  class='hr hr-custom hr-left hr-icon-no   avia-builder-el-3  el_after_av_heading  avia-builder-el-last '><span class='hr-inner  inner-border-av-border-fat' style=' width:50px; border-color:#fe7300;' ><span class='hr-inner-style'><\/span><\/span><\/div><\/p><\/div><div class=\"flex_column av_one_full  av-animated-generic bottom-to-top  flex_column_div av-zero-column-padding first  avia-builder-el-4  el_after_av_one_full  el_before_av_button  column-top-margin\" style='margin-top:0px; margin-bottom:0px; border-radius:0px; '><section class=\"av_textblock_section \"  itemscope=\"itemscope\" itemtype=\"https:\/\/schema.org\/CreativeWork\" ><div class='avia_textblock  '   itemprop=\"text\" ><p><strong>PBQP-H<br \/>\n<\/strong><br \/>\nO PBQP-H (Programa Brasileiro da Qualidade e Produtividade do Habitat)\u00a0\u00e9 um instrumento do Governo Federal para cumprimento dos compromissos\u00a0firmados pelo Brasil na assinatura da Carta de Istambul. A sua meta \u00e9\u00a0organizar o setor da constru\u00e7\u00e3o civil em torno de duas quest\u00f5es: a melhoria\u00a0da qualidade do habitat e a moderniza\u00e7\u00e3o produtiva.\u00a0A busca por essas quest\u00f5es envolve a\u00e7\u00f5es como: avalia\u00e7\u00e3o da conformidade\u00a0de empresas de servi\u00e7os e obras, melhorias da qualidade de materiais,\u00a0forma\u00e7\u00e3o e requalifica\u00e7\u00e3o de m\u00e3o de obra, normaliza\u00e7\u00e3o t\u00e9cnica,\u00a0capacita\u00e7\u00e3o de laborat\u00f3rios, avalia\u00e7\u00e3o de tecnologias inovadoras,\u00a0informa\u00e7\u00e3o ao consumidor e promo\u00e7\u00e3o da comunica\u00e7\u00e3o entre setores\u00a0envolvidos.<\/p>\n<p><strong>SIAC &#8211; Execu\u00e7\u00e3o em Obras<\/strong><\/p>\n<p><strong>Edifica\u00e7\u00f5es &#8211; Saneamento B\u00e1sico &#8211; Vi\u00e1rias &#8211;\u00a0Artes Especiais<br \/>\n<\/strong><br \/>\nRequisitos de documenta\u00e7\u00e3o<br \/>\nPol\u00edtica de Qualidade<br \/>\nPlanejamento<br \/>\nAn\u00e1lise Cr\u00edtica<br \/>\nControle de Processos:<br \/>\nProjeto<br \/>\nAquisi\u00e7\u00e3o<br \/>\nProdu\u00e7\u00e3o<br \/>\nFornecimento<br \/>\nMedi\u00e7\u00e3o e Monitoramento<\/p>\n<p><strong>Certifica\u00e7\u00e3o em Niveis<br \/>\n<\/strong><br \/>\nN\u00edvel B: Controle de processos<br \/>\nN\u00edvel A: Melhoria Continua<\/p>\n<p>Para maiores esclarecimentos a respeito de nossa metodologia e solicitar uma proposta, entre em contato com nosso setor comercial.<\/p>\n<\/div><\/section><\/div><div  class='avia-button-wrap avia-button-left  avia-builder-el-6  el_after_av_one_full  avia-builder-el-last ' ><a href='https:\/\/brisot.com.br\/web\/contato?palestras_incompany=207185'  class='avia-button  avia-color-orange   avia-icon_select-no avia-size-large avia-position-left '   ><span class='avia_iconbox_title' >SOLICITE SUA PROPOSTA<\/span><\/a><\/div><\/p>\n","protected":false},"excerpt":{"rendered":"","protected":false},"author":1,"featured_media":332,"parent":0,"menu_order":0,"comment_status":"closed","ping_status":"closed","template":"","meta":{"footnotes":""},"class_list":["post-331","page","type-page","status-publish","has-post-thumbnail","hentry"],"_links":{"self":[{"href":"https:\/\/aprovacao.website\/brisot\/wp-json\/wp\/v2\/pages\/331","targetHints":{"allow":["GET"]}}],"collection":[{"href":"https:\/\/aprovacao.website\/brisot\/wp-json\/wp\/v2\/pages"}],"about":[{"href":"https:\/\/aprovacao.website\/brisot\/wp-json\/wp\/v2\/types\/page"}],"author":[{"embeddable":true,"href":"https:\/\/aprovacao.website\/brisot\/wp-json\/wp\/v2\/users\/1"}],"replies":[{"embeddable":true,"href":"https:\/\/aprovacao.website\/brisot\/wp-json\/wp\/v2\/comments?post=331"}],"version-history":[{"count":1,"href":"https:\/\/aprovacao.website\/brisot\/wp-json\/wp\/v2\/pages\/331\/revisions"}],"predecessor-version":[{"id":333,"href":"https:\/\/aprovacao.website\/brisot\/wp-json\/wp\/v2\/pages\/331\/revisions\/333"}],"wp:featuredmedia":[{"embeddable":true,"href":"https:\/\/aprovacao.website\/brisot\/wp-json\/wp\/v2\/media\/332"}],"wp:attachment":[{"href":"https:\/\/aprovacao.website\/brisot\/wp-json\/wp\/v2\/media?parent=331"}],"curies":[{"name":"wp","href":"https:\/\/api.w.org\/{rel}","templated":true}]}}