{"id":328,"date":"2021-08-03T20:30:13","date_gmt":"2021-08-03T20:30:13","guid":{"rendered":"https:\/\/aprovacao.website\/brisot\/?page_id=328"},"modified":"2021-08-03T20:30:13","modified_gmt":"2021-08-03T20:30:13","slug":"ona","status":"publish","type":"page","link":"https:\/\/aprovacao.website\/brisot\/ona\/","title":{"rendered":"ONA"},"content":{"rendered":"<div   data-size='featured_large'  data-lightbox_size='large'  data-animation='fade'  data-conditional_play=''  data-ids='329'  data-video_counter='0'  data-autoplay='true'  data-bg_slider='false'  data-slide_height=''  data-handle='av_slideshow'  data-interval='5'  data-class=' avia-builder-el-0  el_before_av_one_full  avia-builder-el-first  '  data-el_id=''  data-css_id=''  data-scroll_down=''  data-control_layout='av-control-hidden'  data-custom_markup=''  data-perma_caption=''  data-autoplay_stopper=''  data-image_attachment=''  data-min_height='0px'  data-lazy_loading='disabled'  data-default-height='42'  class='avia-slideshow avia-slideshow-1  av-control-hidden av-default-height-applied avia-slideshow-featured_large av_slideshow  avia-builder-el-0  el_before_av_one_full  avia-builder-el-first   avia-fade-slider '  itemprop=\"image\" itemscope=\"itemscope\" itemtype=\"https:\/\/schema.org\/ImageObject\" ><ul class='avia-slideshow-inner ' style='padding-bottom: 25.860155382908%;' ><li  class=' av-single-slide slide-1 ' ><div data-rel='slideshow-1' class='avia-slide-wrap '   ><img decoding=\"async\" class=\"wp-image-329 avia-img-lazy-loading-not-329\"  src=\"https:\/\/aprovacao.website\/brisot\/wp-content\/uploads\/2021\/08\/ona.png\" width=\"901\" height=\"233\" title='ona' alt=''  itemprop=\"thumbnailUrl\" srcset=\"https:\/\/aprovacao.website\/brisot\/wp-content\/uploads\/2021\/08\/ona.png 901w, https:\/\/aprovacao.website\/brisot\/wp-content\/uploads\/2021\/08\/ona-300x78.png 300w, https:\/\/aprovacao.website\/brisot\/wp-content\/uploads\/2021\/08\/ona-768x199.png 768w, https:\/\/aprovacao.website\/brisot\/wp-content\/uploads\/2021\/08\/ona-705x182.png 705w\" sizes=\"(max-width: 901px) 100vw, 901px\" \/><\/div><\/li><\/ul><\/div>\n<div class=\"flex_column av_one_full  av-animated-generic bottom-to-top  flex_column_div av-zero-column-padding first  avia-builder-el-1  el_after_av_slideshow  el_before_av_one_full  \" style='margin-top:0px; margin-bottom:0px; border-radius:0px; '><p><div  style='padding-bottom:0px; ' class='av-special-heading av-special-heading-h2  blockquote modern-quote  avia-builder-el-2  el_before_av_hr  avia-builder-el-first  '><h2 class='av-special-heading-tag '  itemprop=\"headline\"  >ONA<\/h2><div class='special-heading-border'><div class='special-heading-inner-border' ><\/div><\/div><\/div><br \/>\n<div  style=' margin-top:10px; margin-bottom:10px;'  class='hr hr-custom hr-left hr-icon-no   avia-builder-el-3  el_after_av_heading  avia-builder-el-last '><span class='hr-inner  inner-border-av-border-fat' style=' width:50px; border-color:#fe7300;' ><span class='hr-inner-style'><\/span><\/span><\/div><\/p><\/div><div class=\"flex_column av_one_full  av-animated-generic bottom-to-top  flex_column_div av-zero-column-padding first  avia-builder-el-4  el_after_av_one_full  el_before_av_button  column-top-margin\" style='margin-top:0px; margin-bottom:0px; border-radius:0px; '><section class=\"av_textblock_section \"  itemscope=\"itemscope\" itemtype=\"https:\/\/schema.org\/CreativeWork\" ><div class='avia_textblock  '   itemprop=\"text\" ><div class=\"wrapper conteudo\">\n<div class=\"container\">\n<div class=\"row\">\n<div class=\"col-md-9\">\n<p><strong>Acredita\u00e7\u00e3o ONA<\/strong><br \/>\nAcredita\u00e7\u00e3o \u00e9 um sistema de avalia\u00e7\u00e3o e certifica\u00e7\u00e3o da qualidade de servi\u00e7os de sa\u00fade, volunt\u00e1rio, peri\u00f3dico e reservado.<br \/>\nApresentando princ\u00edpios de car\u00e1ter eminentemente educativos, a acredita\u00e7\u00e3o \u00e9 voltada para a melhoria continua, sem fiscaliza\u00e7\u00e3o ou controle oficial e \u00e9 realizada por uma institui\u00e7\u00e3o acreditadora credenciada (IAC) pela Organiza\u00e7\u00e3o Nacional de Acredita\u00e7\u00e3o (ONA). A mesma avalia se as institui\u00e7\u00f5es de sa\u00fade est\u00e3o atendendo aos padr\u00f5es concebidos para melhorar a qualidade do cuidado ao paciente.<br \/>\nComprovando seus valores e miss\u00e3o, a Brisot Consultoria prepara as institui\u00e7\u00f5es de sa\u00fade para que as mesmas possam atender aos padr\u00f5es de qualidade estabelecidos e sequencialmente se certifiquem pela ONA.<\/p>\n<p><strong>CONFORMIDADE MANUAL DAS ORGANIZA\u00c7\u00d5ES PRESTADORAS DE SERVI\u00c7OS HOSPITALARES<\/strong><br \/>\nLideran\u00e7a e administra\u00e7\u00e3o<br \/>\nOrganiza\u00e7\u00e3o Profissional<br \/>\nServi\u00e7o de Aten\u00e7\u00e3o ao Paciente\/Cliente<br \/>\nDiagn\u00f3stico<br \/>\nApoio T\u00e9cnico<br \/>\nAbastecimento e apoio Log\u00edstico<br \/>\nInfraestrutura<br \/>\nEnsino e pesquisa<\/p>\n<p><strong>ACREDITA\u00c7\u00c3O EM N\u00cdVEIS<br \/>\n<\/strong>N\u00edvel 1: Acreditado &#8211; Requisitos B\u00e1sicos.<br \/>\nN\u00edvel 2: Acreditado Pleno &#8211; Requisitos B\u00e1sicos e Procedimentos Padronizados.<br \/>\nN\u00edvel 3: Acreditado com Excel\u00eancia &#8211; Requisitos anteriores e indicadores de Gest\u00e3o comparado ao BENCHMARKING.<\/p>\n<p>Para maiores esclarecimentos a respeito de nossa metodologia e solicitar uma proposta, entre em contato com nosso setor comercial.<\/p>\n<\/div>\n<\/div>\n<\/div>\n<\/div>\n<\/div><\/section><\/div><div  class='avia-button-wrap avia-button-left  avia-builder-el-6  el_after_av_one_full  avia-builder-el-last ' ><a href='https:\/\/brisot.com.br\/web\/contato?palestras_incompany=207185'  class='avia-button  avia-color-orange   avia-icon_select-no avia-size-large avia-position-left '   ><span class='avia_iconbox_title' >SOLICITE SUA PROPOSTA<\/span><\/a><\/div><\/p>\n","protected":false},"excerpt":{"rendered":"","protected":false},"author":1,"featured_media":329,"parent":0,"menu_order":0,"comment_status":"closed","ping_status":"closed","template":"","meta":{"footnotes":""},"class_list":["post-328","page","type-page","status-publish","has-post-thumbnail","hentry"],"_links":{"self":[{"href":"https:\/\/aprovacao.website\/brisot\/wp-json\/wp\/v2\/pages\/328","targetHints":{"allow":["GET"]}}],"collection":[{"href":"https:\/\/aprovacao.website\/brisot\/wp-json\/wp\/v2\/pages"}],"about":[{"href":"https:\/\/aprovacao.website\/brisot\/wp-json\/wp\/v2\/types\/page"}],"author":[{"embeddable":true,"href":"https:\/\/aprovacao.website\/brisot\/wp-json\/wp\/v2\/users\/1"}],"replies":[{"embeddable":true,"href":"https:\/\/aprovacao.website\/brisot\/wp-json\/wp\/v2\/comments?post=328"}],"version-history":[{"count":1,"href":"https:\/\/aprovacao.website\/brisot\/wp-json\/wp\/v2\/pages\/328\/revisions"}],"predecessor-version":[{"id":330,"href":"https:\/\/aprovacao.website\/brisot\/wp-json\/wp\/v2\/pages\/328\/revisions\/330"}],"wp:featuredmedia":[{"embeddable":true,"href":"https:\/\/aprovacao.website\/brisot\/wp-json\/wp\/v2\/media\/329"}],"wp:attachment":[{"href":"https:\/\/aprovacao.website\/brisot\/wp-json\/wp\/v2\/media?parent=328"}],"curies":[{"name":"wp","href":"https:\/\/api.w.org\/{rel}","templated":true}]}}