{"id":322,"date":"2021-08-03T20:24:27","date_gmt":"2021-08-03T20:24:27","guid":{"rendered":"https:\/\/aprovacao.website\/brisot\/?page_id=322"},"modified":"2021-08-03T20:24:27","modified_gmt":"2021-08-03T20:24:27","slug":"medical-devices","status":"publish","type":"page","link":"https:\/\/aprovacao.website\/brisot\/medical-devices\/","title":{"rendered":"Medical Devices"},"content":{"rendered":"<div   data-size='featured_large'  data-lightbox_size='large'  data-animation='fade'  data-conditional_play=''  data-ids='324'  data-video_counter='0'  data-autoplay='true'  data-bg_slider='false'  data-slide_height=''  data-handle='av_slideshow'  data-interval='5'  data-class=' avia-builder-el-0  el_before_av_one_full  avia-builder-el-first  '  data-el_id=''  data-css_id=''  data-scroll_down=''  data-control_layout='av-control-hidden'  data-custom_markup=''  data-perma_caption=''  data-autoplay_stopper=''  data-image_attachment=''  data-min_height='0px'  data-lazy_loading='disabled'  data-default-height='42'  class='avia-slideshow avia-slideshow-1  av-control-hidden av-default-height-applied avia-slideshow-featured_large av_slideshow  avia-builder-el-0  el_before_av_one_full  avia-builder-el-first   avia-fade-slider '  itemprop=\"image\" itemscope=\"itemscope\" itemtype=\"https:\/\/schema.org\/ImageObject\" ><ul class='avia-slideshow-inner ' style='padding-bottom: 25.860155382908%;' ><li  class=' av-single-slide slide-1 ' ><div data-rel='slideshow-1' class='avia-slide-wrap '   ><img decoding=\"async\" class=\"wp-image-324 avia-img-lazy-loading-not-324\"  src=\"https:\/\/aprovacao.website\/brisot\/wp-content\/uploads\/2021\/08\/medical-devices.png\" width=\"901\" height=\"233\" title='medical-devices' alt=''  itemprop=\"thumbnailUrl\" srcset=\"https:\/\/aprovacao.website\/brisot\/wp-content\/uploads\/2021\/08\/medical-devices.png 901w, https:\/\/aprovacao.website\/brisot\/wp-content\/uploads\/2021\/08\/medical-devices-300x78.png 300w, https:\/\/aprovacao.website\/brisot\/wp-content\/uploads\/2021\/08\/medical-devices-768x199.png 768w, https:\/\/aprovacao.website\/brisot\/wp-content\/uploads\/2021\/08\/medical-devices-705x182.png 705w\" sizes=\"(max-width: 901px) 100vw, 901px\" \/><\/div><\/li><\/ul><\/div>\n<div class=\"flex_column av_one_full  av-animated-generic bottom-to-top  flex_column_div av-zero-column-padding first  avia-builder-el-1  el_after_av_slideshow  el_before_av_one_full  \" style='margin-top:0px; margin-bottom:0px; border-radius:0px; '><p><div  style='padding-bottom:0px; ' class='av-special-heading av-special-heading-h2  blockquote modern-quote  avia-builder-el-2  el_before_av_hr  avia-builder-el-first  '><h2 class='av-special-heading-tag '  itemprop=\"headline\"  >Medical Devices<\/h2><div class='special-heading-border'><div class='special-heading-inner-border' ><\/div><\/div><\/div><br \/>\n<div  style=' margin-top:10px; margin-bottom:10px;'  class='hr hr-custom hr-left hr-icon-no   avia-builder-el-3  el_after_av_heading  avia-builder-el-last '><span class='hr-inner  inner-border-av-border-fat' style=' width:50px; border-color:#fe7300;' ><span class='hr-inner-style'><\/span><\/span><\/div><\/p><\/div><div class=\"flex_column av_one_full  av-animated-generic bottom-to-top  flex_column_div av-zero-column-padding first  avia-builder-el-4  el_after_av_one_full  el_before_av_button  column-top-margin\" style='margin-top:0px; margin-bottom:0px; border-radius:0px; '><section class=\"av_textblock_section \"  itemscope=\"itemscope\" itemtype=\"https:\/\/schema.org\/CreativeWork\" ><div class='avia_textblock  '   itemprop=\"text\" ><p><strong>Medical Devices<br \/>\n<\/strong><br \/>\nA ISO 13485 \u00e9 uma norma internacional, que possibilita \u00e0s organiza\u00e7\u00f5es a implementa\u00e7\u00e3o de um Sistema de Gest\u00e3o da Qualidade direcionado \u00e0 ind\u00fastria de dispositivos m\u00e9dicos, atrav\u00e9s do estabelecimento de uma pol\u00edtica da qualidade, controles e gerenciamento de riscos.<br \/>\nA ind\u00fastria m\u00e9dica comp\u00f5e uma enorme complexidade de produtos, ou seja, todos os equipamentos envolvidos na sa\u00fade e\/ou que est\u00e3o auxiliando o setor m\u00e9dico a tratar o paciente &#8211; desde o bisturi at\u00e9 aparelhos de diagnose, tais como um simples aparelho de raio-X at\u00e9 um aparelho de Resson\u00e2ncia Magn\u00e9tica.<br \/>\nEsses instrumentos necessitam de regulamenta\u00e7\u00e3o, cuidados e controle de todos os envolvidos.<br \/>\nA complexidade \u00e9 tanta que na Europa existem v\u00e1rias diretrizes publicadas para explicar a regulamenta\u00e7\u00e3o do setor. A principal \u00e9 a MDD &#8211; Medical Device Directive, que explica os requisitos para cada tipo de aparelho m\u00e9dico. A vigil\u00e2ncia Sanit\u00e1ria tem equivalentes no Brasil, que s\u00e3o quase que id\u00eanticos, e facilitam a regulamenta\u00e7\u00e3o internacional de tais produtos.<\/p>\n<p>O passo seguinte, ap\u00f3s se certificar na ISO 13485 \u00e9 a marca CE &#8211; Conformidade Europeia.<\/p>\n<p><strong>INTERESSADOS PELO PROCESSO DE ACREDITA\u00c7\u00c3O<br \/>\n<\/strong><br \/>\nL\u00edderes e administradores;<br \/>\nProfissionais de sa\u00fade<br \/>\nOrganiza\u00e7\u00f5es de sa\u00fade<br \/>\nSistemas compradores<br \/>\nGoverno<br \/>\nCidad\u00e3o<\/p>\n<p>Para maiores esclarecimentos a respeito de nossa metodologia e solicitar uma proposta, entre em contato com nosso setor comercial.<\/p>\n<\/div><\/section><\/div><div  class='avia-button-wrap avia-button-left  avia-builder-el-6  el_after_av_one_full  avia-builder-el-last ' ><a href='https:\/\/brisot.com.br\/web\/contato?palestras_incompany=207185'  class='avia-button  avia-color-orange   avia-icon_select-no avia-size-large avia-position-left '   ><span class='avia_iconbox_title' >SOLICITE SUA PROPOSTA<\/span><\/a><\/div><\/p>\n","protected":false},"excerpt":{"rendered":"","protected":false},"author":1,"featured_media":324,"parent":0,"menu_order":0,"comment_status":"closed","ping_status":"closed","template":"","meta":{"footnotes":""},"class_list":["post-322","page","type-page","status-publish","has-post-thumbnail","hentry"],"_links":{"self":[{"href":"https:\/\/aprovacao.website\/brisot\/wp-json\/wp\/v2\/pages\/322","targetHints":{"allow":["GET"]}}],"collection":[{"href":"https:\/\/aprovacao.website\/brisot\/wp-json\/wp\/v2\/pages"}],"about":[{"href":"https:\/\/aprovacao.website\/brisot\/wp-json\/wp\/v2\/types\/page"}],"author":[{"embeddable":true,"href":"https:\/\/aprovacao.website\/brisot\/wp-json\/wp\/v2\/users\/1"}],"replies":[{"embeddable":true,"href":"https:\/\/aprovacao.website\/brisot\/wp-json\/wp\/v2\/comments?post=322"}],"version-history":[{"count":1,"href":"https:\/\/aprovacao.website\/brisot\/wp-json\/wp\/v2\/pages\/322\/revisions"}],"predecessor-version":[{"id":325,"href":"https:\/\/aprovacao.website\/brisot\/wp-json\/wp\/v2\/pages\/322\/revisions\/325"}],"wp:featuredmedia":[{"embeddable":true,"href":"https:\/\/aprovacao.website\/brisot\/wp-json\/wp\/v2\/media\/324"}],"wp:attachment":[{"href":"https:\/\/aprovacao.website\/brisot\/wp-json\/wp\/v2\/media?parent=322"}],"curies":[{"name":"wp","href":"https:\/\/api.w.org\/{rel}","templated":true}]}}