{"id":319,"date":"2021-08-03T20:22:24","date_gmt":"2021-08-03T20:22:24","guid":{"rendered":"https:\/\/aprovacao.website\/brisot\/?page_id=319"},"modified":"2021-08-03T20:22:24","modified_gmt":"2021-08-03T20:22:24","slug":"gestao-energetica","status":"publish","type":"page","link":"https:\/\/aprovacao.website\/brisot\/gestao-energetica\/","title":{"rendered":"Gest\u00e3o Energ\u00e9tica"},"content":{"rendered":"<div   data-size='featured_large'  data-lightbox_size='large'  data-animation='fade'  data-conditional_play=''  data-ids='320'  data-video_counter='0'  data-autoplay='true'  data-bg_slider='false'  data-slide_height=''  data-handle='av_slideshow'  data-interval='5'  data-class=' avia-builder-el-0  el_before_av_one_full  avia-builder-el-first  '  data-el_id=''  data-css_id=''  data-scroll_down=''  data-control_layout='av-control-hidden'  data-custom_markup=''  data-perma_caption=''  data-autoplay_stopper=''  data-image_attachment=''  data-min_height='0px'  data-lazy_loading='disabled'  data-default-height='42'  class='avia-slideshow avia-slideshow-1  av-control-hidden av-default-height-applied avia-slideshow-featured_large av_slideshow  avia-builder-el-0  el_before_av_one_full  avia-builder-el-first   avia-fade-slider '  itemprop=\"image\" itemscope=\"itemscope\" itemtype=\"https:\/\/schema.org\/ImageObject\" ><ul class='avia-slideshow-inner ' style='padding-bottom: 25.860155382908%;' ><li  class=' av-single-slide slide-1 ' ><div data-rel='slideshow-1' class='avia-slide-wrap '   ><img decoding=\"async\" class=\"wp-image-320 avia-img-lazy-loading-not-320\"  src=\"https:\/\/aprovacao.website\/brisot\/wp-content\/uploads\/2021\/08\/gestao-energetica.png\" width=\"901\" height=\"233\" title='gestao-energetica' alt=''  itemprop=\"thumbnailUrl\" srcset=\"https:\/\/aprovacao.website\/brisot\/wp-content\/uploads\/2021\/08\/gestao-energetica.png 901w, https:\/\/aprovacao.website\/brisot\/wp-content\/uploads\/2021\/08\/gestao-energetica-300x78.png 300w, https:\/\/aprovacao.website\/brisot\/wp-content\/uploads\/2021\/08\/gestao-energetica-768x199.png 768w, https:\/\/aprovacao.website\/brisot\/wp-content\/uploads\/2021\/08\/gestao-energetica-705x182.png 705w\" sizes=\"(max-width: 901px) 100vw, 901px\" \/><\/div><\/li><\/ul><\/div>\n<div class=\"flex_column av_one_full  av-animated-generic bottom-to-top  flex_column_div av-zero-column-padding first  avia-builder-el-1  el_after_av_slideshow  el_before_av_one_full  \" style='margin-top:0px; margin-bottom:0px; border-radius:0px; '><p><div  style='padding-bottom:0px; ' class='av-special-heading av-special-heading-h2  blockquote modern-quote  avia-builder-el-2  el_before_av_hr  avia-builder-el-first  '><h2 class='av-special-heading-tag '  itemprop=\"headline\"  >Gest\u00e3o Energ\u00e9tica<\/h2><div class='special-heading-border'><div class='special-heading-inner-border' ><\/div><\/div><\/div><br \/>\n<div  style=' margin-top:10px; margin-bottom:10px;'  class='hr hr-custom hr-left hr-icon-no   avia-builder-el-3  el_after_av_heading  avia-builder-el-last '><span class='hr-inner  inner-border-av-border-fat' style=' width:50px; border-color:#fe7300;' ><span class='hr-inner-style'><\/span><\/span><\/div><\/p><\/div><div class=\"flex_column av_one_full  av-animated-generic bottom-to-top  flex_column_div av-zero-column-padding first  avia-builder-el-4  el_after_av_one_full  el_before_av_button  column-top-margin\" style='margin-top:0px; margin-bottom:0px; border-radius:0px; '><section class=\"av_textblock_section \"  itemscope=\"itemscope\" itemtype=\"https:\/\/schema.org\/CreativeWork\" ><div class='avia_textblock  '   itemprop=\"text\" ><p><strong>ISO 50001<\/strong><\/p>\n<p>Mais que uma medida a ser tomada pelas empresas que buscam efici\u00eancia e otimiza\u00e7\u00e3o do uso dos recursos energ\u00e9ticos, a implanta\u00e7\u00e3o de um Sistema de Gest\u00e3o de Energia (SGE) \u00e9 quase uma exig\u00eancia. Organiza\u00e7\u00f5es respons\u00e1veis est\u00e3o se alinhando cada vez mais \u00e0s condi\u00e7\u00f5es estabelecidos pela ISO 50001 e se destacando no mercado.<br \/>\nAl\u00e9m da adequa\u00e7\u00e3o a um padr\u00e3o internacional e ao sistema de gest\u00e3o que mais cresce no mundo, a Brisot oferece a oportunidade de as organiza\u00e7\u00f5es fazerem uso da energia de maneira segura, possibilitando assim, melhoras na performance e redu\u00e7\u00e3o de desperd\u00edcios.<br \/>\nOs dados verificados no processo de certifica\u00e7\u00e3o ser\u00e3o mensurados e ajudar\u00e3o a analisar a efici\u00eancia energ\u00e9tica, fato que, apoia a melhoria constante da gest\u00e3o de energia.<\/p>\n<p><strong>Consultoria, Auditoria e Treinamento<\/strong><br \/>\n<strong>ISO 50001<br \/>\n<\/strong><br \/>\nSistema de Gest\u00e3o de Energia;<br \/>\nConsultoria na implementa\u00e7\u00e3o dos requisitos da norma e avalia\u00e7\u00e3o energ\u00e9tica;<br \/>\nTreinamentos de interpreta\u00e7\u00e3o de requisitos;<br \/>\nForma\u00e7\u00e3o de Auditores Internos;<br \/>\nForma\u00e7\u00e3o de Auditores l\u00edderes.<\/p>\n<p>Para maiores esclarecimentos a respeito de nossa metodologia e solicitar uma proposta, entre em contato com nosso setor comercial.<\/p>\n<\/div><\/section><\/div><div  class='avia-button-wrap avia-button-left  avia-builder-el-6  el_after_av_one_full  avia-builder-el-last ' ><a href='https:\/\/brisot.com.br\/web\/contato?palestras_incompany=207185'  class='avia-button  avia-color-orange   avia-icon_select-no avia-size-large avia-position-left '   ><span class='avia_iconbox_title' >SOLICITE SUA PROPOSTA<\/span><\/a><\/div><\/p>\n","protected":false},"excerpt":{"rendered":"","protected":false},"author":1,"featured_media":320,"parent":0,"menu_order":0,"comment_status":"closed","ping_status":"closed","template":"","meta":{"footnotes":""},"class_list":["post-319","page","type-page","status-publish","has-post-thumbnail","hentry"],"_links":{"self":[{"href":"https:\/\/aprovacao.website\/brisot\/wp-json\/wp\/v2\/pages\/319","targetHints":{"allow":["GET"]}}],"collection":[{"href":"https:\/\/aprovacao.website\/brisot\/wp-json\/wp\/v2\/pages"}],"about":[{"href":"https:\/\/aprovacao.website\/brisot\/wp-json\/wp\/v2\/types\/page"}],"author":[{"embeddable":true,"href":"https:\/\/aprovacao.website\/brisot\/wp-json\/wp\/v2\/users\/1"}],"replies":[{"embeddable":true,"href":"https:\/\/aprovacao.website\/brisot\/wp-json\/wp\/v2\/comments?post=319"}],"version-history":[{"count":1,"href":"https:\/\/aprovacao.website\/brisot\/wp-json\/wp\/v2\/pages\/319\/revisions"}],"predecessor-version":[{"id":321,"href":"https:\/\/aprovacao.website\/brisot\/wp-json\/wp\/v2\/pages\/319\/revisions\/321"}],"wp:featuredmedia":[{"embeddable":true,"href":"https:\/\/aprovacao.website\/brisot\/wp-json\/wp\/v2\/media\/320"}],"wp:attachment":[{"href":"https:\/\/aprovacao.website\/brisot\/wp-json\/wp\/v2\/media?parent=319"}],"curies":[{"name":"wp","href":"https:\/\/api.w.org\/{rel}","templated":true}]}}