{"id":306,"date":"2021-08-03T19:53:41","date_gmt":"2021-08-03T19:53:41","guid":{"rendered":"https:\/\/aprovacao.website\/brisot\/?page_id=306"},"modified":"2021-08-03T19:53:41","modified_gmt":"2021-08-03T19:53:41","slug":"automotivo","status":"publish","type":"page","link":"https:\/\/aprovacao.website\/brisot\/automotivo\/","title":{"rendered":"Automotivo"},"content":{"rendered":"<div   data-size='featured_large'  data-lightbox_size='large'  data-animation='fade'  data-conditional_play=''  data-ids='307'  data-video_counter='0'  data-autoplay='true'  data-bg_slider='false'  data-slide_height=''  data-handle='av_slideshow'  data-interval='5'  data-class=' avia-builder-el-0  el_before_av_one_full  avia-builder-el-first  '  data-el_id=''  data-css_id=''  data-scroll_down=''  data-control_layout='av-control-hidden'  data-custom_markup=''  data-perma_caption=''  data-autoplay_stopper=''  data-image_attachment=''  data-min_height='0px'  data-lazy_loading='disabled'  data-default-height='42'  class='avia-slideshow avia-slideshow-1  av-control-hidden av-default-height-applied avia-slideshow-featured_large av_slideshow  avia-builder-el-0  el_before_av_one_full  avia-builder-el-first   avia-fade-slider '  itemprop=\"image\" itemscope=\"itemscope\" itemtype=\"https:\/\/schema.org\/ImageObject\" ><ul class='avia-slideshow-inner ' style='padding-bottom: 25.860155382908%;' ><li  class=' av-single-slide slide-1 ' ><div data-rel='slideshow-1' class='avia-slide-wrap '   ><img decoding=\"async\" class=\"wp-image-307 avia-img-lazy-loading-not-307\"  src=\"https:\/\/aprovacao.website\/brisot\/wp-content\/uploads\/2021\/08\/automotivo.png\" width=\"901\" height=\"233\" title='automotivo' alt=''  itemprop=\"thumbnailUrl\" srcset=\"https:\/\/aprovacao.website\/brisot\/wp-content\/uploads\/2021\/08\/automotivo.png 901w, https:\/\/aprovacao.website\/brisot\/wp-content\/uploads\/2021\/08\/automotivo-300x78.png 300w, https:\/\/aprovacao.website\/brisot\/wp-content\/uploads\/2021\/08\/automotivo-768x199.png 768w, https:\/\/aprovacao.website\/brisot\/wp-content\/uploads\/2021\/08\/automotivo-705x182.png 705w\" sizes=\"(max-width: 901px) 100vw, 901px\" \/><\/div><\/li><\/ul><\/div>\n<div class=\"flex_column av_one_full  av-animated-generic bottom-to-top  flex_column_div av-zero-column-padding first  avia-builder-el-1  el_after_av_slideshow  el_before_av_one_full  \" style='margin-top:0px; margin-bottom:0px; border-radius:0px; '><p><div  style='padding-bottom:0px; ' class='av-special-heading av-special-heading-h2  blockquote modern-quote  avia-builder-el-2  el_before_av_hr  avia-builder-el-first  '><h2 class='av-special-heading-tag '  itemprop=\"headline\"  >Automotivo<\/h2><div class='special-heading-border'><div class='special-heading-inner-border' ><\/div><\/div><\/div><br \/>\n<div  style=' margin-top:10px; margin-bottom:10px;'  class='hr hr-custom hr-left hr-icon-no   avia-builder-el-3  el_after_av_heading  avia-builder-el-last '><span class='hr-inner  inner-border-av-border-fat' style=' width:50px; border-color:#fe7300;' ><span class='hr-inner-style'><\/span><\/span><\/div><\/p><\/div><div class=\"flex_column av_one_full  av-animated-generic bottom-to-top  flex_column_div av-zero-column-padding first  avia-builder-el-4  el_after_av_one_full  el_before_av_button  column-top-margin\" style='margin-top:0px; margin-bottom:0px; border-radius:0px; '><section class=\"av_textblock_section \"  itemscope=\"itemscope\" itemtype=\"https:\/\/schema.org\/CreativeWork\" ><div class='avia_textblock  '   itemprop=\"text\" ><p><strong>ISO TS<\/strong><br \/>\nA ISO\/TS 16949 desenvolvida pela IATF (International Automotive Task Force) \u00e9 um padr\u00e3o internacional, portanto reconhecido em todo mundo, para a gest\u00e3o da qualidade aplicada \u00e0s empresas alinhadas a cadeia de fornecimento da ind\u00fastria automobil\u00edstica.<\/p>\n<p>Al\u00e9m de conter os oito princ\u00edpios e requisitos da ISO 9001, define o atendimento de exig\u00eancias especificas de cada cliente.<\/p>\n<p>Os principais benef\u00edcios para estas empresas est\u00e1 na vantagem comercial na negocia\u00e7\u00e3o de contratos com a ind\u00fastria automotiva ou seus sub fornecedores, no foco claro na melhoria continua, na \u00eanfase da preven\u00e7\u00e3o de falhas, redu\u00e7\u00e3o da variabilidade e desperd\u00edcios, al\u00e9m da economia de tempo e dinheiro evitando uma certifica\u00e7\u00e3o especifica para cada cliente, por exemplo, VDA 6.1 (Alemanha), AVSQ (It\u00e1lia), EAQF (Fran\u00e7a) e outros.<\/p>\n<p>Se sua empresa pertence a cadeia de fornecimento da ind\u00fastria automotiva, \u00e9 fundamental para manter a satisfa\u00e7\u00e3o dos seus clientes que s\u00f3 seus produtos ou servi\u00e7os atendam as exig\u00eancias deles, que s\u00e3o definidas pelos fabricantes de ve\u00edculos automotivos, levando sua empresa a administrar seus processos de modo a assegurar e superar as exig\u00eancias especificadas.<\/p>\n<p>Por outro lado, os grandes fabricantes de ve\u00edculos automotivos s\u00f3 contratam fornecedores certificados na ISO\/TS 16949 e estes exigem que seus fornecedores tamb\u00e9m o sejam, e assim por diante e por toda a cadeia de fornecimento.<\/p>\n<p><strong>FERRAMENTAS DA QUALIDADE CORE TOOLS<br \/>\n<\/strong><br \/>\nFMEA &#8211; Failure Mode and Effect Analysis<br \/>\n(An\u00e1lise dos Modos de Falha e seus Efeitos)<br \/>\nAPQP \u2013 Advanced Product Quality Planning (planejamento avan\u00e7ado da qualidade do produto)<br \/>\nPPAP &#8211; Processo de Aprova\u00e7\u00e3o de Pe\u00e7as de Produ\u00e7\u00e3o<br \/>\nMSA \u2013 An\u00e1lise de Sistemas de Medi\u00e7\u00e3o<br \/>\nMeasurement Systems Analysis<\/p>\n<p>Para maiores esclarecimentos a respeito de nossa metodologia e solicitar uma proposta, entre em contato com nosso setor comercial.<\/p>\n<\/div><\/section><\/div><div  class='avia-button-wrap avia-button-left  avia-builder-el-6  el_after_av_one_full  avia-builder-el-last ' ><a href='https:\/\/brisot.com.br\/web\/contato?palestras_incompany=207185'  class='avia-button  avia-color-orange   avia-icon_select-no avia-size-large avia-position-left '   ><span class='avia_iconbox_title' >SOLICITE SUA PROPOSTA<\/span><\/a><\/div><\/p>\n","protected":false},"excerpt":{"rendered":"","protected":false},"author":1,"featured_media":307,"parent":0,"menu_order":0,"comment_status":"closed","ping_status":"closed","template":"","meta":{"footnotes":""},"class_list":["post-306","page","type-page","status-publish","has-post-thumbnail","hentry"],"_links":{"self":[{"href":"https:\/\/aprovacao.website\/brisot\/wp-json\/wp\/v2\/pages\/306","targetHints":{"allow":["GET"]}}],"collection":[{"href":"https:\/\/aprovacao.website\/brisot\/wp-json\/wp\/v2\/pages"}],"about":[{"href":"https:\/\/aprovacao.website\/brisot\/wp-json\/wp\/v2\/types\/page"}],"author":[{"embeddable":true,"href":"https:\/\/aprovacao.website\/brisot\/wp-json\/wp\/v2\/users\/1"}],"replies":[{"embeddable":true,"href":"https:\/\/aprovacao.website\/brisot\/wp-json\/wp\/v2\/comments?post=306"}],"version-history":[{"count":1,"href":"https:\/\/aprovacao.website\/brisot\/wp-json\/wp\/v2\/pages\/306\/revisions"}],"predecessor-version":[{"id":308,"href":"https:\/\/aprovacao.website\/brisot\/wp-json\/wp\/v2\/pages\/306\/revisions\/308"}],"wp:featuredmedia":[{"embeddable":true,"href":"https:\/\/aprovacao.website\/brisot\/wp-json\/wp\/v2\/media\/307"}],"wp:attachment":[{"href":"https:\/\/aprovacao.website\/brisot\/wp-json\/wp\/v2\/media?parent=306"}],"curies":[{"name":"wp","href":"https:\/\/api.w.org\/{rel}","templated":true}]}}