{"id":299,"date":"2021-08-03T19:47:48","date_gmt":"2021-08-03T19:47:48","guid":{"rendered":"https:\/\/aprovacao.website\/brisot\/?page_id=299"},"modified":"2021-08-03T19:47:48","modified_gmt":"2021-08-03T19:47:48","slug":"antissuborno","status":"publish","type":"page","link":"https:\/\/aprovacao.website\/brisot\/antissuborno\/","title":{"rendered":"Antissuborno"},"content":{"rendered":"<div   data-size='featured_large'  data-lightbox_size='large'  data-animation='fade'  data-conditional_play=''  data-ids='300'  data-video_counter='0'  data-autoplay='true'  data-bg_slider='false'  data-slide_height=''  data-handle='av_slideshow'  data-interval='5'  data-class=' avia-builder-el-0  el_before_av_one_full  avia-builder-el-first  '  data-el_id=''  data-css_id=''  data-scroll_down=''  data-control_layout='av-control-hidden'  data-custom_markup=''  data-perma_caption=''  data-autoplay_stopper=''  data-image_attachment=''  data-min_height='0px'  data-lazy_loading='disabled'  data-default-height='42'  class='avia-slideshow avia-slideshow-1  av-control-hidden av-default-height-applied avia-slideshow-featured_large av_slideshow  avia-builder-el-0  el_before_av_one_full  avia-builder-el-first   avia-fade-slider '  itemprop=\"image\" itemscope=\"itemscope\" itemtype=\"https:\/\/schema.org\/ImageObject\" ><ul class='avia-slideshow-inner ' style='padding-bottom: 25.860155382908%;' ><li  class=' av-single-slide slide-1 ' ><div data-rel='slideshow-1' class='avia-slide-wrap '   ><img decoding=\"async\" class=\"wp-image-300 avia-img-lazy-loading-not-300\"  src=\"https:\/\/aprovacao.website\/brisot\/wp-content\/uploads\/2021\/08\/antissuborno.png\" width=\"901\" height=\"233\" title='antissuborno' alt=''  itemprop=\"thumbnailUrl\" srcset=\"https:\/\/aprovacao.website\/brisot\/wp-content\/uploads\/2021\/08\/antissuborno.png 901w, https:\/\/aprovacao.website\/brisot\/wp-content\/uploads\/2021\/08\/antissuborno-300x78.png 300w, https:\/\/aprovacao.website\/brisot\/wp-content\/uploads\/2021\/08\/antissuborno-768x199.png 768w, https:\/\/aprovacao.website\/brisot\/wp-content\/uploads\/2021\/08\/antissuborno-705x182.png 705w\" sizes=\"(max-width: 901px) 100vw, 901px\" \/><\/div><\/li><\/ul><\/div>\n<div class=\"flex_column av_one_full  av-animated-generic bottom-to-top  flex_column_div av-zero-column-padding first  avia-builder-el-1  el_after_av_slideshow  el_before_av_one_full  \" style='margin-top:0px; margin-bottom:0px; border-radius:0px; '><p><div  style='padding-bottom:0px; ' class='av-special-heading av-special-heading-h2  blockquote modern-quote  avia-builder-el-2  el_before_av_hr  avia-builder-el-first  '><h2 class='av-special-heading-tag '  itemprop=\"headline\"  >Antissuborno<\/h2><div class='special-heading-border'><div class='special-heading-inner-border' ><\/div><\/div><\/div><br \/>\n<div  style=' margin-top:10px; margin-bottom:10px;'  class='hr hr-custom hr-left hr-icon-no   avia-builder-el-3  el_after_av_heading  avia-builder-el-last '><span class='hr-inner  inner-border-av-border-fat' style=' width:50px; border-color:#fe7300;' ><span class='hr-inner-style'><\/span><\/span><\/div><\/p><\/div><div class=\"flex_column av_one_full  av-animated-generic bottom-to-top  flex_column_div av-zero-column-padding first  avia-builder-el-4  el_after_av_one_full  el_before_av_button  column-top-margin\" style='margin-top:0px; margin-bottom:0px; border-radius:0px; '><section class=\"av_textblock_section \"  itemscope=\"itemscope\" itemtype=\"https:\/\/schema.org\/CreativeWork\" ><div class='avia_textblock  '   itemprop=\"text\" ><p>A corrup\u00e7\u00e3o deve ser combatida, pois \u00e9 um dos grandes maus que afligem a nossa sociedade. Portanto, uma organiza\u00e7\u00e3o que tem a capacidade de demonstrar ao mercado que realiza suas atividades de maneira correta, honesta, em acordo com as legisla\u00e7\u00f5es e regulamentos, atende os padr\u00f5es internacionais e nacionais aplic\u00e1veis ao neg\u00f3cio, pode, sem d\u00favida alguma ter vantagens competitivas.<\/p>\n<p>A norma NBR ISO 37001:2017 estabelece requisitos e fornece orienta\u00e7\u00f5es para a implementa\u00e7\u00e3o, manuten\u00e7\u00e3o, an\u00e1lise cr\u00edtica e melhoria de um sistema de gest\u00e3o antissuborno. O sistema pode ser independente ou pode estar harmonizado a um sistema de gest\u00e3o integrado.<\/p>\n<p>Esta Norma aborda o seguinte, em rela\u00e7\u00e3o \u00e0s atividades da organiza\u00e7\u00e3o:<\/p>\n<ul>\n<li>Suborno nos setores p\u00fablico, privado e sem fins lucrativos;<\/li>\n<li>Suborno pela organiza\u00e7\u00e3o;<\/li>\n<li>Suborno pelo pessoal da organiza\u00e7\u00e3o atuando em nome da organiza\u00e7\u00e3o ou para seu benef\u00edcio;<\/li>\n<li>Suborno pelos parceiros de neg\u00f3cio da organiza\u00e7\u00e3o atuando em nome da organiza\u00e7\u00e3o ou para seu benef\u00edcio;<\/li>\n<li>Suborno da organiza\u00e7\u00e3o;<\/li>\n<li>Suborno do pessoal da organiza\u00e7\u00e3o em rela\u00e7\u00e3o \u00e0s atividades da organiza\u00e7\u00e3o;<\/li>\n<li>Suborno dos parceiros de neg\u00f3cio da organiza\u00e7\u00e3o em rela\u00e7\u00e3o \u00e0s atividades da organiza\u00e7\u00e3o;<\/li>\n<li>Suborno direto ou indireto (por exemplo, um suborno oferecido ou aceito por meio ou por uma terceira parte).<\/li>\n<\/ul>\n<p>A Norma \u00e9 aplic\u00e1vel apenas a suborno. Ela estabelece requisitos e fornece orienta\u00e7\u00f5es para um sistema de gest\u00e3o concebido para ajudar uma organiza\u00e7\u00e3o a prevenir, detectar e responder ao suborno e cumprir com as leis antissuborno e comprometimentos volunt\u00e1rios aplic\u00e1veis \u00e0s suas atividades.<\/p>\n<p>Consulte-nos e receba uma proposta para implementa\u00e7\u00e3o desse sistema.<\/p>\n<\/div><\/section><\/div><div  class='avia-button-wrap avia-button-left  avia-builder-el-6  el_after_av_one_full  avia-builder-el-last ' ><a href='https:\/\/brisot.com.br\/web\/contato?palestras_incompany=207185'  class='avia-button  avia-color-orange   avia-icon_select-no avia-size-large avia-position-left '   ><span class='avia_iconbox_title' >SOLICITE SUA PROPOSTA<\/span><\/a><\/div><\/p>\n","protected":false},"excerpt":{"rendered":"","protected":false},"author":1,"featured_media":301,"parent":0,"menu_order":0,"comment_status":"closed","ping_status":"closed","template":"","meta":{"footnotes":""},"class_list":["post-299","page","type-page","status-publish","has-post-thumbnail","hentry"],"_links":{"self":[{"href":"https:\/\/aprovacao.website\/brisot\/wp-json\/wp\/v2\/pages\/299","targetHints":{"allow":["GET"]}}],"collection":[{"href":"https:\/\/aprovacao.website\/brisot\/wp-json\/wp\/v2\/pages"}],"about":[{"href":"https:\/\/aprovacao.website\/brisot\/wp-json\/wp\/v2\/types\/page"}],"author":[{"embeddable":true,"href":"https:\/\/aprovacao.website\/brisot\/wp-json\/wp\/v2\/users\/1"}],"replies":[{"embeddable":true,"href":"https:\/\/aprovacao.website\/brisot\/wp-json\/wp\/v2\/comments?post=299"}],"version-history":[{"count":1,"href":"https:\/\/aprovacao.website\/brisot\/wp-json\/wp\/v2\/pages\/299\/revisions"}],"predecessor-version":[{"id":302,"href":"https:\/\/aprovacao.website\/brisot\/wp-json\/wp\/v2\/pages\/299\/revisions\/302"}],"wp:featuredmedia":[{"embeddable":true,"href":"https:\/\/aprovacao.website\/brisot\/wp-json\/wp\/v2\/media\/301"}],"wp:attachment":[{"href":"https:\/\/aprovacao.website\/brisot\/wp-json\/wp\/v2\/media?parent=299"}],"curies":[{"name":"wp","href":"https:\/\/api.w.org\/{rel}","templated":true}]}}