{"id":288,"date":"2021-08-03T19:37:50","date_gmt":"2021-08-03T19:37:50","guid":{"rendered":"https:\/\/aprovacao.website\/brisot\/?page_id=288"},"modified":"2021-08-03T19:41:58","modified_gmt":"2021-08-03T19:41:58","slug":"aeroespacial","status":"publish","type":"page","link":"https:\/\/aprovacao.website\/brisot\/aeroespacial\/","title":{"rendered":"Aeroespacial"},"content":{"rendered":"<div   data-size='featured_large'  data-lightbox_size='large'  data-animation='fade'  data-conditional_play=''  data-ids='292'  data-video_counter='0'  data-autoplay='true'  data-bg_slider='false'  data-slide_height=''  data-handle='av_slideshow'  data-interval='5'  data-class=' avia-builder-el-0  el_before_av_one_full  avia-builder-el-first  '  data-el_id=''  data-css_id=''  data-scroll_down=''  data-control_layout='av-control-hidden'  data-custom_markup=''  data-perma_caption=''  data-autoplay_stopper=''  data-image_attachment=''  data-min_height='0px'  data-lazy_loading='disabled'  data-default-height='42'  class='avia-slideshow avia-slideshow-1  av-control-hidden av-default-height-applied avia-slideshow-featured_large av_slideshow  avia-builder-el-0  el_before_av_one_full  avia-builder-el-first   avia-fade-slider '  itemprop=\"image\" itemscope=\"itemscope\" itemtype=\"https:\/\/schema.org\/ImageObject\" ><ul class='avia-slideshow-inner ' style='padding-bottom: 25.860155382908%;' ><li  class=' av-single-slide slide-1 ' ><div data-rel='slideshow-1' class='avia-slide-wrap '   ><img decoding=\"async\" class=\"wp-image-292 avia-img-lazy-loading-not-292\"  src=\"https:\/\/aprovacao.website\/brisot\/wp-content\/uploads\/2021\/08\/aeroespacial.png\" width=\"901\" height=\"233\" title='aeroespacial' alt=''  itemprop=\"thumbnailUrl\" srcset=\"https:\/\/aprovacao.website\/brisot\/wp-content\/uploads\/2021\/08\/aeroespacial.png 901w, https:\/\/aprovacao.website\/brisot\/wp-content\/uploads\/2021\/08\/aeroespacial-300x78.png 300w, https:\/\/aprovacao.website\/brisot\/wp-content\/uploads\/2021\/08\/aeroespacial-768x199.png 768w, https:\/\/aprovacao.website\/brisot\/wp-content\/uploads\/2021\/08\/aeroespacial-705x182.png 705w\" sizes=\"(max-width: 901px) 100vw, 901px\" \/><\/div><\/li><\/ul><\/div>\n<div class=\"flex_column av_one_full  av-animated-generic bottom-to-top  flex_column_div av-zero-column-padding first  avia-builder-el-1  el_after_av_slideshow  el_before_av_one_full  \" style='margin-top:0px; margin-bottom:0px; border-radius:0px; '><p><div  style='padding-bottom:0px; ' class='av-special-heading av-special-heading-h2  blockquote modern-quote  avia-builder-el-2  el_before_av_hr  avia-builder-el-first  '><h2 class='av-special-heading-tag '  itemprop=\"headline\"  >Aeroespacial<\/h2><div class='special-heading-border'><div class='special-heading-inner-border' ><\/div><\/div><\/div><br \/>\n<div  style=' margin-top:10px; margin-bottom:10px;'  class='hr hr-custom hr-left hr-icon-no   avia-builder-el-3  el_after_av_heading  avia-builder-el-last '><span class='hr-inner  inner-border-av-border-fat' style=' width:50px; border-color:#fe7300;' ><span class='hr-inner-style'><\/span><\/span><\/div><\/p><\/div>\n<div class=\"flex_column av_one_full  av-animated-generic bottom-to-top  flex_column_div av-zero-column-padding first  avia-builder-el-4  el_after_av_one_full  el_before_av_button  column-top-margin\" style='margin-top:0px; margin-bottom:0px; border-radius:0px; '><section class=\"av_textblock_section \"  itemscope=\"itemscope\" itemtype=\"https:\/\/schema.org\/CreativeWork\" ><div class='avia_textblock  '   itemprop=\"text\" ><div class=\"wrapper conteudo\">\n<div class=\"container\">\n<div class=\"row\">\n<div class=\"col-md-9\">\n<p>A NBR 15100, \u00e9 equivalente \u00e0 Norma AS 9100 (publicada pela SAE), tem como objetivo padronizar, na maior extens\u00e3o poss\u00edvel, os requisitos para um Sistema de Gest\u00e3o de Qualidade para a ind\u00fastria aeroespacial. Al\u00e9m dos requisitos listados na ISO 9001, foram inclu\u00eddos requisitos espec\u00edficos do setor aeroespacial, necess\u00e1rios para assegurar a seguran\u00e7a, confiabilidade e qualidade dos produtos aeroespaciais.<\/p>\n<p>Os requisitos que a norma NBR 15100, s\u00e3o:<\/p>\n<p>Sistema de gest\u00e3o da qualidade \u2013 Nesse requisito s\u00e3o abordados os aspectos de documenta\u00e7\u00e3o de um sistema de gest\u00e3o da qualidade.<\/p>\n<p>Responsabilidade da Dire\u00e7\u00e3o \u2013 Esse requisito trata das diretrizes estrat\u00e9gicas da empresa para a gest\u00e3o da qualidade.<\/p>\n<p>Gest\u00e3o de recursos \u2013 Provis\u00e3o de recursos, recursos humanos, infraestrutura e ambiente de trabalho s\u00e3o abordados nesse requisito.<\/p>\n<p>Realiza\u00e7\u00e3o do produto \u2013 Planejamento (gest\u00e3o de projeto, gest\u00e3o de riscos, gest\u00e3o da configura\u00e7\u00e3o e controle de transfer\u00eancia de trabalho), relacionamento com cliente, projeto, aquisi\u00e7\u00e3o, produ\u00e7\u00e3o e controle de equipamentos s\u00e3o os requisitos abordados.<\/p>\n<p><strong>Medi\u00e7\u00e3o, an\u00e1lise e melhoria<\/strong> \u2013 Esse requisito trata das medi\u00e7\u00f5es e monitoramento de processos, produto e gest\u00e3o.<\/p>\n<p>Consulte o nosso setor comercial e solicite uma proposta de consultoria, auditoria ou treinamento.<\/p>\n<\/div>\n<\/div>\n<\/div>\n<\/div>\n<div class=\"rodape wrapper\">\n<div class=\"container\">\n<div class=\"row\">\n<div class=\"colunas\">\n<div class=\"col-md-2 col-sm-2 col-xs-12 menu\"><\/div>\n<\/div>\n<\/div>\n<\/div>\n<\/div>\n<\/div><\/section><\/div><div  class='avia-button-wrap avia-button-left  avia-builder-el-6  el_after_av_one_full  avia-builder-el-last ' ><a href='https:\/\/brisot.com.br\/web\/contato?palestras_incompany=207185'  class='avia-button  avia-color-orange   avia-icon_select-no avia-size-large avia-position-left '   ><span class='avia_iconbox_title' >SOLICITE SUA PROPOSTA<\/span><\/a><\/div><\/p>\n","protected":false},"excerpt":{"rendered":"","protected":false},"author":1,"featured_media":293,"parent":0,"menu_order":0,"comment_status":"closed","ping_status":"closed","template":"","meta":{"footnotes":""},"class_list":["post-288","page","type-page","status-publish","has-post-thumbnail","hentry"],"_links":{"self":[{"href":"https:\/\/aprovacao.website\/brisot\/wp-json\/wp\/v2\/pages\/288","targetHints":{"allow":["GET"]}}],"collection":[{"href":"https:\/\/aprovacao.website\/brisot\/wp-json\/wp\/v2\/pages"}],"about":[{"href":"https:\/\/aprovacao.website\/brisot\/wp-json\/wp\/v2\/types\/page"}],"author":[{"embeddable":true,"href":"https:\/\/aprovacao.website\/brisot\/wp-json\/wp\/v2\/users\/1"}],"replies":[{"embeddable":true,"href":"https:\/\/aprovacao.website\/brisot\/wp-json\/wp\/v2\/comments?post=288"}],"version-history":[{"count":6,"href":"https:\/\/aprovacao.website\/brisot\/wp-json\/wp\/v2\/pages\/288\/revisions"}],"predecessor-version":[{"id":625,"href":"https:\/\/aprovacao.website\/brisot\/wp-json\/wp\/v2\/pages\/288\/revisions\/625"}],"wp:featuredmedia":[{"embeddable":true,"href":"https:\/\/aprovacao.website\/brisot\/wp-json\/wp\/v2\/media\/293"}],"wp:attachment":[{"href":"https:\/\/aprovacao.website\/brisot\/wp-json\/wp\/v2\/media?parent=288"}],"curies":[{"name":"wp","href":"https:\/\/api.w.org\/{rel}","templated":true}]}}