{"id":144,"date":"2015-10-22T15:32:53","date_gmt":"2015-10-22T15:32:53","guid":{"rendered":"http:\/\/test.kriesi.at\/construction\/?page_id=144"},"modified":"2021-07-30T18:23:29","modified_gmt":"2021-07-30T18:23:29","slug":"diretor","status":"publish","type":"page","link":"https:\/\/aprovacao.website\/brisot\/a-brisot\/diretor\/","title":{"rendered":"Diretor"},"content":{"rendered":"<div   data-size='featured_large'  data-lightbox_size='large'  data-animation='fade'  data-conditional_play=''  data-ids='261'  data-video_counter='0'  data-autoplay='true'  data-bg_slider='false'  data-slide_height=''  data-handle='av_slideshow'  data-interval='5'  data-class=' avia-builder-el-0  el_before_av_one_full  avia-builder-el-first  '  data-el_id=''  data-css_id=''  data-scroll_down=''  data-control_layout='av-control-hidden'  data-custom_markup=''  data-perma_caption=''  data-autoplay_stopper=''  data-image_attachment=''  data-min_height='0px'  data-lazy_loading='disabled'  data-default-height='42'  class='avia-slideshow avia-slideshow-1  av-control-hidden av-default-height-applied avia-slideshow-featured_large av_slideshow  avia-builder-el-0  el_before_av_one_full  avia-builder-el-first   avia-fade-slider '  itemprop=\"image\" itemscope=\"itemscope\" itemtype=\"https:\/\/schema.org\/ImageObject\" ><ul class='avia-slideshow-inner ' style='padding-bottom: 53.47018572825%;' ><li  class=' av-single-slide slide-1 ' ><div data-rel='slideshow-1' class='avia-slide-wrap '   ><img decoding=\"async\" class=\"wp-image-261 avia-img-lazy-loading-not-261\"  src=\"https:\/\/aprovacao.website\/brisot\/wp-content\/uploads\/2021\/07\/imagens-brisot3.jpg\" width=\"1023\" height=\"547\" title='imagens-brisot3' alt=''  itemprop=\"thumbnailUrl\" srcset=\"https:\/\/aprovacao.website\/brisot\/wp-content\/uploads\/2021\/07\/imagens-brisot3.jpg 1023w, https:\/\/aprovacao.website\/brisot\/wp-content\/uploads\/2021\/07\/imagens-brisot3-300x160.jpg 300w, https:\/\/aprovacao.website\/brisot\/wp-content\/uploads\/2021\/07\/imagens-brisot3-768x411.jpg 768w, https:\/\/aprovacao.website\/brisot\/wp-content\/uploads\/2021\/07\/imagens-brisot3-705x377.jpg 705w\" sizes=\"(max-width: 1023px) 100vw, 1023px\" \/><\/div><\/li><\/ul><\/div>\n<div class=\"flex_column av_one_full  av-animated-generic bottom-to-top  flex_column_div av-zero-column-padding first  avia-builder-el-1  el_after_av_slideshow  el_before_av_one_full  \" style='margin-top:0px; margin-bottom:0px; border-radius:0px; '><p><div  style='padding-bottom:0px; ' class='av-special-heading av-special-heading-h2  blockquote modern-quote  avia-builder-el-2  el_before_av_hr  avia-builder-el-first  '><h2 class='av-special-heading-tag '  itemprop=\"headline\"  >Diretor<\/h2><div class='special-heading-border'><div class='special-heading-inner-border' ><\/div><\/div><\/div><br \/>\n<div  style=' margin-top:10px; margin-bottom:10px;'  class='hr hr-custom hr-left hr-icon-no   avia-builder-el-3  el_after_av_heading  avia-builder-el-last '><span class='hr-inner  inner-border-av-border-fat' style=' width:50px; border-color:#fb7300;' ><span class='hr-inner-style'><\/span><\/span><\/div><\/p><\/div>\n<div class=\"flex_column av_one_full  av-animated-generic bottom-to-top  flex_column_div av-zero-column-padding first  avia-builder-el-4  el_after_av_one_full  el_before_av_one_full  column-top-margin\" style='margin-top:0px; margin-bottom:0px; border-radius:0px; '><section class=\"av_textblock_section \"  itemscope=\"itemscope\" itemtype=\"https:\/\/schema.org\/CreativeWork\" ><div class='avia_textblock  '   itemprop=\"text\" ><p><strong>Eng\u00ba Val\u00e9rio Garcia Brisot<\/strong><\/p>\n<p>Fundador e S\u00f3cio-diretor da Brisot Consultoria &amp; Treinamento Ltda. e da ABECG &#8211; Academia Brisot de Ensino Coorporativo em Gest\u00e3o Ltda.. Engenheiro Mec\u00e2nico graduado pela UNESP\/Bauru, p\u00f3s-graduado em Administra\u00e7\u00e3o de Empresas pela FAAP\/S\u00e3o Paulo, MBA em Planejamento e Gest\u00e3o Ambiental &#8211; UCAM\/Rio de Janeiro. Idealizador do programa Brisot Trainee para universit\u00e1rios. Foi docente e coordenador do curso MBA em Gest\u00e3o Integrada pela FECAP\/Integrale em Bauru. Atuante na \u00e1rea de Sistemas de Gest\u00e3o da Qualidade desde 1992, com participa\u00e7\u00e3o pr\u00e1tica em mais de 450 processos de certifica\u00e7\u00e3o em empresas de diversos segmentos e portes. Possui credenciamento pela Abendi RAC como instrutor dos cursos de Forma\u00e7\u00e3o de Auditor L\u00edder ISO 9001 e ISO 14001. Atualmente \u00e9 auditor l\u00edder (qualidade e energia) e instrutor pela certificadora APCER &#8211; Brasil, foi auditor l\u00edder (qualidade) e instrutor pela certificadora GLC &#8211; Germanischer Lloyd durante 5 anos e auditor e instrutor pela certificadora DNV \u2013 Det Norske Veritas durante 5 anos. Atuou durante 12 anos como auditor, consultor e instrutor credenciado no SEBRAE-SP nos programas Rumo a ISO 9000, sendo respons\u00e1vel pelo repasse dessa metodologia no estado de S\u00e3o Paulo, atualmente credenciado no SEBRAE-NA como instrutor, consultor e conteudista nas \u00e1reas de qualidade, meio ambiente e produ\u00e7\u00e3o. No ano de 2000, criou a metodologia 5S Power e a norma de Gest\u00e3o do Programa 5S, denominada CQT5S: 2000, hoje na vers\u00e3o 2012, com \u00eanfase em Responsabilidade Social. Nos \u00faltimos 20 anos, ministrou mais de 800 treinamentos e palestras abordando temas relacionados \u00e0 produ\u00e7\u00e3o, qualidade e meio ambiente. No ano de 2008, trouxe para Bauru e regi\u00e3o um posto avan\u00e7ado para certifica\u00e7\u00e3o, hoje representando a APCER Brasil &#8211; Certificadora de origem portuguesa. No ano de 2010 participou do desenvolvimento do programa nacional SEBRAE + como conteudista para o PGA &#8211; Programa de Gest\u00e3o Avan\u00e7ada no segmento de processos. Em 2011 desenvolveu o programa Rota 9001 no interior do estado de S\u00e3o Paulo. Em 2012 desenvolveu a BRISOTEAD para ensino a dist\u00e2ncia e coordenou o reconhecimento Abendi RAC da Brisot Consultoria &amp; Treinamento. Em 2013 publicou 3 livros pr\u00e1ticos para implementa\u00e7\u00e3o de sistemas de gest\u00e3o da qualidade, ambiental e programa 5S, formou-se auditor em Gest\u00e3o Energ\u00e9tica \u2013 ISO 50001:2011 pela APCER em Portugal e firmou parceria com as empresas SmartWatt (empresa portuguesa) e Solution (empresa brasileira) para apresentar as melhores solu\u00e7\u00f5es em gest\u00e3o e efici\u00eancia energ\u00e9tica aos clientes da Brisot. Em 2014 formou-se auditor internacional em Gest\u00e3o da Seguran\u00e7a Alimentar \u2013 ISO 22000 e FSSC 22000 pela APCER em Portugal e no Brasil. Em 2015 formou-se auditor interno em Gest\u00e3o de Ativos \u2013 ISO 55001:2014 pela ABRAMAN e lan\u00e7ou os programas ParadISO e EconomISO, voltados a implementa\u00e7\u00e3o de sistemas de gest\u00e3o da qualidade, meio ambiente e energia. Em 2016 formou-se auditor e consultor pela norma NBR 15906 para gest\u00e3o de servi\u00e7os notariais e de registros e pelo pr\u00eamio PQTA, atuando como palestrante pela ANOREG-SP no ano de 2017 nas principais cidades paulistas.<\/p>\n<\/div><\/section><\/div>\n<div class=\"flex_column av_one_full  av-animated-generic bottom-to-top  flex_column_div first  avia-builder-el-6  el_after_av_one_full  avia-builder-el-last  column-top-margin\" style='border-width:1px; border-color:#e1e1e1; border-style:solid; padding:20px; background-color:#fcfcfc; border-radius:0px; '><\/div>\n","protected":false},"excerpt":{"rendered":"","protected":false},"author":1,"featured_media":261,"parent":25,"menu_order":0,"comment_status":"closed","ping_status":"closed","template":"","meta":{"footnotes":""},"class_list":["post-144","page","type-page","status-publish","has-post-thumbnail","hentry"],"_links":{"self":[{"href":"https:\/\/aprovacao.website\/brisot\/wp-json\/wp\/v2\/pages\/144","targetHints":{"allow":["GET"]}}],"collection":[{"href":"https:\/\/aprovacao.website\/brisot\/wp-json\/wp\/v2\/pages"}],"about":[{"href":"https:\/\/aprovacao.website\/brisot\/wp-json\/wp\/v2\/types\/page"}],"author":[{"embeddable":true,"href":"https:\/\/aprovacao.website\/brisot\/wp-json\/wp\/v2\/users\/1"}],"replies":[{"embeddable":true,"href":"https:\/\/aprovacao.website\/brisot\/wp-json\/wp\/v2\/comments?post=144"}],"version-history":[{"count":5,"href":"https:\/\/aprovacao.website\/brisot\/wp-json\/wp\/v2\/pages\/144\/revisions"}],"predecessor-version":[{"id":262,"href":"https:\/\/aprovacao.website\/brisot\/wp-json\/wp\/v2\/pages\/144\/revisions\/262"}],"up":[{"embeddable":true,"href":"https:\/\/aprovacao.website\/brisot\/wp-json\/wp\/v2\/pages\/25"}],"wp:featuredmedia":[{"embeddable":true,"href":"https:\/\/aprovacao.website\/brisot\/wp-json\/wp\/v2\/media\/261"}],"wp:attachment":[{"href":"https:\/\/aprovacao.website\/brisot\/wp-json\/wp\/v2\/media?parent=144"}],"curies":[{"name":"wp","href":"https:\/\/api.w.org\/{rel}","templated":true}]}}