{"id":142,"date":"2015-10-22T15:32:34","date_gmt":"2015-10-22T15:32:34","guid":{"rendered":"http:\/\/test.kriesi.at\/construction\/?page_id=142"},"modified":"2021-08-03T17:17:50","modified_gmt":"2021-08-03T17:17:50","slug":"parceiros","status":"publish","type":"page","link":"https:\/\/aprovacao.website\/brisot\/a-brisot\/parceiros\/","title":{"rendered":"Parceiros"},"content":{"rendered":"<div   data-size='featured_large'  data-lightbox_size='large'  data-animation='fade'  data-conditional_play=''  data-ids='274'  data-video_counter='0'  data-autoplay='true'  data-bg_slider='false'  data-slide_height=''  data-handle='av_slideshow'  data-interval='5'  data-class=' avia-builder-el-0  el_before_av_one_full  avia-builder-el-first  '  data-el_id=''  data-css_id=''  data-scroll_down=''  data-control_layout='av-control-hidden'  data-custom_markup=''  data-perma_caption=''  data-autoplay_stopper=''  data-image_attachment=''  data-min_height='0px'  data-lazy_loading='disabled'  data-default-height='42'  class='avia-slideshow avia-slideshow-1  av-control-hidden av-default-height-applied avia-slideshow-featured_large av_slideshow  avia-builder-el-0  el_before_av_one_full  avia-builder-el-first   avia-fade-slider '  itemprop=\"image\" itemscope=\"itemscope\" itemtype=\"https:\/\/schema.org\/ImageObject\" ><ul class='avia-slideshow-inner ' style='padding-bottom: 53.47018572825%;' ><li  class=' av-single-slide slide-1 ' ><div data-rel='slideshow-1' class='avia-slide-wrap '   ><img decoding=\"async\" class=\"wp-image-274 avia-img-lazy-loading-not-274\"  src=\"https:\/\/aprovacao.website\/brisot\/wp-content\/uploads\/2021\/08\/imagens-brisot8.jpg\" width=\"1023\" height=\"547\" title='imagens-brisot8' alt=''  itemprop=\"thumbnailUrl\" srcset=\"https:\/\/aprovacao.website\/brisot\/wp-content\/uploads\/2021\/08\/imagens-brisot8.jpg 1023w, https:\/\/aprovacao.website\/brisot\/wp-content\/uploads\/2021\/08\/imagens-brisot8-300x160.jpg 300w, https:\/\/aprovacao.website\/brisot\/wp-content\/uploads\/2021\/08\/imagens-brisot8-768x411.jpg 768w, https:\/\/aprovacao.website\/brisot\/wp-content\/uploads\/2021\/08\/imagens-brisot8-705x377.jpg 705w\" sizes=\"(max-width: 1023px) 100vw, 1023px\" \/><\/div><\/li><\/ul><\/div>\n<div class=\"flex_column av_one_full  av-animated-generic bottom-to-top  flex_column_div av-zero-column-padding first  avia-builder-el-1  el_after_av_slideshow  el_before_av_one_full  \" style='margin-top:0px; margin-bottom:0px; border-radius:0px; '><p><div  style='padding-bottom:0px; ' class='av-special-heading av-special-heading-h2  blockquote modern-quote  avia-builder-el-2  el_before_av_hr  avia-builder-el-first  '><h2 class='av-special-heading-tag '  itemprop=\"headline\"  >Parceiros<\/h2><div class='special-heading-border'><div class='special-heading-inner-border' ><\/div><\/div><\/div><br \/>\n<div  style=' margin-top:10px; margin-bottom:10px;'  class='hr hr-custom hr-left hr-icon-no   avia-builder-el-3  el_after_av_heading  avia-builder-el-last '><span class='hr-inner  inner-border-av-border-fat' style=' width:50px; border-color:#fb7300;' ><span class='hr-inner-style'><\/span><\/span><\/div><\/p><\/div><div class=\"flex_column av_one_full  av-animated-generic bottom-to-top  flex_column_div av-zero-column-padding first  avia-builder-el-4  el_after_av_one_full  avia-builder-el-last  column-top-margin\" style='margin-top:0px; margin-bottom:0px; border-radius:0px; '><section class=\"av_textblock_section \"  itemscope=\"itemscope\" itemtype=\"https:\/\/schema.org\/CreativeWork\" ><div class='avia_textblock  '   itemprop=\"text\" ><p><strong>ORGANISMO DE CERTIFICA\u00c7\u00c3O<\/strong><\/p>\n<p><a href=\"https:\/\/abccert.com.br\/\" target=\"_blank\" rel=\"noopener\"><img loading=\"lazy\" decoding=\"async\" class=\"alignnone wp-image-276\" src=\"https:\/\/aprovacao.website\/brisot\/wp-content\/uploads\/2021\/08\/logo-abcert.png\" alt=\"\" width=\"207\" height=\"55\" srcset=\"https:\/\/aprovacao.website\/brisot\/wp-content\/uploads\/2021\/08\/logo-abcert.png 675w, https:\/\/aprovacao.website\/brisot\/wp-content\/uploads\/2021\/08\/logo-abcert-300x80.png 300w\" sizes=\"auto, (max-width: 207px) 100vw, 207px\" \/><\/a><\/p>\n<p><strong>CONSULTORIA &amp; TREINAMENTO<\/strong><br \/>\nATSG &#8211; Academia Tecnol\u00f3gica em Sistemas de Gest\u00e3o &#8211; Porto Alegre<br \/>\nDIN\u00c2MICA CONT\u00c1BIL &#8211; Auditoria Cont\u00e1bil &#8211; Bauru<br \/>\nFOOD SOLUTION &#8211; Engenharia de Alimentos &#8211; Goiania<br \/>\nGON\u00c7ALES &amp; ASSOCIADOS &#8211; Consultoria em Recursos Humanos &#8211; Bauru<br \/>\nLOGIKE ASSOCIADOS S\/C &#8211; Consultoria &#8211; Rio de Janeiro<br \/>\nPROJETO DI\u00c1RIO &#8211; Ferramentas de Gest\u00e3o de Projetos \/ PMI<br \/>\nTOTEM TALENTOS &#8211; Consultoria em Recursos Humanos<br \/>\nAMBPLAN &#8211; Legisla\u00e7\u00e3o para Sistemas de Gest\u00e3o (Amblegis)<\/p>\n<p><strong>INFORM\u00c1TICA<\/strong><br \/>\nTerceiro Mil\u00eanio &#8211; Desenvolvimento de Softwares &#8211; S\u00e3o Paulo<br \/>\n2RS &#8211; Solu\u00e7\u00f5es em Tecnologia<\/p>\n<p><strong>MARKETING<\/strong><br \/>\nELECTA COMUNICA\u00c7\u00c3O &#8211; Ag\u00eancia de Publicidade &#8211; Bauru<br \/>\nLAMIR\u00c9 &#8211; Ag\u00eancia de Publicidade &#8211; Bauru<\/p>\n<p><strong>EDITORAS<\/strong><br \/>\nEPSE &#8211; Editora de Produtos e Servi\u00e7os &#8211; S\u00e3o Paulo<br \/>\nVIENA &#8211; Gr\u00e1fica e Editora &#8211; Santa Cruz do Rio Pardo<\/p>\n<p><strong>LABORAT\u00d3RIOS<\/strong><br \/>\nMETROTEC &#8211; Laborat\u00f3rio Metrol\u00f3gico &#8211; Santo Andr\u00e9<br \/>\nIS-METROLOGIA &#8211; Laborat\u00f3rio Metrol\u00f3gico &#8211; Ribeir\u00e3o Preto<br \/>\nINSTITUTO FALC\u00c3O BAUER &#8211; Laborat\u00f3rio Produtos &#8211; S\u00e3o Paulo<\/p>\n<p><strong>EVENTOS<\/strong><br \/>\n\u00d4MEGA FLAT &#8211; Hotel e Eventos &#8211; Bauru<br \/>\nALVES HOTEL &#8211; Hotel e Eventos &#8211; Mar\u00edlia<br \/>\nOWZONE &#8211;\u00a0Social Coworking &#8211; Bauru<br \/>\nGLOBAL HUB &#8211; Social Coworking &#8211; Ribeir\u00e3o Preto<\/p>\n<\/div><\/section><\/div><\/p>\n","protected":false},"excerpt":{"rendered":"","protected":false},"author":1,"featured_media":274,"parent":25,"menu_order":0,"comment_status":"closed","ping_status":"closed","template":"","meta":{"footnotes":""},"class_list":["post-142","page","type-page","status-publish","has-post-thumbnail","hentry"],"_links":{"self":[{"href":"https:\/\/aprovacao.website\/brisot\/wp-json\/wp\/v2\/pages\/142","targetHints":{"allow":["GET"]}}],"collection":[{"href":"https:\/\/aprovacao.website\/brisot\/wp-json\/wp\/v2\/pages"}],"about":[{"href":"https:\/\/aprovacao.website\/brisot\/wp-json\/wp\/v2\/types\/page"}],"author":[{"embeddable":true,"href":"https:\/\/aprovacao.website\/brisot\/wp-json\/wp\/v2\/users\/1"}],"replies":[{"embeddable":true,"href":"https:\/\/aprovacao.website\/brisot\/wp-json\/wp\/v2\/comments?post=142"}],"version-history":[{"count":2,"href":"https:\/\/aprovacao.website\/brisot\/wp-json\/wp\/v2\/pages\/142\/revisions"}],"predecessor-version":[{"id":277,"href":"https:\/\/aprovacao.website\/brisot\/wp-json\/wp\/v2\/pages\/142\/revisions\/277"}],"up":[{"embeddable":true,"href":"https:\/\/aprovacao.website\/brisot\/wp-json\/wp\/v2\/pages\/25"}],"wp:featuredmedia":[{"embeddable":true,"href":"https:\/\/aprovacao.website\/brisot\/wp-json\/wp\/v2\/media\/274"}],"wp:attachment":[{"href":"https:\/\/aprovacao.website\/brisot\/wp-json\/wp\/v2\/media?parent=142"}],"curies":[{"name":"wp","href":"https:\/\/api.w.org\/{rel}","templated":true}]}}