{"id":138,"date":"2015-10-22T15:31:54","date_gmt":"2015-10-22T15:31:54","guid":{"rendered":"http:\/\/test.kriesi.at\/construction\/?page_id=138"},"modified":"2021-08-03T13:59:52","modified_gmt":"2021-08-03T13:59:52","slug":"reconhecimento-abendi-rac","status":"publish","type":"page","link":"https:\/\/aprovacao.website\/brisot\/a-brisot\/reconhecimento-abendi-rac\/","title":{"rendered":"Reconhecimento ABENDI\/RAC"},"content":{"rendered":"<div   data-size='featured_large'  data-lightbox_size='large'  data-animation='fade'  data-conditional_play=''  data-ids='272'  data-video_counter='0'  data-autoplay='true'  data-bg_slider='false'  data-slide_height=''  data-handle='av_slideshow'  data-interval='5'  data-class=' avia-builder-el-0  el_before_av_one_full  avia-builder-el-first  '  data-el_id=''  data-css_id=''  data-scroll_down=''  data-control_layout='av-control-hidden'  data-custom_markup=''  data-perma_caption=''  data-autoplay_stopper=''  data-image_attachment=''  data-min_height='0px'  data-lazy_loading='disabled'  data-default-height='42'  class='avia-slideshow avia-slideshow-1  av-control-hidden av-default-height-applied avia-slideshow-featured_large av_slideshow  avia-builder-el-0  el_before_av_one_full  avia-builder-el-first   avia-fade-slider '  itemprop=\"image\" itemscope=\"itemscope\" itemtype=\"https:\/\/schema.org\/ImageObject\" ><ul class='avia-slideshow-inner ' style='padding-bottom: 53.47018572825%;' ><li  class=' av-single-slide slide-1 ' ><div data-rel='slideshow-1' class='avia-slide-wrap '   ><img decoding=\"async\" class=\"wp-image-272 avia-img-lazy-loading-not-272\"  src=\"https:\/\/aprovacao.website\/brisot\/wp-content\/uploads\/2021\/08\/imagens-brisot6.jpg\" width=\"1023\" height=\"547\" title='imagens-brisot6' alt=''  itemprop=\"thumbnailUrl\" srcset=\"https:\/\/aprovacao.website\/brisot\/wp-content\/uploads\/2021\/08\/imagens-brisot6.jpg 1023w, https:\/\/aprovacao.website\/brisot\/wp-content\/uploads\/2021\/08\/imagens-brisot6-300x160.jpg 300w, https:\/\/aprovacao.website\/brisot\/wp-content\/uploads\/2021\/08\/imagens-brisot6-768x411.jpg 768w, https:\/\/aprovacao.website\/brisot\/wp-content\/uploads\/2021\/08\/imagens-brisot6-705x377.jpg 705w\" sizes=\"(max-width: 1023px) 100vw, 1023px\" \/><\/div><\/li><\/ul><\/div>\n<div class=\"flex_column av_one_full  av-animated-generic bottom-to-top  flex_column_div av-zero-column-padding first  avia-builder-el-1  el_after_av_slideshow  el_before_av_one_half  \" style='margin-top:0px; margin-bottom:0px; border-radius:0px; '><p><div  style='padding-bottom:0px; ' class='av-special-heading av-special-heading-h2  blockquote modern-quote  avia-builder-el-2  el_before_av_hr  avia-builder-el-first  '><h2 class='av-special-heading-tag '  itemprop=\"headline\"  >Reconhecimento ABENDI\/RAC<\/h2><div class='special-heading-border'><div class='special-heading-inner-border' ><\/div><\/div><\/div><br \/>\n<div  style=' margin-top:10px; margin-bottom:10px;'  class='hr hr-custom hr-left hr-icon-no   avia-builder-el-3  el_after_av_heading  avia-builder-el-last '><span class='hr-inner  inner-border-av-border-fat' style=' width:50px; border-color:#fb7300;' ><span class='hr-inner-style'><\/span><\/span><\/div><\/p><\/div><div class=\"flex_column av_one_half  av-animated-generic bottom-to-top  flex_column_div av-zero-column-padding first  avia-builder-el-4  el_after_av_one_full  el_before_av_one_half  column-top-margin\" style='margin-top:0px; margin-bottom:0px; border-radius:0px; '><section class=\"av_textblock_section \"  itemscope=\"itemscope\" itemtype=\"https:\/\/schema.org\/CreativeWork\" ><div class='avia_textblock  '   itemprop=\"text\" ><ul>\n<li><strong>Forma\u00e7\u00e3o de Auditor L\u00edder e Interno em Sistema de Gest\u00e3o da Qualidade &#8211; ISO 9001:2015.<\/strong><\/li>\n<li><strong>Forma\u00e7\u00e3o de Auditor L\u00edder e Interno em Sistema de Gest\u00e3o Ambiental &#8211; ISO 14001:2015.<\/strong><\/li>\n<li><strong>Forma\u00e7\u00e3o de Auditor L\u00edder e Interno em Sistema de Sa\u00fade e Seguran\u00e7a Ocupacional\u00a0&#8211; ISO 45001:2018.<br \/>\n<\/strong><\/li>\n<\/ul>\n<\/div><\/section><\/div><div class=\"flex_column av_one_half  av-animated-generic bottom-to-top  flex_column_div av-zero-column-padding   avia-builder-el-6  el_after_av_one_half  el_before_av_one_full  column-top-margin\" style='margin-top:0px; margin-bottom:0px; border-radius:0px; '><section class=\"av_textblock_section \"  itemscope=\"itemscope\" itemtype=\"https:\/\/schema.org\/CreativeWork\" ><div class='avia_textblock  '   itemprop=\"text\" ><ul>\n<li><strong>Forma\u00e7\u00e3o de Auditor L\u00edder e Interno em Sistema de Gest\u00e3o Integrado &#8211; ISO 9001:2015 \/ 14001:2015 \/ 45001:2018.<\/strong><\/li>\n<li><strong>Forma\u00e7\u00e3o de Auditor L\u00edder e Interno em Sistema de Gest\u00e3o da Energia &#8211; ISO 50001:2018.<\/strong><\/li>\n<\/ul>\n<\/div><\/section><\/div><div class=\"flex_column av_one_full  av-animated-generic bottom-to-top  flex_column_div av-zero-column-padding first  avia-builder-el-8  el_after_av_one_half  el_before_av_one_full  column-top-margin\" style='border-radius:0px; '><p><div  style='padding-bottom:0px; ' class='av-special-heading av-special-heading-h2  blockquote modern-quote  avia-builder-el-9  el_before_av_hr  avia-builder-el-first  '><h2 class='av-special-heading-tag '  itemprop=\"headline\"  >Certificado<\/h2><div class='special-heading-border'><div class='special-heading-inner-border' ><\/div><\/div><\/div><br \/>\n<div  style=' margin-top:10px; margin-bottom:10px;'  class='hr hr-custom hr-left hr-icon-no   avia-builder-el-10  el_after_av_heading  el_before_av_textblock '><span class='hr-inner  inner-border-av-border-fat' style=' width:50px; border-color:#fb7300;' ><span class='hr-inner-style'><\/span><\/span><\/div><br \/>\n<section class=\"av_textblock_section \"  itemscope=\"itemscope\" itemtype=\"https:\/\/schema.org\/CreativeWork\" ><div class='avia_textblock  '   itemprop=\"text\" ><p>Os cursos de forma\u00e7\u00e3o de auditor reconhecidos pela ABENDI\/RAC s\u00e3o avaliados para que possam treinar os profissionais adequadamente a fim de buscar a certifica\u00e7\u00e3o e o desenvolvimento profissional. O reconhecimento do curso visa garantir a qualidade da informa\u00e7\u00e3o fornecida, uma vez que a estrutura, o material e os instrutores s\u00e3o avaliados por profissionais independentes e de compet\u00eancia reconhecida.<\/p>\n<p>A empresa avaliada pela ABENDI\/RAC deve atender os requisitos de qualidade para o conte\u00fado dos cursos e possuir um sistema de gest\u00e3o funcionando com base na norma NBR ISO 9001:2015. Dessa forma, a Brisot Consultoria &amp; Treinamento garante que os processos internos e o conte\u00fado de seus cursos passar\u00e3o por cont\u00ednua avalia\u00e7\u00e3o (auditorias de acompanhamento e manuten\u00e7\u00e3o) pela entidade que a reconheceu como Organismo de Treinamento com c\u00f3digo OTR-027.<\/p>\n<\/div><\/section><\/p><\/div><div class=\"flex_column av_one_full  av-animated-generic bottom-to-top  flex_column_div first  avia-builder-el-12  el_after_av_one_full  el_before_av_one_full  column-top-margin\" style='border-width:1px; border-color:#e1e1e1; border-style:solid; padding:20px; background-color:#fcfcfc; border-radius:0px; '><section class=\"av_textblock_section \"  itemscope=\"itemscope\" itemtype=\"https:\/\/schema.org\/CreativeWork\" ><div class='avia_textblock  '   itemprop=\"text\" ><p>Qualquer reclama\u00e7\u00e3o, den\u00fancia, sugest\u00e3o de melhoria ou elogio quanto a conduta da Brisot Consultoria &amp; Treinamento em rela\u00e7\u00e3o a seus treinamentos reconhecidos podem ser feita por meio dos seguintes meios:<\/p>\n<p>Telefone: (14) 3203-0400<\/p>\n<p>E-mail: <a href=\"mailto:contato@brisot.com.br\">contato@brisot.com.br<\/a><\/p>\n<\/div><\/section><\/div><div class=\"flex_column av_one_full  av-animated-generic bottom-to-top  flex_column_div av-zero-column-padding first  avia-builder-el-14  el_after_av_one_full  avia-builder-el-last  column-top-margin\" style='border-radius:0px; '><p><section class=\"av_textblock_section \"  itemscope=\"itemscope\" itemtype=\"https:\/\/schema.org\/CreativeWork\" ><div class='avia_textblock  '   itemprop=\"text\" ><p>Todas as informa\u00e7\u00f5es ser\u00e3o tratadas de forma confidencial e independente, garantindo e evitando quaisquer conflitos de interesse. Dessa forma, nos comprometemos em avaliar e tomar a\u00e7\u00f5es pertinentes, dando retorno ao cliente ou reclamante que se identificar.\u00a0Somente com autoriza\u00e7\u00e3o do cliente ou reclamante, essas informa\u00e7\u00f5es poder\u00e3o ser utilizadas ou expostas pela Brisot, salvo em situa\u00e7\u00f5es de auditoria ou avalia\u00e7\u00e3o pela ABENDI\/RAC ou outro organismo de reconhecimento\/certifica\u00e7\u00e3o.<\/p>\n<\/div><\/section><br \/>\n<div  class='avia-image-container  av-styling-no-styling    avia-builder-el-16  el_after_av_textblock  avia-builder-el-last  avia-align-center '  itemprop=\"image\" itemscope=\"itemscope\" itemtype=\"https:\/\/schema.org\/ImageObject\"  ><div class='avia-image-container-inner'><div class='avia-image-overlay-wrap'><img decoding=\"async\" class='wp-image-271 avia-img-lazy-loading-not-271 avia_image' src=\"https:\/\/aprovacao.website\/brisot\/wp-content\/uploads\/2021\/08\/rac-scaled.jpg\" alt='' title='rac' height=\"1815\" width=\"2560\"  itemprop=\"thumbnailUrl\" srcset=\"https:\/\/aprovacao.website\/brisot\/wp-content\/uploads\/2021\/08\/rac-scaled.jpg 2560w, https:\/\/aprovacao.website\/brisot\/wp-content\/uploads\/2021\/08\/rac-300x213.jpg 300w, https:\/\/aprovacao.website\/brisot\/wp-content\/uploads\/2021\/08\/rac-1030x730.jpg 1030w, https:\/\/aprovacao.website\/brisot\/wp-content\/uploads\/2021\/08\/rac-768x545.jpg 768w, https:\/\/aprovacao.website\/brisot\/wp-content\/uploads\/2021\/08\/rac-1536x1089.jpg 1536w, https:\/\/aprovacao.website\/brisot\/wp-content\/uploads\/2021\/08\/rac-2048x1452.jpg 2048w, https:\/\/aprovacao.website\/brisot\/wp-content\/uploads\/2021\/08\/rac-1500x1064.jpg 1500w, https:\/\/aprovacao.website\/brisot\/wp-content\/uploads\/2021\/08\/rac-260x185.jpg 260w, https:\/\/aprovacao.website\/brisot\/wp-content\/uploads\/2021\/08\/rac-705x500.jpg 705w\" sizes=\"(max-width: 2560px) 100vw, 2560px\" \/><\/div><\/div><\/div><\/p><\/div><\/p>\n","protected":false},"excerpt":{"rendered":"","protected":false},"author":1,"featured_media":272,"parent":25,"menu_order":0,"comment_status":"closed","ping_status":"closed","template":"","meta":{"footnotes":""},"class_list":["post-138","page","type-page","status-publish","has-post-thumbnail","hentry"],"_links":{"self":[{"href":"https:\/\/aprovacao.website\/brisot\/wp-json\/wp\/v2\/pages\/138","targetHints":{"allow":["GET"]}}],"collection":[{"href":"https:\/\/aprovacao.website\/brisot\/wp-json\/wp\/v2\/pages"}],"about":[{"href":"https:\/\/aprovacao.website\/brisot\/wp-json\/wp\/v2\/types\/page"}],"author":[{"embeddable":true,"href":"https:\/\/aprovacao.website\/brisot\/wp-json\/wp\/v2\/users\/1"}],"replies":[{"embeddable":true,"href":"https:\/\/aprovacao.website\/brisot\/wp-json\/wp\/v2\/comments?post=138"}],"version-history":[{"count":2,"href":"https:\/\/aprovacao.website\/brisot\/wp-json\/wp\/v2\/pages\/138\/revisions"}],"predecessor-version":[{"id":273,"href":"https:\/\/aprovacao.website\/brisot\/wp-json\/wp\/v2\/pages\/138\/revisions\/273"}],"up":[{"embeddable":true,"href":"https:\/\/aprovacao.website\/brisot\/wp-json\/wp\/v2\/pages\/25"}],"wp:featuredmedia":[{"embeddable":true,"href":"https:\/\/aprovacao.website\/brisot\/wp-json\/wp\/v2\/media\/272"}],"wp:attachment":[{"href":"https:\/\/aprovacao.website\/brisot\/wp-json\/wp\/v2\/media?parent=138"}],"curies":[{"name":"wp","href":"https:\/\/api.w.org\/{rel}","templated":true}]}}