{"id":113,"date":"2015-10-22T14:34:37","date_gmt":"2015-10-22T14:34:37","guid":{"rendered":"http:\/\/test.kriesi.at\/construction\/?page_id=113"},"modified":"2021-07-30T18:26:59","modified_gmt":"2021-07-30T18:26:59","slug":"apresentacao","status":"publish","type":"page","link":"https:\/\/aprovacao.website\/brisot\/a-brisot\/apresentacao\/","title":{"rendered":"Apresenta\u00e7\u00e3o"},"content":{"rendered":"<div   data-size='featured_large'  data-lightbox_size='large'  data-animation='fade'  data-conditional_play=''  data-ids='254'  data-video_counter='0'  data-autoplay='true'  data-bg_slider='false'  data-slide_height=''  data-handle='av_slideshow'  data-interval='5'  data-class=' avia-builder-el-0  el_before_av_one_full  avia-builder-el-first  '  data-el_id=''  data-css_id=''  data-scroll_down=''  data-control_layout='av-control-hidden'  data-custom_markup=''  data-perma_caption=''  data-autoplay_stopper=''  data-image_attachment=''  data-min_height='0px'  data-lazy_loading='disabled'  data-default-height='42'  class='avia-slideshow avia-slideshow-1  av-control-hidden av-default-height-applied avia-slideshow-featured_large av_slideshow  avia-builder-el-0  el_before_av_one_full  avia-builder-el-first   avia-fade-slider '  itemprop=\"image\" itemscope=\"itemscope\" itemtype=\"https:\/\/schema.org\/ImageObject\" ><ul class='avia-slideshow-inner ' style='padding-bottom: 53.47018572825%;' ><li  class=' av-single-slide slide-1 ' ><div data-rel='slideshow-1' class='avia-slide-wrap '   ><img decoding=\"async\" class=\"wp-image-254 avia-img-lazy-loading-not-254\"  src=\"https:\/\/aprovacao.website\/brisot\/wp-content\/uploads\/2021\/07\/imagens-brisot.jpg\" width=\"1023\" height=\"547\" title='imagens-brisot' alt=''  itemprop=\"thumbnailUrl\" srcset=\"https:\/\/aprovacao.website\/brisot\/wp-content\/uploads\/2021\/07\/imagens-brisot.jpg 1023w, https:\/\/aprovacao.website\/brisot\/wp-content\/uploads\/2021\/07\/imagens-brisot-300x160.jpg 300w, https:\/\/aprovacao.website\/brisot\/wp-content\/uploads\/2021\/07\/imagens-brisot-768x411.jpg 768w, https:\/\/aprovacao.website\/brisot\/wp-content\/uploads\/2021\/07\/imagens-brisot-705x377.jpg 705w\" sizes=\"(max-width: 1023px) 100vw, 1023px\" \/><\/div><\/li><\/ul><\/div>\n<div class=\"flex_column av_one_full  av-animated-generic bottom-to-top  flex_column_div av-zero-column-padding first  avia-builder-el-1  el_after_av_slideshow  el_before_av_one_full  \" style='margin-top:0px; margin-bottom:0px; border-radius:0px; '><p><div  style='padding-bottom:0px; ' class='av-special-heading av-special-heading-h2  blockquote modern-quote  avia-builder-el-2  el_before_av_hr  avia-builder-el-first  '><h2 class='av-special-heading-tag '  itemprop=\"headline\"  >A Brisot<\/h2><div class='special-heading-border'><div class='special-heading-inner-border' ><\/div><\/div><\/div><br \/>\n<div  style=' margin-top:10px; margin-bottom:10px;'  class='hr hr-custom hr-left hr-icon-no   avia-builder-el-3  el_after_av_heading  avia-builder-el-last '><span class='hr-inner  inner-border-av-border-fat' style=' width:50px; border-color:#fe7300;' ><span class='hr-inner-style'><\/span><\/span><\/div><\/p><\/div><div class=\"flex_column av_one_full  av-animated-generic bottom-to-top  flex_column_div av-zero-column-padding first  avia-builder-el-4  el_after_av_one_full  el_before_av_one_full  column-top-margin\" style='margin-top:0px; margin-bottom:0px; border-radius:0px; '><section class=\"av_textblock_section \"  itemscope=\"itemscope\" itemtype=\"https:\/\/schema.org\/CreativeWork\" ><div class='avia_textblock  '   itemprop=\"text\" ><p>A <strong>Brisot Consultoria &amp; Treinamento<\/strong> \u00e9 uma organiza\u00e7\u00e3o especializada em sistemas de gest\u00e3o empresarial, criada com o objetivo de desenvolver e implementar solu\u00e7\u00f5es personalizadas para reduzir desperd\u00edcios e aumentar a competitividade das empresas brasileiras.<\/p>\n<p>Dentre suas atividades principais destacam-se os servi\u00e7os de consultoria, auditoria e treinamento nas \u00e1reas de gest\u00e3o da qualidade, meio ambiente, alimentos, seguran\u00e7a e sa\u00fade ocupacional, energia,\u00a0servi\u00e7os notariais e de registros, constru\u00e7\u00e3o civil, riscos e\u00a0responsabilidade social.<\/p>\n<p>A simplicidade metodol\u00f3gica, a adequada compet\u00eancia de seus profissionais associados e o respeito \u00e0 integridade e confid\u00eancia das informa\u00e7\u00f5es t\u00e9cnicas e estrat\u00e9gicas de seus clientes, s\u00e3o os diferenciais da<strong> Brisot Consultoria &amp; Treinamento<\/strong> em seu segmento de mercado.<\/p>\n<\/div><\/section><\/div><div class=\"flex_column av_one_full  av-animated-generic bottom-to-top  flex_column_div av-zero-column-padding first  avia-builder-el-6  el_after_av_one_full  avia-builder-el-last  column-top-margin\" style='margin-top:0px; margin-bottom:0px; border-radius:0px; '><div  id=\"avia-timeline-1\"  class='avia-timeline-container    avia-builder-el-7  avia-builder-el-no-sibling ' ><ul class='avia-timeline avia-timeline-vertical av-milestone-placement-alternate avia-timeline- avia_animate_when_almost_visible avia-timeline-animate'>\n<li  class='av-milestone av-animated-generic fade-in av-milestone-odd  av-milestone-valign-baseline '><h2 class='av-milestone-date  ' style='font-size:23px; ' id='milestone-1'><strong>1<span class='av-milestone-indicator'style='background-color:#fe7300; '><\/span><\/strong><\/h2><div class=\"av-milestone-icon-wrap\"><span class='milestone_icon avia-font-entypo-fontello' ><span class='milestone_inner' style='background-color:#fe7300; '><i class='milestone-char' aria-hidden='true' data-av_icon='\ue841' data-av_iconfont='entypo-fontello'><\/i><\/span><\/span><\/div><article class='av-milestone-content-wrap'><div class='av-milestone-contentbox' ><header class=\"entry-content-header\"><h4 style='font-size:25px; ' class=' '>Miss\u00e3o<\/h4><\/header><div class='av-milestone-content' style='font-size:16px; '><p>Contribuir para a melhoria social, atrav\u00e9s dos princ\u00edpios b\u00e1sicos da educa\u00e7\u00e3o e \u00e9tica.<\/p>\n<\/div><\/div><footer style='background-color:#fe7300; ' class='entry-footer'><\/footer><\/article><\/li>\n<li  class='av-milestone av-animated-generic fade-in av-milestone-even  av-milestone-valign-baseline '><h2 class='av-milestone-date  ' style='font-size:23px; ' id='milestone-2'><strong>2<span class='av-milestone-indicator'style='background-color:#fe7300; '><\/span><\/strong><\/h2><article class='av-milestone-content-wrap'><div class='av-milestone-contentbox' ><header class=\"entry-content-header\"><h4 style='font-size:25px; ' class=' '>Pol\u00edtica da Qualidade<\/h4><\/header><div class='av-milestone-content' style='font-size:16px; '><ul>\n<li>Entender e atender as necessidades das partes interessadas;<\/li>\n<li>Aperfei\u00e7oar continuamente os processos, buscando sempre oferecer o melhor servi\u00e7o;<\/li>\n<li>Reduzir desperd\u00edcios.<\/li>\n<\/ul>\n<\/div><\/div><footer style='background-color:#fe7300; ' class='entry-footer'><\/footer><\/article><div class=\"av-milestone-icon-wrap\"><span class='milestone_icon avia-font-entypo-fontello' ><span class='milestone_inner' style='background-color:#fe7300; '><i class='milestone-char' aria-hidden='true' data-av_icon='\ue841' data-av_iconfont='entypo-fontello'><\/i><\/span><\/span><\/div><h2 class='av-milestone-date  ' style='font-size:23px; ' id='milestone-2'><strong>2<span class='av-milestone-indicator'style='background-color:#fe7300; '><\/span><\/strong><\/h2><\/li>\n<li  class='av-milestone av-animated-generic fade-in av-milestone-odd  av-milestone-valign-baseline '><h2 class='av-milestone-date  ' style='font-size:23px; ' id='milestone-3'><strong>3<span class='av-milestone-indicator'style='background-color:#fe7300; '><\/span><\/strong><\/h2><div class=\"av-milestone-icon-wrap\"><span class='milestone_icon avia-font-entypo-fontello' ><span class='milestone_inner' style='background-color:#fe7300; '><i class='milestone-char' aria-hidden='true' data-av_icon='\ue841' data-av_iconfont='entypo-fontello'><\/i><\/span><\/span><\/div><article class='av-milestone-content-wrap'><div class='av-milestone-contentbox' ><header class=\"entry-content-header\"><h4 style='font-size:25px; ' class=' '>Valores<\/h4><\/header><div class='av-milestone-content' style='font-size:16px; '><div class=\"wrapper conteudo\">\n<div class=\"container\">\n<div class=\"row\">\n<div class=\"col-md-9\">\n<p>Criatividade, simplicidade, seriedade e respeito.<\/p>\n<\/div>\n<\/div>\n<\/div>\n<\/div>\n<div class=\"rodape wrapper\">\n<div class=\"container\">\n<div class=\"row\"><\/div>\n<\/div>\n<\/div>\n<\/div><\/div><footer style='background-color:#fe7300; ' class='entry-footer'><\/footer><\/article><\/li>\n<\/ul><\/div><\/div><\/p>\n","protected":false},"excerpt":{"rendered":"","protected":false},"author":1,"featured_media":254,"parent":25,"menu_order":0,"comment_status":"closed","ping_status":"closed","template":"","meta":{"footnotes":""},"class_list":["post-113","page","type-page","status-publish","has-post-thumbnail","hentry"],"_links":{"self":[{"href":"https:\/\/aprovacao.website\/brisot\/wp-json\/wp\/v2\/pages\/113","targetHints":{"allow":["GET"]}}],"collection":[{"href":"https:\/\/aprovacao.website\/brisot\/wp-json\/wp\/v2\/pages"}],"about":[{"href":"https:\/\/aprovacao.website\/brisot\/wp-json\/wp\/v2\/types\/page"}],"author":[{"embeddable":true,"href":"https:\/\/aprovacao.website\/brisot\/wp-json\/wp\/v2\/users\/1"}],"replies":[{"embeddable":true,"href":"https:\/\/aprovacao.website\/brisot\/wp-json\/wp\/v2\/comments?post=113"}],"version-history":[{"count":4,"href":"https:\/\/aprovacao.website\/brisot\/wp-json\/wp\/v2\/pages\/113\/revisions"}],"predecessor-version":[{"id":690,"href":"https:\/\/aprovacao.website\/brisot\/wp-json\/wp\/v2\/pages\/113\/revisions\/690"}],"up":[{"embeddable":true,"href":"https:\/\/aprovacao.website\/brisot\/wp-json\/wp\/v2\/pages\/25"}],"wp:featuredmedia":[{"embeddable":true,"href":"https:\/\/aprovacao.website\/brisot\/wp-json\/wp\/v2\/media\/254"}],"wp:attachment":[{"href":"https:\/\/aprovacao.website\/brisot\/wp-json\/wp\/v2\/media?parent=113"}],"curies":[{"name":"wp","href":"https:\/\/api.w.org\/{rel}","templated":true}]}}