{"id":95,"date":"2013-08-11T15:26:47","date_gmt":"2013-08-11T15:26:47","guid":{"rendered":"http:\/\/localhost:8888\/test\/?page_id=456"},"modified":"2023-04-11T14:52:56","modified_gmt":"2023-04-11T14:52:56","slug":"blog-posts","status":"publish","type":"page","link":"https:\/\/aprovacao.website\/botanica\/blog-posts\/","title":{"rendered":"Blog Posts"},"content":{"rendered":"<div class=\"container section-title-container\" style=\"margin-top:31px;\"><h3 class=\"section-title section-title-center\"><b><\/b><span class=\"section-title-main\" >artigos<\/span><b><\/b><\/h3><\/div>\n\n  \n    <div id=\"row-765659678\" class=\"row large-columns-3 medium-columns- small-columns-1 has-shadow row-box-shadow-1 row-masonry\" data-packery-options='{\"itemSelector\": \".col\", \"gutter\": 0, \"presentageWidth\" : true}'>\n\n  \t\t<div class=\"col post-item\" >\n\t\t\t<div class=\"col-inner\">\n\t\t\t<a href=\"https:\/\/aprovacao.website\/botanica\/2023\/04\/05\/animais-estao-ameacados-de-extincao-sobre-plantas\/\" class=\"plain\">\n\t\t\t\t<div class=\"box box-text-bottom box-blog-post has-hover\">\n            \t\t\t\t\t<div class=\"box-image\" >\n  \t\t\t\t\t\t<div class=\"image-cover\" style=\"padding-top:200px;\">\n  \t\t\t\t\t\t\t<img loading=\"lazy\" decoding=\"async\" width=\"552\" height=\"400\" src=\"https:\/\/aprovacao.website\/botanica\/wp-content\/uploads\/2023\/04\/1-552x400.jpg\" class=\"attachment-medium size-medium wp-post-image\" alt=\"\" srcset=\"https:\/\/aprovacao.website\/botanica\/wp-content\/uploads\/2023\/04\/1-552x400.jpg 552w, https:\/\/aprovacao.website\/botanica\/wp-content\/uploads\/2023\/04\/1.jpg 580w\" sizes=\"auto, (max-width: 552px) 100vw, 552px\" \/>  \t\t\t\t\t\t\t  \t\t\t\t\t\t\t  \t\t\t\t\t\t<\/div>\n  \t\t\t\t\t\t  \t\t\t\t\t<\/div>\n          \t\t\t\t\t<div class=\"box-text text-center\" >\n\t\t\t\t\t<div class=\"box-text-inner blog-post-inner\">\n\n\t\t\t\t\t\n\t\t\t\t\t\t\t\t\t\t<h5 class=\"post-title is-large \">Animais est\u00e3o amea\u00e7ados de extin\u00e7\u00e3o! Sobre plantas?<\/h5>\n\t\t\t\t\t\t\t\t\t\t<div class=\"is-divider\"><\/div>\n\t\t\t\t\t\t\t\t\t\t<p class=\"from_the_blog_excerpt \">Estado de Plantas e Fungos no Mundo Autora: Suzana Ursi Ano: 2020 O t\u00edtulo deste [...]\t\t\t\t\t<\/p>\n\t\t\t\t\t                    \n\t\t\t\t\t\t\t\t\t\t\t<button href=\"https:\/\/aprovacao.website\/botanica\/2023\/04\/05\/animais-estao-ameacados-de-extincao-sobre-plantas\/\" class=\"button  is-outline is-small mb-0\">\n\t\t\t\t\t\t\tVer Mais\t\t\t\t\t\t<\/button>\n\t\t\t\t\t\n\t\t\t\t\t\n\t\t\t\t\t<\/div>\n\t\t\t\t\t<\/div>\n\t\t\t\t\t\t\t\t\t<\/div>\n\t\t\t\t<\/a>\n\t\t\t<\/div>\n\t\t<\/div>\n\t\t<div class=\"col post-item\" >\n\t\t\t<div class=\"col-inner\">\n\t\t\t<a href=\"https:\/\/aprovacao.website\/botanica\/2023\/04\/05\/arte-e-botanica-abordando-a-fotossintese\/\" class=\"plain\">\n\t\t\t\t<div class=\"box box-text-bottom box-blog-post has-hover\">\n            \t\t\t\t\t<div class=\"box-image\" >\n  \t\t\t\t\t\t<div class=\"image-cover\" style=\"padding-top:200px;\">\n  \t\t\t\t\t\t\t<img loading=\"lazy\" decoding=\"async\" width=\"250\" height=\"190\" src=\"https:\/\/aprovacao.website\/botanica\/wp-content\/uploads\/2023\/04\/1_reduz-1.jpg\" class=\"attachment-medium size-medium wp-post-image\" alt=\"\" \/>  \t\t\t\t\t\t\t  \t\t\t\t\t\t\t  \t\t\t\t\t\t<\/div>\n  \t\t\t\t\t\t  \t\t\t\t\t<\/div>\n          \t\t\t\t\t<div class=\"box-text text-center\" >\n\t\t\t\t\t<div class=\"box-text-inner blog-post-inner\">\n\n\t\t\t\t\t\n\t\t\t\t\t\t\t\t\t\t<h5 class=\"post-title is-large \">Arte e Bot\u00e2nica:  abordando a Fotoss\u00edntese<\/h5>\n\t\t\t\t\t\t\t\t\t\t<div class=\"is-divider\"><\/div>\n\t\t\t\t\t\t\t\t\t\t<p class=\"from_the_blog_excerpt \">Para come\u00e7armos nossa conversa, vamos analisar o interessante texto de autoria do Prof. Marcos Buckeridge [...]\t\t\t\t\t<\/p>\n\t\t\t\t\t                    \n\t\t\t\t\t\t\t\t\t\t\t<button href=\"https:\/\/aprovacao.website\/botanica\/2023\/04\/05\/arte-e-botanica-abordando-a-fotossintese\/\" class=\"button  is-outline is-small mb-0\">\n\t\t\t\t\t\t\tVer Mais\t\t\t\t\t\t<\/button>\n\t\t\t\t\t\n\t\t\t\t\t\n\t\t\t\t\t<\/div>\n\t\t\t\t\t<\/div>\n\t\t\t\t\t\t\t\t\t<\/div>\n\t\t\t\t<\/a>\n\t\t\t<\/div>\n\t\t<\/div>\n\t\t<div class=\"col post-item\" >\n\t\t\t<div class=\"col-inner\">\n\t\t\t<a href=\"https:\/\/aprovacao.website\/botanica\/2023\/04\/05\/absinto-glamur-dependencia-loucura-e-morte\/\" class=\"plain\">\n\t\t\t\t<div class=\"box box-text-bottom box-blog-post has-hover\">\n            \t\t\t\t\t<div class=\"box-image\" >\n  \t\t\t\t\t\t<div class=\"image-cover\" style=\"padding-top:200px;\">\n  \t\t\t\t\t\t\t<img loading=\"lazy\" decoding=\"async\" width=\"250\" height=\"229\" src=\"https:\/\/aprovacao.website\/botanica\/wp-content\/uploads\/2023\/04\/1_reduz.jpg\" class=\"attachment-medium size-medium wp-post-image\" alt=\"\" \/>  \t\t\t\t\t\t\t  \t\t\t\t\t\t\t  \t\t\t\t\t\t<\/div>\n  \t\t\t\t\t\t  \t\t\t\t\t<\/div>\n          \t\t\t\t\t<div class=\"box-text text-center\" >\n\t\t\t\t\t<div class=\"box-text-inner blog-post-inner\">\n\n\t\t\t\t\t\n\t\t\t\t\t\t\t\t\t\t<h5 class=\"post-title is-large \">Absinto: glamur, depend\u00eancia,  loucura e morte<\/h5>\n\t\t\t\t\t\t\t\t\t\t<div class=\"is-divider\"><\/div>\n\t\t\t\t\t\t\t\t\t\t<p class=\"from_the_blog_excerpt \">Autor: Ant\u00f4nio Salatino Ano: 2008 Vincent van Gogh, um dos mais geniais e conhecidos pintores [...]\t\t\t\t\t<\/p>\n\t\t\t\t\t                    \n\t\t\t\t\t\t\t\t\t\t\t<button href=\"https:\/\/aprovacao.website\/botanica\/2023\/04\/05\/absinto-glamur-dependencia-loucura-e-morte\/\" class=\"button  is-outline is-small mb-0\">\n\t\t\t\t\t\t\tVer Mais\t\t\t\t\t\t<\/button>\n\t\t\t\t\t\n\t\t\t\t\t\n\t\t\t\t\t<\/div>\n\t\t\t\t\t<\/div>\n\t\t\t\t\t\t\t\t\t<\/div>\n\t\t\t\t<\/a>\n\t\t\t<\/div>\n\t\t<\/div>\n\t\t<div class=\"col post-item\" >\n\t\t\t<div class=\"col-inner\">\n\t\t\t<a href=\"https:\/\/aprovacao.website\/botanica\/2015\/11\/19\/qual-a-relacao-entre-a-obra-do-grande-escritor-e-a-botanica\/\" class=\"plain\">\n\t\t\t\t<div class=\"box box-text-bottom box-blog-post has-hover\">\n            \t\t\t\t\t<div class=\"box-image\" >\n  \t\t\t\t\t\t<div class=\"image-cover\" style=\"padding-top:200px;\">\n  \t\t\t\t\t\t\t<img loading=\"lazy\" decoding=\"async\" width=\"533\" height=\"400\" src=\"https:\/\/aprovacao.website\/botanica\/wp-content\/uploads\/2015\/11\/1_reduz-3-533x400.jpg\" class=\"attachment-medium size-medium wp-post-image\" alt=\"\" srcset=\"https:\/\/aprovacao.website\/botanica\/wp-content\/uploads\/2015\/11\/1_reduz-3-533x400.jpg 533w, https:\/\/aprovacao.website\/botanica\/wp-content\/uploads\/2015\/11\/1_reduz-3-600x450.jpg 600w, https:\/\/aprovacao.website\/botanica\/wp-content\/uploads\/2015\/11\/1_reduz-3.jpg 740w\" sizes=\"auto, (max-width: 533px) 100vw, 533px\" \/>  \t\t\t\t\t\t\t  \t\t\t\t\t\t\t  \t\t\t\t\t\t<\/div>\n  \t\t\t\t\t\t  \t\t\t\t\t<\/div>\n          \t\t\t\t\t<div class=\"box-text text-center\" >\n\t\t\t\t\t<div class=\"box-text-inner blog-post-inner\">\n\n\t\t\t\t\t\n\t\t\t\t\t\t\t\t\t\t<h5 class=\"post-title is-large \">Qual a rela\u00e7\u00e3o entre a obra e a Bot\u00e2nica?<\/h5>\n\t\t\t\t\t\t\t\t\t\t<div class=\"is-divider\"><\/div>\n\t\t\t\t\t\t\t\t\t\t<p class=\"from_the_blog_excerpt \">Em Setembro de 2018, lembramos 110 anos da morte de Machado de Assis Qual a [...]\t\t\t\t\t<\/p>\n\t\t\t\t\t                    \n\t\t\t\t\t\t\t\t\t\t\t<button href=\"https:\/\/aprovacao.website\/botanica\/2015\/11\/19\/qual-a-relacao-entre-a-obra-do-grande-escritor-e-a-botanica\/\" class=\"button  is-outline is-small mb-0\">\n\t\t\t\t\t\t\tVer Mais\t\t\t\t\t\t<\/button>\n\t\t\t\t\t\n\t\t\t\t\t\n\t\t\t\t\t<\/div>\n\t\t\t\t\t<\/div>\n\t\t\t\t\t\t\t\t\t<\/div>\n\t\t\t\t<\/a>\n\t\t\t<\/div>\n\t\t<\/div>\n<\/div>\n","protected":false},"excerpt":{"rendered":"","protected":false},"author":1,"featured_media":16,"parent":0,"menu_order":8,"comment_status":"closed","ping_status":"closed","template":"page-blank.php","meta":{"footnotes":""},"class_list":["post-95","page","type-page","status-publish","has-post-thumbnail","hentry"],"_links":{"self":[{"href":"https:\/\/aprovacao.website\/botanica\/wp-json\/wp\/v2\/pages\/95","targetHints":{"allow":["GET"]}}],"collection":[{"href":"https:\/\/aprovacao.website\/botanica\/wp-json\/wp\/v2\/pages"}],"about":[{"href":"https:\/\/aprovacao.website\/botanica\/wp-json\/wp\/v2\/types\/page"}],"author":[{"embeddable":true,"href":"https:\/\/aprovacao.website\/botanica\/wp-json\/wp\/v2\/users\/1"}],"replies":[{"embeddable":true,"href":"https:\/\/aprovacao.website\/botanica\/wp-json\/wp\/v2\/comments?post=95"}],"version-history":[{"count":2,"href":"https:\/\/aprovacao.website\/botanica\/wp-json\/wp\/v2\/pages\/95\/revisions"}],"predecessor-version":[{"id":346,"href":"https:\/\/aprovacao.website\/botanica\/wp-json\/wp\/v2\/pages\/95\/revisions\/346"}],"wp:featuredmedia":[{"embeddable":true,"href":"https:\/\/aprovacao.website\/botanica\/wp-json\/wp\/v2\/media\/16"}],"wp:attachment":[{"href":"https:\/\/aprovacao.website\/botanica\/wp-json\/wp\/v2\/media?parent=95"}],"curies":[{"name":"wp","href":"https:\/\/api.w.org\/{rel}","templated":true}]}}