{"id":61,"date":"2016-01-12T17:26:06","date_gmt":"2016-01-12T17:26:06","guid":{"rendered":"http:\/\/flatsome.dev\/?page_id=3569"},"modified":"2023-04-05T13:21:06","modified_gmt":"2023-04-05T13:21:06","slug":"materiais-didaticos","status":"publish","type":"page","link":"https:\/\/aprovacao.website\/botanica\/materiais-didaticos\/","title":{"rendered":"Materiais Did\u00e1ticos"},"content":{"rendered":"\n  <div class=\"banner has-hover\" id=\"banner-860427361\">\n          <div class=\"banner-inner fill\">\n        <div class=\"banner-bg fill\" >\n            <div class=\"bg fill bg-fill \"><\/div>\n                        <div class=\"overlay\"><\/div>            \n                    <\/div>\n        <div class=\"banner-layers container\">\n            <div class=\"fill banner-link\"><\/div>            \n   <div id=\"text-box-171529769\" class=\"text-box banner-layer x50 md-x50 lg-x50 y50 md-y50 lg-y50 res-text\">\n                                <div class=\"text dark\">\n              \n              <div class=\"text-inner text-center\">\n                  \n<h3 class=\"uppercase\"><strong>MATERIAIS DID\u00c1TICOS<\/strong><\/h3>\n<p class=\"lead\">Materiais e ideias interessantes para o Ensino de Bot\u00e2nica<\/p>\n              <\/div>\n           <\/div>\n                            \n<style scope=\"scope\">\n\n#text-box-171529769 {\n  width: 60%;\n}\n#text-box-171529769 .text {\n  font-size: 100%;\n}\n<\/style>\n    <\/div>\n \n        <\/div>\n      <\/div>\n\n            \n<style scope=\"scope\">\n\n#banner-860427361 {\n  padding-top: 350px;\n  background-color: rgb(180, 17, 156);\n}\n#banner-860427361 .bg.bg-loaded {\n  background-image: url(https:\/\/aprovacao.website\/botanica\/wp-content\/uploads\/2023\/04\/12_reduz.jpg);\n}\n#banner-860427361 .overlay {\n  background-color: rgba(141, 24, 124, 0.91);\n}\n<\/style>\n  <\/div>\n\n\n\t<section class=\"section\" id=\"section_237297057\">\n\t\t<div class=\"bg section-bg fill bg-fill  bg-loaded\" >\n\n\t\t\t\n\t\t\t\n\t\t\t\n\n\t\t<\/div>\n\n\t\t<div class=\"section-content relative\">\n\t\t\t\n<div class=\"container section-title-container\" ><h3 class=\"section-title section-title-center\"><b><\/b><span class=\"section-title-main\" >Departamento de Bot\u00e2nica do IB-USP e outros<\/span><b><\/b><\/h3><\/div>\n<div class=\"row\"  id=\"row-905440044\">\n\n\t<div class=\"col medium-1 small-12 large-1\"  >\n\t\t<div class=\"col-inner\"  >\n\t\t\t\n\t\t\t\n\t\t<\/div>\n\t<\/div>\n\n\t\n\n\t<div class=\"col medium-10 small-12 large-10\"  >\n\t\t<div class=\"col-inner\"  >\n\t\t\t\n\t\t\t\n<div style=\"text-align: center;\"><span style=\"font-family: helvetica; font-size: small;\">Voc\u00ea encontrar\u00e1 nos links abaixo materiais elaborados por docentes do Departamento de Bot\u00e2nica do Instituto de Bioci\u00eancias da USP e colaboradores. Tais materiais podem representar um importante instrumento de atualiza\u00e7\u00e3o, bem como\u00a0rica fonte de inspira\u00e7\u00e3o para suas aulas. Bom proveito!<\/span><\/div>\n\t\t<\/div>\n\t<\/div>\n\n\t\n<\/div>\n<div class=\"row\"  id=\"row-1069685544\">\n\n\t<div class=\"col small-12 large-12\"  >\n\t\t<div class=\"col-inner\"  >\n\t\t\t\n\t\t\t\n<div class=\"row\"  id=\"row-802852079\">\n\n\t<div class=\"col medium-5 small-12 large-5\"  >\n\t\t<div class=\"col-inner\"  >\n\t\t\t\n\t\t\t\n\t<div class=\"img has-hover x md-x lg-x y md-y lg-y\" id=\"image_1974275668\">\n\t\t\t\t\t\t\t\t<div class=\"img-inner dark\" >\n\t\t\t<img loading=\"lazy\" decoding=\"async\" width=\"384\" height=\"800\" src=\"https:\/\/aprovacao.website\/botanica\/wp-content\/uploads\/2023\/04\/slider3-1-384x800.jpg\" class=\"attachment-large size-large\" alt=\"\" srcset=\"https:\/\/aprovacao.website\/botanica\/wp-content\/uploads\/2023\/04\/slider3-1-384x800.jpg 384w, https:\/\/aprovacao.website\/botanica\/wp-content\/uploads\/2023\/04\/slider3-1-192x400.jpg 192w, https:\/\/aprovacao.website\/botanica\/wp-content\/uploads\/2023\/04\/slider3-1-768x1600.jpg 768w, https:\/\/aprovacao.website\/botanica\/wp-content\/uploads\/2023\/04\/slider3-1-737x1536.jpg 737w, https:\/\/aprovacao.website\/botanica\/wp-content\/uploads\/2023\/04\/slider3-1-600x1250.jpg 600w, https:\/\/aprovacao.website\/botanica\/wp-content\/uploads\/2023\/04\/slider3-1-rotated.jpg 881w\" sizes=\"auto, (max-width: 384px) 100vw, 384px\" \/>\t\t\t\t\t\t\n\t\t\t\t\t<\/div>\n\t\t\t\t\t\t\t\t\n<style scope=\"scope\">\n\n#image_1974275668 {\n  width: 100%;\n}\n<\/style>\n\t<\/div>\n\t\n\t\t<\/div>\n\t<\/div>\n\n\t\n\n\t<div class=\"col medium-7 small-12 large-7\"  >\n\t\t<div class=\"col-inner\"  >\n\t\t\t\n\t\t\t\n\n\t\t<div class=\"icon-box featured-box icon-box-left text-left\"  >\n\t\t\t\t\t<div class=\"icon-box-img\" style=\"width: 30px\">\n\t\t\t\t<div class=\"icon\">\n\t\t\t\t\t<div class=\"icon-inner\" >\n\t\t\t\t\t\t<img loading=\"lazy\" decoding=\"async\" width=\"105\" height=\"95\" src=\"https:\/\/aprovacao.website\/botanica\/wp-content\/uploads\/2023\/04\/favico.png\" class=\"attachment-medium size-medium\" alt=\"\" \/>\t\t\t\t\t<\/div>\n\t\t\t\t<\/div>\n\t\t\t<\/div>\n\t\t\t\t<div class=\"icon-box-text last-reset\">\n\t\t\t\t\t\t\t\t\t\n<div><strong>Modelo tridimensional de cubo de madeira\u00a0<\/strong><\/div>\n<div><span lang=\"PT-BR\" style=\"font-size: 110%;\"><strong><span style=\"font-family: arial;\"><a href=\"http:\/\/www.botanicaonline.com.br\/geral\/arquivos\/bmaterial3.pdf\" target=\"_blank\" rel=\"noopener\">BAIXAR<\/a><\/span><\/strong><\/span><\/div>\n\t\t<\/div>\n\t<\/div>\n\t\n\t\n\t<div id=\"gap-1575718138\" class=\"gap-element clearfix\" style=\"display:block; height:auto;\">\n\t\t\n<style scope=\"scope\">\n\n#gap-1575718138 {\n  padding-top: 30px;\n}\n<\/style>\n\t<\/div>\n\t\n\n\t\t<div class=\"icon-box featured-box icon-box-left text-left\"  >\n\t\t\t\t\t<div class=\"icon-box-img\" style=\"width: 30px\">\n\t\t\t\t<div class=\"icon\">\n\t\t\t\t\t<div class=\"icon-inner\" >\n\t\t\t\t\t\t<img loading=\"lazy\" decoding=\"async\" width=\"105\" height=\"95\" src=\"https:\/\/aprovacao.website\/botanica\/wp-content\/uploads\/2023\/04\/favico.png\" class=\"attachment-medium size-medium\" alt=\"\" \/>\t\t\t\t\t<\/div>\n\t\t\t\t<\/div>\n\t\t\t<\/div>\n\t\t\t\t<div class=\"icon-box-text last-reset\">\n\t\t\t\t\t\t\t\t\t\n<div>\n<div><strong>Imagens de algas marinhas do sudeste brasileiro\u00a0<\/strong><\/div>\n<p><span lang=\"PT-BR\" style=\"font-size: 110%;\"><strong><span style=\"font-family: arial;\"><a href=\"http:\/\/www.botanicaonline.com.br\/geral\/arquivos\/bmaterial4.pdf\" target=\"_blank\" rel=\"noopener\">BAIXAR<\/a><\/span><\/strong><\/span><\/p>\n<\/div>\n\t\t<\/div>\n\t<\/div>\n\t\n\t\n\t<div id=\"gap-1878618073\" class=\"gap-element clearfix\" style=\"display:block; height:auto;\">\n\t\t\n<style scope=\"scope\">\n\n#gap-1878618073 {\n  padding-top: 30px;\n}\n<\/style>\n\t<\/div>\n\t\n\n\t\t<div class=\"icon-box featured-box icon-box-left text-left\"  >\n\t\t\t\t\t<div class=\"icon-box-img\" style=\"width: 30px\">\n\t\t\t\t<div class=\"icon\">\n\t\t\t\t\t<div class=\"icon-inner\" >\n\t\t\t\t\t\t<img loading=\"lazy\" decoding=\"async\" width=\"105\" height=\"95\" src=\"https:\/\/aprovacao.website\/botanica\/wp-content\/uploads\/2023\/04\/favico.png\" class=\"attachment-medium size-medium\" alt=\"\" \/>\t\t\t\t\t<\/div>\n\t\t\t\t<\/div>\n\t\t\t<\/div>\n\t\t\t\t<div class=\"icon-box-text last-reset\">\n\t\t\t\t\t\t\t\t\t\n<div>\n<div>\n<div><strong>Protocolo de extra\u00e7\u00e3o de DNA vegetal<\/strong><\/div>\n<\/div>\n<div><strong style=\"font-size: 110%;\"><span style=\"font-family: arial;\"><a href=\"http:\/\/www.botanicaonline.com.br\/geral\/arquivos\/bmaterial6.pdf\" target=\"_blank\" rel=\"noopener\">BAIXAR<\/a><\/span><\/strong><\/div>\n<\/div>\n\t\t<\/div>\n\t<\/div>\n\t\n\t\n\t<div id=\"gap-50412866\" class=\"gap-element clearfix\" style=\"display:block; height:auto;\">\n\t\t\n<style scope=\"scope\">\n\n#gap-50412866 {\n  padding-top: 30px;\n}\n<\/style>\n\t<\/div>\n\t\n\n\t\t<div class=\"icon-box featured-box icon-box-left text-left\"  >\n\t\t\t\t\t<div class=\"icon-box-img\" style=\"width: 30px\">\n\t\t\t\t<div class=\"icon\">\n\t\t\t\t\t<div class=\"icon-inner\" >\n\t\t\t\t\t\t<img loading=\"lazy\" decoding=\"async\" width=\"105\" height=\"95\" src=\"https:\/\/aprovacao.website\/botanica\/wp-content\/uploads\/2023\/04\/favico.png\" class=\"attachment-medium size-medium\" alt=\"\" \/>\t\t\t\t\t<\/div>\n\t\t\t\t<\/div>\n\t\t\t<\/div>\n\t\t\t\t<div class=\"icon-box-text last-reset\">\n\t\t\t\t\t\t\t\t\t\n<div>\n<div><b>Apostila de revis\u00e3o de conte\u00fados (Ensino M\u00e9dio)\u00a0<\/b><\/div>\n<div><strong style=\"font-size: 110%;\"><span style=\"font-family: arial;\"><a href=\"http:\/\/www.botanicaonline.com.br\/geral\/arquivos\/bmaterial7.pdf\" target=\"_blank\" rel=\"noopener\">BAIXAR<\/a><\/span><\/strong><\/div>\n<\/div>\n\t\t<\/div>\n\t<\/div>\n\t\n\t\n\t<div id=\"gap-2040956499\" class=\"gap-element clearfix\" style=\"display:block; height:auto;\">\n\t\t\n<style scope=\"scope\">\n\n#gap-2040956499 {\n  padding-top: 30px;\n}\n<\/style>\n\t<\/div>\n\t\n\n\t\t<div class=\"icon-box featured-box icon-box-left text-left\"  >\n\t\t\t\t\t<div class=\"icon-box-img\" style=\"width: 30px\">\n\t\t\t\t<div class=\"icon\">\n\t\t\t\t\t<div class=\"icon-inner\" >\n\t\t\t\t\t\t<img loading=\"lazy\" decoding=\"async\" width=\"105\" height=\"95\" src=\"https:\/\/aprovacao.website\/botanica\/wp-content\/uploads\/2023\/04\/favico.png\" class=\"attachment-medium size-medium\" alt=\"\" \/>\t\t\t\t\t<\/div>\n\t\t\t\t<\/div>\n\t\t\t<\/div>\n\t\t\t\t<div class=\"icon-box-text last-reset\">\n\t\t\t\t\t\t\t\t\t\n<div>\n<div><strong>Material para colorir &#8211; Madeira<\/strong><\/div>\n<div><strong style=\"font-size: 110%;\"><span style=\"font-family: arial;\"><a href=\"https:\/\/aprovacao.website\/botanica\/wp-content\/uploads\/2023\/04\/materias-didaticos-colorir-madeira.pdf\" target=\"_blank\" rel=\"noopener\">BAIXAR<\/a><\/span><\/strong><\/div>\n<\/div>\n\t\t<\/div>\n\t<\/div>\n\t\n\t\n\t<div id=\"gap-269474917\" class=\"gap-element clearfix\" style=\"display:block; height:auto;\">\n\t\t\n<style scope=\"scope\">\n\n#gap-269474917 {\n  padding-top: 30px;\n}\n<\/style>\n\t<\/div>\n\t\n\n\t\t<div class=\"icon-box featured-box icon-box-left text-left\"  >\n\t\t\t\t\t<div class=\"icon-box-img\" style=\"width: 30px\">\n\t\t\t\t<div class=\"icon\">\n\t\t\t\t\t<div class=\"icon-inner\" >\n\t\t\t\t\t\t<img loading=\"lazy\" decoding=\"async\" width=\"105\" height=\"95\" src=\"https:\/\/aprovacao.website\/botanica\/wp-content\/uploads\/2023\/04\/favico.png\" class=\"attachment-medium size-medium\" alt=\"\" \/>\t\t\t\t\t<\/div>\n\t\t\t\t<\/div>\n\t\t\t<\/div>\n\t\t\t\t<div class=\"icon-box-text last-reset\">\n\t\t\t\t\t\t\t\t\t\n<div>\n<div><strong>Forma\u00e7\u00e3o de Professores &#8211; Propostas para aulas pr\u00e1ticas\u00a0de Bot\u00e2nica<\/strong><\/div>\n<p><strong style=\"font-size: 110%;\"><span style=\"font-family: arial;\"><a href=\"http:\/\/www.botanicaonline.com.br\/geral\/arquivos\/bmaterial1.pdf\" target=\"_blank\" rel=\"noopener\">BAIXAR<\/a><\/span><\/strong><\/p>\n<\/div>\n\t\t<\/div>\n\t<\/div>\n\t\n\t\n\t<div id=\"gap-1622071568\" class=\"gap-element clearfix\" style=\"display:block; height:auto;\">\n\t\t\n<style scope=\"scope\">\n\n#gap-1622071568 {\n  padding-top: 30px;\n}\n<\/style>\n\t<\/div>\n\t\n\n\t\t<div class=\"icon-box featured-box icon-box-left text-left\"  >\n\t\t\t\t\t<div class=\"icon-box-img\" style=\"width: 30px\">\n\t\t\t\t<div class=\"icon\">\n\t\t\t\t\t<div class=\"icon-inner\" >\n\t\t\t\t\t\t<img loading=\"lazy\" decoding=\"async\" width=\"105\" height=\"95\" src=\"https:\/\/aprovacao.website\/botanica\/wp-content\/uploads\/2023\/04\/favico.png\" class=\"attachment-medium size-medium\" alt=\"\" \/>\t\t\t\t\t<\/div>\n\t\t\t\t<\/div>\n\t\t\t<\/div>\n\t\t\t\t<div class=\"icon-box-text last-reset\">\n\t\t\t\t\t\t\t\t\t\n<div>\n<div><span style=\"font-family: helvetica;\"><strong>Forma\u00e7\u00e3o de Professores &#8211; Atualiza\u00e7\u00e3o em t\u00f3picos importantes da Bot\u00e2nica\u00a0<\/strong><\/span><\/div>\n<div><strong style=\"font-size: 110%;\"><span style=\"font-family: arial;\"><a href=\"http:\/\/www.botanicaonline.com.br\/geral\/arquivos\/bmaterial2.pdf\" target=\"_blank\" rel=\"noopener\">BAIXAR<\/a><\/span><\/strong><\/div>\n<\/div>\n\t\t<\/div>\n\t<\/div>\n\t\n\t\n\t<div id=\"gap-1405653818\" class=\"gap-element clearfix\" style=\"display:block; height:auto;\">\n\t\t\n<style scope=\"scope\">\n\n#gap-1405653818 {\n  padding-top: 30px;\n}\n<\/style>\n\t<\/div>\n\t\n\n\t\t<div class=\"icon-box featured-box icon-box-left text-left\"  >\n\t\t\t\t\t<div class=\"icon-box-img\" style=\"width: 30px\">\n\t\t\t\t<div class=\"icon\">\n\t\t\t\t\t<div class=\"icon-inner\" >\n\t\t\t\t\t\t<img loading=\"lazy\" decoding=\"async\" width=\"105\" height=\"95\" src=\"https:\/\/aprovacao.website\/botanica\/wp-content\/uploads\/2023\/04\/favico.png\" class=\"attachment-medium size-medium\" alt=\"\" \/>\t\t\t\t\t<\/div>\n\t\t\t\t<\/div>\n\t\t\t<\/div>\n\t\t\t\t<div class=\"icon-box-text last-reset\">\n\t\t\t\t\t\t\t\t\t\n<div>\n<div><strong>Forma\u00e7\u00e3o de Professores &#8211; Texto sobre Ensino de Algas na Educa\u00e7\u00e3o B\u00e1sica\u00a0<\/strong><\/div>\n<div><strong style=\"font-size: 110%;\"><span style=\"font-family: arial;\"><a href=\"http:\/\/www.botanicaonline.com.br\/geral\/arquivos\/Algas na Educa\u00e7\u00e3o B\u00e1sica texto.pdf\" target=\"_blank\" rel=\"noopener\">BAIXAR<\/a><\/span><\/strong><\/div>\n<\/div>\n\t\t<\/div>\n\t<\/div>\n\t\n\t\n\t\t<\/div>\n\t<\/div>\n\n\t\n<\/div>\n\t\t<\/div>\n\t<\/div>\n\n\t\n<\/div>\n\t\t<\/div>\n\n\t\t\n<style scope=\"scope\">\n\n#section_237297057 {\n  padding-top: 30px;\n  padding-bottom: 30px;\n}\n<\/style>\n\t<\/section>\n\t\n\t<section class=\"section\" id=\"section_2087077264\">\n\t\t<div class=\"bg section-bg fill bg-fill  bg-loaded\" >\n\n\t\t\t\n\t\t\t\n\t\t\t\n\n\t\t<\/div>\n\n\t\t<div class=\"section-content relative\">\n\t\t\t\n<div class=\"container section-title-container\" ><h3 class=\"section-title section-title-center\"><b><\/b><span class=\"section-title-main\" >Especial: materiais desenvolvidos pela equipe do BotEd<\/span><b><\/b><\/h3><\/div>\n<div class=\"row\"  id=\"row-870038533\">\n\n\t<div class=\"col small-12 large-12\"  >\n\t\t<div class=\"col-inner\"  >\n\t\t\t\n\t\t\t\n<div class=\"row\"  id=\"row-508722374\">\n\n\t<div class=\"col medium-5 small-12 large-5\"  >\n\t\t<div class=\"col-inner\"  >\n\t\t\t\n\t\t\t\n\t<div class=\"img has-hover x md-x lg-x y md-y lg-y\" id=\"image_650026079\">\n\t\t\t\t\t\t\t\t<div class=\"img-inner dark\" >\n\t\t\t<img loading=\"lazy\" decoding=\"async\" width=\"608\" height=\"800\" src=\"https:\/\/aprovacao.website\/botanica\/wp-content\/uploads\/2023\/04\/botanica-1-608x800.jpg\" class=\"attachment-large size-large\" alt=\"\" srcset=\"https:\/\/aprovacao.website\/botanica\/wp-content\/uploads\/2023\/04\/botanica-1-608x800.jpg 608w, https:\/\/aprovacao.website\/botanica\/wp-content\/uploads\/2023\/04\/botanica-1-304x400.jpg 304w, https:\/\/aprovacao.website\/botanica\/wp-content\/uploads\/2023\/04\/botanica-1-768x1010.jpg 768w, https:\/\/aprovacao.website\/botanica\/wp-content\/uploads\/2023\/04\/botanica-1-600x789.jpg 600w, https:\/\/aprovacao.website\/botanica\/wp-content\/uploads\/2023\/04\/botanica-1.jpg 1080w\" sizes=\"auto, (max-width: 608px) 100vw, 608px\" \/>\t\t\t\t\t\t\n\t\t\t\t\t<\/div>\n\t\t\t\t\t\t\t\t\n<style scope=\"scope\">\n\n#image_650026079 {\n  width: 100%;\n}\n<\/style>\n\t<\/div>\n\t\n\t\t<\/div>\n\t<\/div>\n\n\t\n\n\t<div class=\"col medium-7 small-12 large-7\"  >\n\t\t<div class=\"col-inner\"  >\n\t\t\t\n\t\t\t\n\n\t\t<div class=\"icon-box featured-box icon-box-left text-left\"  >\n\t\t\t\t\t<div class=\"icon-box-img\" style=\"width: 30px\">\n\t\t\t\t<div class=\"icon\">\n\t\t\t\t\t<div class=\"icon-inner\" >\n\t\t\t\t\t\t<img loading=\"lazy\" decoding=\"async\" width=\"105\" height=\"95\" src=\"https:\/\/aprovacao.website\/botanica\/wp-content\/uploads\/2023\/04\/favico.png\" class=\"attachment-medium size-medium\" alt=\"\" \/>\t\t\t\t\t<\/div>\n\t\t\t\t<\/div>\n\t\t\t<\/div>\n\t\t\t\t<div class=\"icon-box-text last-reset\">\n\t\t\t\t\t\t\t\t\t\n<div>\n<p align=\"left\"><strong>Jogo did\u00e1tico `Corrida Sistem\u00e1tica` &#8211; para Ensino Superior\u00a0<br \/><\/strong><strong style=\"font-size: 110%; color: #333333;\"><span style=\"font-family: arial;\"><a href=\"http:\/\/www.botanicaonline.com.br\/geral\/arquivos\/SaitoUrsi2013_CorridaSistem\u00e1tica.pdf\" target=\"_blank\" rel=\"noopener\">BAIXAR<\/a><\/span><\/strong><\/p>\n<\/div>\n\t\t<\/div>\n\t<\/div>\n\t\n\t\n\t<div id=\"gap-1897886607\" class=\"gap-element clearfix\" style=\"display:block; height:auto;\">\n\t\t\n<style scope=\"scope\">\n\n#gap-1897886607 {\n  padding-top: 30px;\n}\n<\/style>\n\t<\/div>\n\t\n\n\t\t<div class=\"icon-box featured-box icon-box-left text-left\"  >\n\t\t\t\t\t<div class=\"icon-box-img\" style=\"width: 30px\">\n\t\t\t\t<div class=\"icon\">\n\t\t\t\t\t<div class=\"icon-inner\" >\n\t\t\t\t\t\t<img loading=\"lazy\" decoding=\"async\" width=\"105\" height=\"95\" src=\"https:\/\/aprovacao.website\/botanica\/wp-content\/uploads\/2023\/04\/favico.png\" class=\"attachment-medium size-medium\" alt=\"\" \/>\t\t\t\t\t<\/div>\n\t\t\t\t<\/div>\n\t\t\t<\/div>\n\t\t\t\t<div class=\"icon-box-text last-reset\">\n\t\t\t\t\t\t\t\t\t\n<div>\n<p align=\"left\"><strong>Jogo did\u00e1tico `Que caule \u00e9 este?`<br \/><\/strong><strong style=\"font-size: 110%;\"><span style=\"font-family: arial;\"><a href=\"https:\/\/aprovacao.website\/botanica\/wp-content\/uploads\/2023\/04\/SaitoUrsi2012.Jogo_Que-caule-e-este.pdf\" target=\"_blank\" rel=\"noopener\">BAIXAR<\/a><\/span><\/strong><\/p>\n<\/div>\n\t\t<\/div>\n\t<\/div>\n\t\n\t\n\t<div id=\"gap-1465102112\" class=\"gap-element clearfix\" style=\"display:block; height:auto;\">\n\t\t\n<style scope=\"scope\">\n\n#gap-1465102112 {\n  padding-top: 30px;\n}\n<\/style>\n\t<\/div>\n\t\n\n\t\t<div class=\"icon-box featured-box icon-box-left text-left\"  >\n\t\t\t\t\t<div class=\"icon-box-img\" style=\"width: 30px\">\n\t\t\t\t<div class=\"icon\">\n\t\t\t\t\t<div class=\"icon-inner\" >\n\t\t\t\t\t\t<img loading=\"lazy\" decoding=\"async\" width=\"105\" height=\"95\" src=\"https:\/\/aprovacao.website\/botanica\/wp-content\/uploads\/2023\/04\/favico.png\" class=\"attachment-medium size-medium\" alt=\"\" \/>\t\t\t\t\t<\/div>\n\t\t\t\t<\/div>\n\t\t\t<\/div>\n\t\t\t\t<div class=\"icon-box-text last-reset\">\n\t\t\t\t\t\t\t\t\t\n<div>\n<p align=\"left\"><span style=\"font-family: helvetica;\"><strong>Uma proposta de atividade pr\u00e1tica para abordar a filogenia de plantas no Ensino B\u00e1sico<br \/><\/strong><\/span><strong style=\"font-size: 110%;\"><span style=\"font-family: arial;\"><a href=\"http:\/\/www.botanicaonline.com.br\/geral\/arquivos\/Filogenetica Plantas EB - Ursi e Tonidandel 2013.pdf\" target=\"_blank\" rel=\"noopener\" data-wplink-url-error=\"true\">BAIXAR<\/a><\/span><\/strong><\/p>\n<\/div>\n\t\t<\/div>\n\t<\/div>\n\t\n\t\n\t<div id=\"gap-1630149725\" class=\"gap-element clearfix\" style=\"display:block; height:auto;\">\n\t\t\n<style scope=\"scope\">\n\n#gap-1630149725 {\n  padding-top: 30px;\n}\n<\/style>\n\t<\/div>\n\t\n\n\t\t<div class=\"icon-box featured-box icon-box-left text-left\"  >\n\t\t\t\t\t<div class=\"icon-box-img\" style=\"width: 30px\">\n\t\t\t\t<div class=\"icon\">\n\t\t\t\t\t<div class=\"icon-inner\" >\n\t\t\t\t\t\t<img loading=\"lazy\" decoding=\"async\" width=\"105\" height=\"95\" src=\"https:\/\/aprovacao.website\/botanica\/wp-content\/uploads\/2023\/04\/favico.png\" class=\"attachment-medium size-medium\" alt=\"\" \/>\t\t\t\t\t<\/div>\n\t\t\t\t<\/div>\n\t\t\t<\/div>\n\t\t\t\t<div class=\"icon-box-text last-reset\">\n\t\t\t\t\t\t\t\t\t\n<div>\n<p align=\"left\"><strong>Observando as flores: identifica\u00e7\u00e3o dos tipos b\u00e1sicos de corola <br \/><\/strong><strong style=\"font-size: 110%;\"><span style=\"font-family: arial;\"><a href=\"http:\/\/www.botanicaonline.com.br\/geral\/arquivos\/Observando flores Ursi et al 2012.pdf\" target=\"_blank\" rel=\"noopener\" data-wplink-url-error=\"true\">BAIXAR<\/a><\/span><\/strong><\/p>\n<\/div>\n\t\t<\/div>\n\t<\/div>\n\t\n\t\n\t<div id=\"gap-1650277742\" class=\"gap-element clearfix\" style=\"display:block; height:auto;\">\n\t\t\n<style scope=\"scope\">\n\n#gap-1650277742 {\n  padding-top: 30px;\n}\n<\/style>\n\t<\/div>\n\t\n\n\t\t<div class=\"icon-box featured-box icon-box-left text-left\"  >\n\t\t\t\t\t<div class=\"icon-box-img\" style=\"width: 30px\">\n\t\t\t\t<div class=\"icon\">\n\t\t\t\t\t<div class=\"icon-inner\" >\n\t\t\t\t\t\t<img loading=\"lazy\" decoding=\"async\" width=\"105\" height=\"95\" src=\"https:\/\/aprovacao.website\/botanica\/wp-content\/uploads\/2023\/04\/favico.png\" class=\"attachment-medium size-medium\" alt=\"\" \/>\t\t\t\t\t<\/div>\n\t\t\t\t<\/div>\n\t\t\t<\/div>\n\t\t\t\t<div class=\"icon-box-text last-reset\">\n\t\t\t\t\t\t\t\t\t\n<div><strong>Texto e atividade &#8211; Planta sem clorofila \u00e9 planta?\u00a0<\/strong><\/div>\n<div><strong style=\"font-size: 110%;\"><span style=\"font-family: arial;\"><a href=\"http:\/\/www.botanicaonline.com.br\/geral\/arquivos\/PLANTAS%20PARASITAS%20-%20BiancaBrasil.SuzanaUrsi%20-%20www.botanicaonline.com.br..pdf\" target=\"_blank\" rel=\"noopener\">BAIXAR<\/a><\/span><\/strong><\/div>\n\t\t<\/div>\n\t<\/div>\n\t\n\t\n\t<div id=\"gap-1113705220\" class=\"gap-element clearfix\" style=\"display:block; height:auto;\">\n\t\t\n<style scope=\"scope\">\n\n#gap-1113705220 {\n  padding-top: 30px;\n}\n<\/style>\n\t<\/div>\n\t\n\t\t<\/div>\n\t<\/div>\n\n\t\n<\/div>\n\t\t<\/div>\n\t<\/div>\n\n\t\n<\/div>\n\t\t<\/div>\n\n\t\t\n<style scope=\"scope\">\n\n#section_2087077264 {\n  padding-top: 30px;\n  padding-bottom: 30px;\n  background-color: rgb(243, 243, 243);\n}\n<\/style>\n\t<\/section>\n\t\n","protected":false},"excerpt":{"rendered":"","protected":false},"author":1,"featured_media":16,"parent":0,"menu_order":15,"comment_status":"closed","ping_status":"closed","template":"page-blank.php","meta":{"footnotes":""},"class_list":["post-61","page","type-page","status-publish","has-post-thumbnail","hentry"],"_links":{"self":[{"href":"https:\/\/aprovacao.website\/botanica\/wp-json\/wp\/v2\/pages\/61","targetHints":{"allow":["GET"]}}],"collection":[{"href":"https:\/\/aprovacao.website\/botanica\/wp-json\/wp\/v2\/pages"}],"about":[{"href":"https:\/\/aprovacao.website\/botanica\/wp-json\/wp\/v2\/types\/page"}],"author":[{"embeddable":true,"href":"https:\/\/aprovacao.website\/botanica\/wp-json\/wp\/v2\/users\/1"}],"replies":[{"embeddable":true,"href":"https:\/\/aprovacao.website\/botanica\/wp-json\/wp\/v2\/comments?post=61"}],"version-history":[{"count":6,"href":"https:\/\/aprovacao.website\/botanica\/wp-json\/wp\/v2\/pages\/61\/revisions"}],"predecessor-version":[{"id":291,"href":"https:\/\/aprovacao.website\/botanica\/wp-json\/wp\/v2\/pages\/61\/revisions\/291"}],"wp:featuredmedia":[{"embeddable":true,"href":"https:\/\/aprovacao.website\/botanica\/wp-json\/wp\/v2\/media\/16"}],"wp:attachment":[{"href":"https:\/\/aprovacao.website\/botanica\/wp-json\/wp\/v2\/media?parent=61"}],"curies":[{"name":"wp","href":"https:\/\/api.w.org\/{rel}","templated":true}]}}