{"id":48,"date":"2016-03-31T14:37:54","date_gmt":"2016-03-31T14:37:54","guid":{"rendered":"http:\/\/flatsome.dev\/?page_id=7011"},"modified":"2023-04-11T14:48:15","modified_gmt":"2023-04-11T14:48:15","slug":"boted","status":"publish","type":"page","link":"https:\/\/aprovacao.website\/botanica\/boted\/","title":{"rendered":"Boted"},"content":{"rendered":"\n  <div class=\"banner has-hover\" id=\"banner-11236639\">\n          <div class=\"banner-inner fill\">\n        <div class=\"banner-bg fill\" >\n            <div class=\"bg fill bg-fill \"><\/div>\n                        <div class=\"overlay\"><\/div>            \n                    <\/div>\n        <div class=\"banner-layers container\">\n            <div class=\"fill banner-link\"><\/div>            \n   <div id=\"text-box-1193237762\" class=\"text-box banner-layer x50 md-x50 lg-x50 y50 md-y50 lg-y50 res-text\">\n                                <div class=\"text dark\">\n              \n              <div class=\"text-inner text-center\">\n                  \n<div class=\"container section-title-container\" ><h3 class=\"section-title section-title-normal\"><b><\/b><span class=\"section-title-main\" >boted - grupo de pesquisa bot\u00e2nica na educa\u00e7\u00e3o<\/span><b><\/b><\/h3><\/div>\n<p>O grupo teve in\u00edcio em 2008. Realiza reuni\u00f5es semanais para estudo e troca de experi\u00eancias no Instituto de Bioci\u00eancias da USP todas as sextas-feiras, no per\u00edodo da tarde. Atualmente, desenvolvemos duas linhas principais de pesquisa.<\/p>\n              <\/div>\n           <\/div>\n                            \n<style scope=\"scope\">\n\n#text-box-1193237762 {\n  width: 60%;\n}\n#text-box-1193237762 .text {\n  font-size: 100%;\n}\n<\/style>\n    <\/div>\n \n        <\/div>\n      <\/div>\n\n            \n<style scope=\"scope\">\n\n#banner-11236639 {\n  padding-top: 350px;\n}\n#banner-11236639 .bg.bg-loaded {\n  background-image: url(https:\/\/aprovacao.website\/botanica\/wp-content\/uploads\/2023\/04\/1_reduz-2.jpg);\n}\n#banner-11236639 .overlay {\n  background-color: rgba(42, 187, 177, 0.88);\n}\n<\/style>\n  <\/div>\n\n\n\t<section class=\"section\" id=\"section_1777010619\">\n\t\t<div class=\"bg section-bg fill bg-fill  bg-loaded\" >\n\n\t\t\t\n\t\t\t\n\t\t\t\n\n\t\t<\/div>\n\n\t\t<div class=\"section-content relative\">\n\t\t\t\n<div class=\"row\"  id=\"row-265296967\">\n\n\t<div class=\"col medium-4 small-12 large-4\"  >\n\t\t<div class=\"col-inner\"  >\n\t\t\t\n\t\t\t\n<h3><img loading=\"lazy\" decoding=\"async\" class=\"wp-image-255 aligncenter\" src=\"https:\/\/aprovacao.website\/botanica\/wp-content\/uploads\/2023\/04\/1_reduz-5.jpg\" alt=\"\" width=\"296\" height=\"193\" \/><\/h3>\n<h3>EQUIPE ATUAL<\/h3>\n<p>Coordenadora <a href=\"http:\/\/lattes.cnpq.br\/2908921158400085\" target=\"_blank\" rel=\"noopener\"><strong>Profa Suzana Ursi<\/strong><\/a><\/p>\n<p><strong>Doutorandas<\/strong> Kelma Cristina de Freitas, Graciene N. Silva<br \/>\n<strong>Mestrandos<\/strong> Mar\u00edlia F Silva , Gabriela Brito, Yuri S Tavares, Fuvia M Lustosa, Maria Fernanda R. Baligani Inicia\u00e7\u00e3o cient\u00edfica Lucas Guidi<\/p>\n<p><strong>Colaboradores (ex-estudantes)<\/strong><br \/>\n<strong>Doutores<\/strong> Naomi Towata, P\u00e9rcia Paiva Barbosa, Lu\u00eds Carlos Saito<br \/>\n<strong>Mestras<\/strong> Marina Macedo, Paloma DR Cruz<\/p>\n\t\t<\/div>\n\t<\/div>\n\n\t\n\n\t<div class=\"col medium-8 small-12 large-8\"  >\n\t\t<div class=\"col-inner\"  >\n\t\t\t\n\t\t\t\n<ol>\n<li style=\"font-weight: 400;\"><strong> Percep\u00e7\u00e3o e Educa\u00e7\u00e3o Ambiental em e sobre ecossistemas marinhos e costeiros<\/strong><\/li>\n<\/ol>\n<p style=\"font-weight: 400;\">Desenvolvemos e avaliamos a aplica\u00e7\u00e3o de estrat\u00e9gias did\u00e1ticas de ensino-aprendizagem, bem como investigamos a forma\u00e7\u00e3o de professores relacionada a tais tem\u00e1ticas. Um dos principais focos de nossas investiga\u00e7\u00f5es s\u00e3o o Projeto de extens\u00e3o Trilha Subaqu\u00e1tica (IBUSP) e suas influ\u00eancias nas percep\u00e7\u00f5es e concep\u00e7\u00f5es de estudantes e professores. Dentre os referenciais te\u00f3rico-metodol\u00f3gicos que norteiam os trabalhos atualmente, destacamos o Modelo de Valores Ecol\u00f3gicos de Borgner e Wiseman.<\/p>\n<ol start=\"2\">\n<li style=\"font-weight: 400;\"><strong> Forma\u00e7\u00e3o de professores<\/strong><\/li>\n<\/ol>\n<p style=\"font-weight: 400;\">Nossas pesquisas s\u00e3o ancoradas pelas ideias de Schuman e colaboradores (Conhecimento Pedag\u00f3gico do Conte\u00fado &#8211; PCK). A forma\u00e7\u00e3o em Educa\u00e7\u00e3o a Dist\u00e2ncia (EAD), tem sido um foco importante de nossos trabalhos, que abordam avalia\u00e7\u00e3o de cursos, desenvolvimento e avalia\u00e7\u00e3o de ferramentas did\u00e1ticas, atividade de tutoria, motiva\u00e7\u00e3o e aprendizagem de cursistas. As manifesta\u00e7\u00f5es do PCK em participantes do PIBID (Programa Institucional de Bolsas de Inicia\u00e7\u00e3o \u00e0 Doc\u00eancia) tamb\u00e9m tem sido outro foco de nossas pesquisas.<\/p>\n<p style=\"font-weight: 400;\">Paralelamente, nosso grupo dedica-se a\u00a0<strong>elabora\u00e7\u00e3o e avalia\u00e7\u00e3o de recursos, estrat\u00e9gias e sequ\u00eancias did\u00e1ticas sobre Biologia Vegetal<\/strong>\u00a0e temas afins, sempre buscando realizar tais avalia\u00e7\u00f5es no sentido de contribuir com a constru\u00e7\u00e3o de conhecimento na \u00e1rea de Ensino de Biologia.<\/p>\n\t\t<\/div>\n\t<\/div>\n\n\t\n<\/div>\n\t\t<\/div>\n\n\t\t\n<style scope=\"scope\">\n\n#section_1777010619 {\n  padding-top: 30px;\n  padding-bottom: 30px;\n}\n<\/style>\n\t<\/section>\n\t\n\t<section class=\"section\" id=\"section_1145549706\">\n\t\t<div class=\"bg section-bg fill bg-fill  bg-loaded\" >\n\n\t\t\t\n\t\t\t<div class=\"section-bg-overlay absolute fill\"><\/div>\n\t\t\t\n\n\t\t<\/div>\n\n\t\t<div class=\"section-content relative\">\n\t\t\t\n\t<div id=\"gap-611155058\" class=\"gap-element clearfix\" style=\"display:block; height:auto;\">\n\t\t\n<style scope=\"scope\">\n\n#gap-611155058 {\n  padding-top: 50px;\n}\n<\/style>\n\t<\/div>\n\t\n<div class=\"row\"  id=\"row-2110298785\">\n\n\t<div class=\"col medium-6 small-12 large-6\"  >\n\t\t<div class=\"col-inner\"  >\n\t\t\t\n\t\t\t\n<p style=\"font-weight: 400;\"><span style=\"color: #e0e0e0;\"><strong>NOSSA MISS\u00c3O<\/strong><\/span><\/p>\n<p style=\"font-weight: 400;\"><span style=\"color: #e0e0e0;\"><em>Desenvolver e divulgar pesquisas de qualidade sobre forma\u00e7\u00e3o docente (especialmente relacionadas ao PCK) e Percep\u00e7\u00e3o Ambiental, bem como estrat\u00e9gias did\u00e1ticas para ensino-aprendizagem de Biologia, enfatizando a integra\u00e7\u00e3o do conhecimento bot\u00e2nico com as demais \u00e1reas e auxiliando na forma\u00e7\u00e3o de recursos humanos qualificados.<\/em><\/span><\/p>\n\t\t<\/div>\n\t<\/div>\n\n\t\n\n\t<div class=\"col medium-6 small-12 large-6\"  >\n\t\t<div class=\"col-inner\"  >\n\t\t\t\n\t\t\t\n<p style=\"font-weight: 400;\"><span style=\"color: #e0e0e0;\"><strong>NOSSA VIS\u00c3O<\/strong><\/span><\/p>\n<p style=\"font-weight: 400;\"><span style=\"color: #e0e0e0;\"><em> Ser um laborat\u00f3rio de refer\u00eancia na \u00e1rea de Pesquisa em Ensino de Biologia no \u00e2mbito nacional e internacional, trabalhando em parceria com professores e estudantes de diferentes n\u00edveis educacionais. Desta forma, pretendemos trazer \u00e0 sociedade outro olhar sobre o conhecimento bot\u00e2nico, contribuindo para a forma\u00e7\u00e3o cidad\u00e3, supera\u00e7\u00e3o da cegueira bot\u00e2nica e conserva\u00e7\u00e3o do meio ambiente.<\/em><\/span><\/p>\n\t\t<\/div>\n\t<\/div>\n\n\t\n<\/div>\n<div class=\"row\"  id=\"row-786197637\">\n\n\t<div class=\"col small-12 large-12\"  >\n\t\t<div class=\"col-inner\"  >\n\t\t\t\n\t\t\t\n<p style=\"font-weight: 400;\"><span style=\"color: #e0e0e0;\"><strong>NOSSOS VALORES<\/strong><\/span><\/p>\n<div class=\"row align-middle\"  id=\"row-1343020190\">\n\n\t<div class=\"col medium-6 small-12 large-6\"  >\n\t\t<div class=\"col-inner\"  >\n\t\t\t\n\t\t\t\n<div class=\"row\"  id=\"row-1507664545\">\n\n\t<div class=\"col medium-4 small-12 large-4\"  >\n\t\t<div class=\"col-inner\"  >\n\t\t\t\n\t\t\t\n<h1 style=\"text-align: center;\"><span style=\"color: #e0e0e0;\">T<\/span><\/h1>\n<p style=\"text-align: center;\"><span style=\"color: #e0e0e0;\">Transpar\u00eancia<\/span><\/p>\n\t\t<\/div>\n\t<\/div>\n\n\t\n\n\t<div class=\"col medium-4 small-12 large-4\"  >\n\t\t<div class=\"col-inner\"  >\n\t\t\t\n\t\t\t\n<h1 style=\"text-align: center;\"><span style=\"color: #e0e0e0;\">R<\/span><\/h1>\n<p style=\"text-align: center;\"><span style=\"color: #e0e0e0;\">Respeito<\/span><\/p>\n\t\t<\/div>\n\t<\/div>\n\n\t\n\n\t<div class=\"col medium-4 small-12 large-4\"  >\n\t\t<div class=\"col-inner\"  >\n\t\t\t\n\t\t\t\n<h1 style=\"text-align: center;\"><span style=\"color: #e0e0e0;\">E<\/span><\/h1>\n<p style=\"text-align: center;\"><span style=\"color: #e0e0e0;\">Entusiasmo<\/span><\/p>\n\t\t<\/div>\n\t<\/div>\n\n\t\n<\/div>\n\t\t<\/div>\n\t<\/div>\n\n\t\n\n\t<div class=\"col medium-6 small-12 large-6\"  >\n\t\t<div class=\"col-inner\"  >\n\t\t\t\n\t\t\t\n<div class=\"row\"  id=\"row-356529448\">\n\n\t<div class=\"col medium-4 small-12 large-4\"  >\n\t\t<div class=\"col-inner\"  >\n\t\t\t\n\t\t\t\n<h1 style=\"text-align: center;\"><span style=\"color: #e0e0e0;\">C<\/span><\/h1>\n<p style=\"text-align: center;\"><span style=\"color: #e0e0e0;\">Coopera\u00e7\u00e3o<\/span><\/p>\n\t\t<\/div>\n\t<\/div>\n\n\t\n\n\t<div class=\"col medium-4 small-12 large-4\"  >\n\t\t<div class=\"col-inner\"  >\n\t\t\t\n\t\t\t\n<h1 style=\"text-align: center;\"><span style=\"color: #e0e0e0;\">C<\/span><\/h1>\n<p style=\"text-align: center;\"><span style=\"color: #e0e0e0;\">Comprometimento<\/span><\/p>\n\t\t<\/div>\n\t<\/div>\n\n\t\n\n\t<div class=\"col medium-4 small-12 large-4\"  >\n\t\t<div class=\"col-inner\"  >\n\t\t\t\n\t\t\t\n<h1 style=\"text-align: center;\"><span style=\"color: #e0e0e0;\">O<\/span><\/h1>\n<p style=\"text-align: center;\"><span style=\"color: #e0e0e0;\">Organiza\u00e7\u00e3o<\/span><\/p>\n\t\t<\/div>\n\t<\/div>\n\n\t\n<\/div>\n\t\t<\/div>\n\t<\/div>\n\n\t\n\n<style scope=\"scope\">\n\n<\/style>\n<\/div>\n\t\t<\/div>\n\t<\/div>\n\n\t\n<\/div>\n\t\t<\/div>\n\n\t\t\n<style scope=\"scope\">\n\n#section_1145549706 {\n  padding-top: 0px;\n  padding-bottom: 0px;\n  background-color: #2abbb1;\n}\n#section_1145549706 .section-bg-overlay {\n  background-color: rgba(0, 0, 0, 0.13);\n}\n<\/style>\n\t<\/section>\n\t\n\t<section class=\"section\" id=\"section_1436524380\">\n\t\t<div class=\"bg section-bg fill bg-fill  bg-loaded\" >\n\n\t\t\t\n\t\t\t\n\t\t\t\n\n\t\t<\/div>\n\n\t\t<div class=\"section-content relative\">\n\t\t\t\n<div class=\"container section-title-container\" ><h3 class=\"section-title section-title-center\"><b><\/b><span class=\"section-title-main\" >PROJETO DE PESQUISA<\/span><b><\/b><\/h3><\/div>\n<div class=\"row\"  id=\"row-875709775\">\n\n\t<div class=\"col medium-2 small-12 large-2\"  >\n\t\t<div class=\"col-inner\"  >\n\t\t\t\n\t\t\t\n\t\t<\/div>\n\t<\/div>\n\n\t\n\n\t<div class=\"col medium-8 small-12 large-8\"  >\n\t\t<div class=\"col-inner\"  >\n\t\t\t\n\t\t\t\n<p style=\"text-align: left;\" align=\"center\"><span style=\"font-family: arial;\"><b>Estrat\u00e9gias didpaticas e divulga\u00e7\u00e3o cient\u00edfica sobre o conhecimento constru\u00eddo no \u00e2mbito do Instituto Nacional de Ci\u00eancia e Tecnologia do Bioetanol<br \/><\/b><\/span>INCT do Bioetanol,\u00a0 processo no 2014\/50884-5 (2019- atual), <span style=\"font-family: arial;\">Pesquisadora colaboradora: Suzana Ursi, <\/span>Pesquisador respons\u00e1vel: Marcos S. Buckeridge<\/p>\n<p style=\"text-align: left;\" align=\"center\"><span style=\"font-family: arial;\"><b>Percep\u00e7\u00e3o ambiental e biodiversidade: desenvolvimento e avalia\u00e7\u00e3o de atividades did\u00e1ticas em ambientes marinhos e costeiros\u00a0<\/b>\u00a0<br \/><\/span><span style=\"font-family: arial;\">Programa BIOTA\/FAPESP, aux\u00edlio regular \u00e0 pesquisa, processo no 2013\/50709-6 (2013-2016). <\/span><span style=\"font-family: arial;\">Pesquisadora respons\u00e1vel: Suzana Ursi<\/span><\/p>\n<p style=\"text-align: left;\" align=\"center\"><b>Biodiversidade Marinha no Ensino B\u00e1sico: desenvolvimento e avalia\u00e7\u00e3o de propostas did\u00e1ticas.\u00a0<br \/><\/b><span style=\"font-family: arial;\">Programa BIOTA\/FAPESP, aux\u00edlio regular \u00e0 pesquisa, processo no 2010\/50172-4 (2010-2012). <\/span><span style=\"font-family: arial;\">Pesquisadora respons\u00e1vel: Suzana Ursi<\/span><\/p>\n\t\t<\/div>\n\t<\/div>\n\n\t\n<\/div>\n\t\t<\/div>\n\n\t\t\n<style scope=\"scope\">\n\n#section_1436524380 {\n  padding-top: 30px;\n  padding-bottom: 30px;\n}\n<\/style>\n\t<\/section>\n\t\n\t<section class=\"section\" id=\"section_1980964128\">\n\t\t<div class=\"bg section-bg fill bg-fill  bg-loaded\" >\n\n\t\t\t\n\t\t\t\n\t\t\t\n\n\t\t<\/div>\n\n\t\t<div class=\"section-content relative\">\n\t\t\t\n<div class=\"container section-title-container\" ><h3 class=\"section-title section-title-center\"><b><\/b><span class=\"section-title-main\" >PUBLICA\u00c7\u00d5ES<\/span><b><\/b><\/h3><\/div>\n<div class=\"row\"  id=\"row-1215228115\">\n\n\t<div class=\"col medium-6 small-12 large-6\"  >\n\t\t<div class=\"col-inner\"  >\n\t\t\t\n\t\t\t\n<p><strong>PERI\u00d3DICOS<\/strong><\/p>\n<table width=\"580\">\n<tbody>\n<tr>\n<td>\n<p><a href=\"http:\/\/www.botanicaonline.com.br\/geral\/arquivos\/BarbosaeUrsi2021_EAD.pdf\">BARBOSA, P.P., URSI, S. Motiva\u00e7\u00e3o de professores para a aprendizagem sobre Bot\u00e2nica: reflex\u00f5es a partir de um curso de forma\u00e7\u00e3o continuada \u00e0 dist\u00e2ncia. RE@D &#8211; Revista de Educa\u00e7\u00e3o a Dist\u00e2ncia e e-Learning, v. 4, n. 1, p. 42-64, 2021.<\/a>\u00a0<\/p>\n<p><a href=\"http:\/\/www.botanicaonline.com.br\/geral\/arquivos\/Barbosa.Macedo.Katon.Ursi2020.pdf\">BARBOSA, P.P., MACEDO, M., KATON, G.F., URSI, S. Preserva\u00e7\u00e3o e conserva\u00e7\u00e3o da vegeta\u00e7\u00e3o brasileira: entrelaces com a Forma\u00e7\u00e3o Docente e o Ensino de Bot\u00e2nica.\u00a0REVISTA PESQUISA EM FOCO,\u00a0\u00a0v. 25, n. 1,\u00a0 p. 49-79, 2020.<\/a><\/p>\n<p><a href=\"http:\/\/www.botanicaonline.com.br\/geral\/arquivos\/Marques%20et%20al%202020.pdf\">\u00a0MARQUES, V., URSI, S., SILVA, E. L.,\u00a0\u00a0KATON, G.F.\u00a0Environmental Perception: Notes on Transdisciplinary Approach.\u00a0Scientific Journal of Biology &amp; Life Sciences, v. 1, n. 3, p.1-9, 2020.\u00a0<\/a><\/p>\n<p><a href=\"http:\/\/www.botanicaonline.com.br\/geral\/arquivos\/Barbosa%20e%20Ursi%202019%20REEC.pdf\">BARBOSA, P.P.; URSI, S.\u00a0Motiva\u00e7\u00e3o para forma\u00e7\u00e3o continuada em Educa\u00e7\u00e3o a Dist\u00e2ncia: um estudo explorat\u00f3rio com professores de Biologia. Revista Electr\u00f3nica de Ense\u00f1anza de las Ciencias, v. 18, n.1, p. 148-172, 2019.\u00a0<\/a><\/p>\n<p><a href=\"http:\/\/www.botanicaonline.com.br\/geral\/arquivos\/Ursi%20et%20al%202018%20Estudos%20Avan%C3%A7ados.pdf\">URSI, S; BARBOSA, P.P.; SANO, P.T.; BERCHEZ, F.A.S. Ensino de Bot\u00e2nica: conhecimento e encantamento na educa\u00e7\u00e3o cient\u00edfica. Estudos Avan\u00e7ados, v. 32, n. 94, p. 7-24.<\/a>\u00a0<\/p>\n<p><a href=\"http:\/\/www.botanicaonline.com.br\/geral\/arquivos\/Ursi%20e%20Towata%20PEC%20Vol.76-3.pdf\">URSI, S.;TOWATA,\u00a0N.\u00a0Environmental Perception about marine and costal ecosystems: evaluation through a resercah instrument based on model of Ecological Values.\u00a0PROBLEMS OF EDUCATION IN THE 21st CENTURY,\u00a0v. 76, n. 3, p.393-405, 2018.<\/a><\/p>\n<p><a href=\"http:\/\/www.botanicaonline.com.br\/geral\/arquivos\/ursi%20et%20al%20Gradmaisv2.n2.pdf\">URSI, S.; BIZERRA, A.F.; VISCONTI, M.A. Promo\u00e7\u00e3o da Autonomia do Estudante: Experi\u00eancia Vivenciada na Disciplina\u00a0 Estrat\u00e9gias e Instrumentos Educacionais para o Ensino de Ci\u00eancias e Biologia (IB-USP). Revista de Gradua\u00e7\u00e3o USP, v.2, p. 75-81, 2017.\u00a0<\/a><\/p>\n<p><a href=\"http:\/\/www.botanicaonline.com.br\/geral\/arquivos\/Katon,%20Towata,%20Berchez,%20Ursi%20-%202017%20IOSTE.pdf\">KATON, G.F.;\u00a0TOWATA, N.; BERCHEZ, F.A.S.;URSI, S.\u00a0Social Representation of Marine and Coastal Environments: a perspective of teachers from southeast coast of Brazil.\u00a0Conex\u00e3o Ci\u00eancia, 12: (2) (N. especial IOSTE 2016): 298-304, 2017.<\/a><\/p>\n<p><a href=\"http:\/\/botanicaonline.com.br\/geral\/arquivos\/Towata,%20Ursi%20-%20%202017%20IOSTE.pdf\">TOWATA, N.;;URSI, S.\u00a0Perception and connectedness with marine and coastal environments: the perspective of basic education and undergraduate students from two Brazilian cities.\u00a0Conex\u00e3o Ci\u00eancia, 12: (2) (N. especial IOSTE 2016): 256-363, 2017.<\/a><\/p>\n<p><a href=\"http:\/\/www.botanicaonline.com.br\/geral\/arquivos\/Barbosa,%20Towata,%20Saito,%20Ursi%20-%202017%20IOSTE.pdf\">BARBOSA, P.P.; TOWATA, N.; SAITO, L.C.;URSI, S.Science Education: how some Brazilian and international journals approached the theme in 2010-2014\u00a0\u00a0Conex\u00e3o Ci\u00eancia, 12: (2) (N. especial IOSTE 2016): 290-397, 2017.<\/a><\/p>\n<\/td>\n<\/tr>\n<\/tbody>\n<\/table>\n<p>\u00a0<\/p>\n\t\t<\/div>\n\t<\/div>\n\n\t\n\n\t<div class=\"col medium-6 small-12 large-6\"  >\n\t\t<div class=\"col-inner\"  >\n\t\t\t\n\t\t\t\n<p><strong>ANAIS\/ATAS DE ENCONTROS CIENT\u00cdFICO<\/strong><\/p>\n<table width=\"580\">\n<tbody>\n<tr>\n<td>\n<p><a href=\"http:\/\/www.botanicaonline.com.br\/geral\/arquivos\/freitasetal2021.pdf\">FREITAS, K.C.; Cruz, P.D.R., SILVA M.F., URSI S. Trabalhando a cegueira bot\u00e2nica em um curso de aprofundamento. In: E-Book do VIII ENEBIO. Campina Grande: Realize Editora, 2021, p. 1344-1354.\u00a0<\/a><\/p>\n<p><a href=\"http:\/\/www.botanicaonline.com.br\/geral\/arquivos\/ArmellineUrsi2021.pdf\">ARMELLINE, CC; URSI, S. \u00a0PCK de diversidade vegetal: investiga\u00e7\u00e3o com estudantes do PIBID envolvidos em atividades de cultivo de alimentos. Anais do XIII Encontro Nacional de Pesquisa em Educa\u00e7\u00e3o em Ci\u00eancias. Campina Grande: Realize Editora, 2021<\/a>.<\/p>\n<p><a href=\"http:\/\/www.botanicaonline.com.br\/geral\/arquivos\/Vasques%20e%20Ursi%202020%20-%20Conference%20Proceedings%20NPSE%202020.pdf\">Vasques, D.T, Ursi, S. Active Learning of Plants Biology \u2013 Report on an Effort to Educate Science Teachers in Brazil. In: International Conference Proceedings of 9 th International Conference New Perspectives in Science Education. Florence, Italy, p. 401-405, 2020.\u00a0<\/a><\/p>\n<p><a href=\"http:\/\/www.botanicaonline.com.br\/geral\/arquivos\/Towata%20Ursi%20218%20IOSTE.pdf\">TOWATA, N.; URSI, S. The exhibition \u201cOut of Water Diving\u201d: influences on students\u2019 conceptions about marine environment and about the relationship of this ecosystem with their daily lives. In: A. Job\u00e9r, M. Andr\u00e9e and M. Ideland (Eds). Future Educational Challenges from Science and Technology Perspectives. XVIII IOSTE Symposium Book of Proceeding. Malm\u00f6: Malm\u00f6 University, p. 319-327, 2018.<\/a>\u00a0<\/p>\n<p><a href=\"http:\/\/www.botanicaonline.com.br\/geral\/arquivos\/Ursi%20et%20al%202018%20IOSTE.pdf\">URSI, S. ; TOWATA, N.;\u00a0MARTINS, C.; KAWANO, R.; BERCHEZ,\u00a0F.A.S. Environmental perception and relationship with marine and coastal environments: the perspective of basic education students from a Brazilian coastal city. In: A. Job\u00e9r, M. Andr\u00e9e and M. Ideland (Eds). Future Educational Challenges from Science and Technology Perspectives. XVIII IOSTE Symposium Book of Proceeding. Malm\u00f6: Malm\u00f6 University, p. 327-336, 2018<\/a>.<\/p>\n<p><a href=\"http:\/\/www.botanicaonline.com.br\/geral\/arquivos\/Barbosa%20et%20al.%202017%20III%20EREBIO.pdf\">BARBOSA, P. P. ; FRANCO, C.O. ; SANTOS, C. F. ;\u00a0YOSHIDA, M.\u00a0N. ;\u00a0URSI, S.\u00a0. OLHO HUMANO E A VIS\u00c3O: UMA PROPOSTA PARA O ENSINOAPRENDIZAGEM INTERDISCIPLINAR, CONTEXTUALIZADO E ANCORADO NO USO DE TDIC. In: II Encontro Regional de Ensino de Biologia &#8211; Regional 1, 2017, Campo Grande. Avan\u00e7os e Desafios no Ensino de Ci\u00eancias e Biologia &#8211; Anais do III EREBIO &#8211; Regional 1, 2017. p. 574-579.<\/a><\/p>\n<p><a href=\"http:\/\/www.botanicaonline.com.br\/geral\/arquivos\/Aluani%20et%20al.%202017%20III%20EREBIO.pdf\">ALUANI, T. ; SOUZA, R. A. L. ; URSI,S.\u00a0Introdu\u00e7\u00e3o \u00e0 metodologia Cient\u00edfica: abordagem investigativa para uma tradicional pr\u00e1tica sobre desenvolvimento vegetal. In: III Encontro Regional de Ensino de Biologia &#8211; Regional 1, 2017, Campo Grande. Avan\u00e7os e Desafios no Ensino de Ci\u00eancias e Biologia &#8211; Anais do III EREBIO &#8211; Regional 1, 2017. p. 469-474.<\/a><\/p>\n<p>\u00a0<\/p>\n<p><a href=\"http:\/\/www.botanicaonline.com.br\/geral\/arquivos\/Ursi%20et%20al.%20XI%20ENPEC%202017.pdf\">URSI, SUZANA; Barbosa P.P. ; Saito LC ; Towata N ; CRUZ, P. D. R. ; AROUCA, M. . Conhecimento Pedag\u00f3gico do Conte\u00fado Algas de estudantes de licenciatura em Biologia. In: XI Encontro Nacional de Pesquisa em Educa\u00e7\u00e3o em Ci\u00eancias ? XI ENPEC, 2017, Florian\u00f3polis. Anais do XI Encontro Nacional de Pesquisa em Educa\u00e7\u00e3o em Ci\u00eancias, 2017. p. 1-10.<\/a><\/p>\n<p><a href=\"http:\/\/www.botanicaonline.com.br\/geral\/arquivos\/Barbosa%20et%20al.%202015%20X%20ENPEC.PDF\">BARBOSA, P. P. ; MACEDO, M. ; BUENO, C. A. ;\u00a0<strong>URSI, S.<\/strong>\u00a0. As Tecnologias de Informa\u00e7\u00e3o e Comunica\u00e7\u00e3o e o ensino: como professores de Biologia t\u00eam utilizado anima\u00e7\u00f5es?. In: X Encontro Nacional de Pesquisa em Educa\u00e7\u00e3o em Ci\u00eancias ? X ENPEC, 2015, \u00c1guas de Lind\u00f3ia. Anais do X Encontro Nacional de Pesquisa em Educa\u00e7\u00e3o em Ci\u00eancias ? X ENPEC, 2015. v. 1. p. 1-8.<\/a><\/p>\n<p>\u00a0<a href=\"http:\/\/www.botanicaonline.com.br\/geral\/arquivos\/enpec%20barbosa%20et%20al%202011.pdf\">Barbosa PP; Towata N; Lima TF; Macedo M; Saito LC; Delitti WBC; Ursi S. Papel do f\u00f3rum na Educa\u00e7\u00e3o a Dist\u00e2ncia: estudo de caso enfocando uma discuss\u00e3o sobre ambiente marinho na Rede S\u00e3o Paulo de Forma\u00e7\u00e3o Docente. \u00a0<\/a><a href=\"http:\/\/www.botanicaonline.com.br\/geral\/arquivos\/enpec%20barbosa%20et%20al%202011.pdf\">Atas do VIII Encontro Nacional de Pesquisa em Educa\u00e7\u00e3o em Ci\u00eancias e I Congresso Iberoamericano de Investigaci\u00f3n en Ense\u00f1anza de las Ci\u00e9ncias. Campinas, 2011.<\/a><\/p>\n<\/td>\n<\/tr>\n<\/tbody>\n<\/table>\n<p>\u00a0<\/p>\n\t\t<\/div>\n\t<\/div>\n\n\t\n<\/div>\n\t\t<\/div>\n\n\t\t\n<style scope=\"scope\">\n\n#section_1980964128 {\n  padding-top: 30px;\n  padding-bottom: 30px;\n}\n<\/style>\n\t<\/section>\n\t\n","protected":false},"excerpt":{"rendered":"","protected":false},"author":1,"featured_media":16,"parent":0,"menu_order":99,"comment_status":"closed","ping_status":"closed","template":"page-blank.php","meta":{"footnotes":""},"class_list":["post-48","page","type-page","status-publish","has-post-thumbnail","hentry"],"_links":{"self":[{"href":"https:\/\/aprovacao.website\/botanica\/wp-json\/wp\/v2\/pages\/48","targetHints":{"allow":["GET"]}}],"collection":[{"href":"https:\/\/aprovacao.website\/botanica\/wp-json\/wp\/v2\/pages"}],"about":[{"href":"https:\/\/aprovacao.website\/botanica\/wp-json\/wp\/v2\/types\/page"}],"author":[{"embeddable":true,"href":"https:\/\/aprovacao.website\/botanica\/wp-json\/wp\/v2\/users\/1"}],"replies":[{"embeddable":true,"href":"https:\/\/aprovacao.website\/botanica\/wp-json\/wp\/v2\/comments?post=48"}],"version-history":[{"count":10,"href":"https:\/\/aprovacao.website\/botanica\/wp-json\/wp\/v2\/pages\/48\/revisions"}],"predecessor-version":[{"id":345,"href":"https:\/\/aprovacao.website\/botanica\/wp-json\/wp\/v2\/pages\/48\/revisions\/345"}],"wp:featuredmedia":[{"embeddable":true,"href":"https:\/\/aprovacao.website\/botanica\/wp-json\/wp\/v2\/media\/16"}],"wp:attachment":[{"href":"https:\/\/aprovacao.website\/botanica\/wp-json\/wp\/v2\/media?parent=48"}],"curies":[{"name":"wp","href":"https:\/\/api.w.org\/{rel}","templated":true}]}}