{"id":4386,"date":"2024-02-06T21:40:24","date_gmt":"2024-02-06T21:40:24","guid":{"rendered":"https:\/\/aprovacao.website\/blocktime\/?page_id=4386"},"modified":"2024-02-12T17:12:31","modified_gmt":"2024-02-12T20:12:31","slug":"contato","status":"publish","type":"page","link":"https:\/\/aprovacao.website\/blocktime\/contato\/","title":{"rendered":"Central de Atendimento"},"content":{"rendered":"\n\n  <div class=\"banner has-hover\" id=\"banner-1655516202\">\n          <div class=\"banner-inner fill\">\n        <div class=\"banner-bg fill\" >\n            <div class=\"bg fill bg-fill \"><\/div>\n                                    \n\t<div class=\"is-border\"\n\t\tstyle=\"border-color:rgb(106, 114, 141);border-width:0px 0px 7px 0px;\">\n\t<\/div>\n                    <\/div>\n\t\t\n        <div class=\"banner-layers container\">\n            <div class=\"fill banner-link\"><\/div>            \n\n   <div id=\"text-box-1094110698\" class=\"text-box banner-layer x5 md-x50 lg-x50 y50 md-y30 lg-y30 res-text\">\n                                <div class=\"text-box-content text dark\">\n              \n              <div class=\"text-inner text-center\">\n                  \n\n\t<div id=\"text-3760729889\" class=\"text\">\n\t\t\n\n<h1 class=\"thin-font\"><span style=\"font-size: 140%;\">Contato<\/h1>\n\t\t\n<style>\n#text-3760729889 {\n  text-align: center;\n}\n<\/style>\n\t<\/div>\n\t\n\n              <\/div>\n           <\/div>\n                            \n<style>\n#text-box-1094110698 {\n  width: 90%;\n}\n#text-box-1094110698 .text-box-content {\n  font-size: 65%;\n}\n@media (min-width:550px) {\n  #text-box-1094110698 {\n    width: 60%;\n  }\n  #text-box-1094110698 .text-box-content {\n    font-size: 84%;\n  }\n}\n<\/style>\n    <\/div>\n \n   <div id=\"text-box-1870175093\" class=\"text-box banner-layer page-header-txtbox x50 md-x50 lg-x50 y100 md-y100 lg-y100 res-text\">\n                                <div class=\"text-box-content text dark\">\n              \n              <div class=\"text-inner text-center\">\n                  \n\n<div class=\"row row-collapse align-middle align-center\"  id=\"row-1905995857\">\n\n\n\t<div id=\"col-464189128\" class=\"col medium-3 small-4 large-3\"  >\n\t\t\t\t<div class=\"col-inner\"  >\n\t\t\t\n\t\t\t\n\n<a href=\"https:\/\/aprovacao.website\/blocktime\" class=\"button white is-outline is-large lowercase botao-1-header\"  >\n    <span>Home<\/span>\n  <\/a>\n\n\n\n\t\t<\/div>\n\t\t\t\t\n<style>\n#col-464189128 > .col-inner {\n  padding: 0px 0px 0px 0px;\n  margin: -20px 0px 0px 0px;\n}\n@media (min-width:550px) {\n  #col-464189128 > .col-inner {\n    padding: 10px 0px 0px 0px;\n  }\n}\n<\/style>\n\t<\/div>\n\n\t\n\n\t<div id=\"col-1264740877\" class=\"col medium-1 small-2 large-1\"  >\n\t\t\t\t<div class=\"col-inner text-center\"  >\n\t\t\t\n\t\t\t\n\n\t<div class=\"img has-hover x md-x lg-x y md-y lg-y\" id=\"image_1066049245\">\n\t\t\t\t\t\t\t\t<div class=\"img-inner dark\" >\n\t\t\t<img loading=\"lazy\" decoding=\"async\" width=\"212\" height=\"182\" src=\"https:\/\/aprovacao.website\/blocktime\/wp-content\/uploads\/2024\/02\/icone-.png\" class=\"attachment-original size-original\" alt=\"\" \/>\t\t\t\t\t\t\n\t\t\t\t\t<\/div>\n\t\t\t\t\t\t\t\t\n<style>\n#image_1066049245 {\n  width: 32%;\n}\n<\/style>\n\t<\/div>\n\t\n\n\n\t\t<\/div>\n\t\t\t\t\n<style>\n#col-1264740877 > .col-inner {\n  padding: 0px 0px 0px 0px;\n  margin: -15px 0px 0px 0px;\n}\n@media (min-width:550px) {\n  #col-1264740877 > .col-inner {\n    margin: 10px 0px 0px 0px;\n  }\n}\n<\/style>\n\t<\/div>\n\n\t\n\n\t<div id=\"col-1677146705\" class=\"col hide-for-medium medium-4 small-5 large-4\"  >\n\t\t\t\t<div class=\"col-inner text-center\"  >\n\t\t\t\n\t<div class=\"is-border\"\n\t\tstyle=\"border-color:rgb(0, 242, 125);border-width:0px 0px 7px 0px;margin:0px 0px 0px 0px;\">\n\t<\/div>\n\t\t\t\n\n  <div id=\"page-header-1875545864\" class=\"page-header-wrapper\">\n  <div class=\"page-title page-header-titulo dark featured-title\">\n\n        <div class=\"page-title-bg\">\n      <div class=\"title-bg fill bg-fill\"\n        data-parallax-container=\".page-title\"\n        data-parallax-background\n        data-parallax=\"-\">\n      <\/div>\n      <div class=\"title-overlay fill\"><\/div>\n    <\/div>\n    \n    <div class=\"page-title-inner container align-center flex-row medium-flex-wrap\" >\n              <div class=\"title-wrapper is-small flex-col text-left medium-text-center\">\n          <h1 class=\"entry-title mb-0\">\n            Central de Atendimento          <\/h1>\n        <\/div>\n                    <div class=\"title-content flex-col flex-right text-right medium-text-center\">\n        <div class=\"title-breadcrumbs pb-half pt-half\"><\/div>      <\/div>\n    <\/div>\n\n     \n<style>\n#page-header-1875545864 .title-overlay {\n  background-color: rgba(0, 0, 0, 0);\n}\n#page-header-1875545864 .featured-title {\n  background-color: rgba(0, 0, 0, 0);\n}\n<\/style>\n  <\/div>\n    <\/div>\n  \n\n\n\t\t<\/div>\n\t\t\t\t\n<style>\n#col-1677146705 > .col-inner {\n  margin: 0px 0px 0px 0px;\n}\n@media (min-width:550px) {\n  #col-1677146705 > .col-inner {\n    margin: -20px 0px -5px 0px;\n  }\n}\n<\/style>\n\t<\/div>\n\n\t\n\n\t<div id=\"col-1232603749\" class=\"col show-for-small medium-4 small-5 large-4\"  >\n\t\t\t\t<div class=\"col-inner text-center\"  >\n\t\t\t\n\t<div class=\"is-border\"\n\t\tstyle=\"border-color:rgb(0, 242, 125);border-width:0px 0px 7px 0px;margin:0px 0px 40px 0px;\">\n\t<\/div>\n\t\t\t\n\n  <div id=\"page-header-1640556285\" class=\"page-header-wrapper\">\n  <div class=\"page-title page-header-titulo dark featured-title\">\n\n        <div class=\"page-title-bg\">\n      <div class=\"title-bg fill bg-fill\"\n        data-parallax-container=\".page-title\"\n        data-parallax-background\n        data-parallax=\"-\">\n      <\/div>\n      <div class=\"title-overlay fill\"><\/div>\n    <\/div>\n    \n    <div class=\"page-title-inner container align-center flex-row medium-flex-wrap\" >\n              <div class=\"title-wrapper is-small flex-col text-left medium-text-center\">\n          <h1 class=\"entry-title mb-0\">\n            Central de Atendimento          <\/h1>\n        <\/div>\n                    <div class=\"title-content flex-col flex-right text-right medium-text-center\">\n        <div class=\"title-breadcrumbs pb-half pt-half\"><\/div>      <\/div>\n    <\/div>\n\n     \n<style>\n#page-header-1640556285 .title-overlay {\n  background-color: rgba(0, 0, 0, 0);\n}\n#page-header-1640556285 .featured-title {\n  background-color: rgba(0, 0, 0, 0);\n}\n<\/style>\n  <\/div>\n    <\/div>\n  \n\n\n\t\t<\/div>\n\t\t\t\t\n<style>\n#col-1232603749 > .col-inner {\n  margin: 0px 0px 0px 0px;\n}\n@media (min-width:550px) {\n  #col-1232603749 > .col-inner {\n    margin: 0px 0px -5px 0px;\n  }\n}\n<\/style>\n\t<\/div>\n\n\t\n\n<\/div>\n\n              <\/div>\n           <\/div>\n                            \n<style>\n#text-box-1870175093 {\n  width: 100%;\n}\n#text-box-1870175093 .text-box-content {\n  font-size: 121%;\n}\n@media (min-width:550px) {\n  #text-box-1870175093 {\n    width: 55%;\n  }\n  #text-box-1870175093 .text-box-content {\n    font-size: 100%;\n  }\n}\n<\/style>\n    <\/div>\n \n\n        <\/div>\n      <\/div>\n\n            \n<style>\n#banner-1655516202 {\n  padding-top: 230px;\n  background-color: rgb(43, 51, 82);\n}\n@media (min-width:550px) {\n  #banner-1655516202 {\n    padding-top: 250px;\n  }\n}\n<\/style>\n  <\/div>\n\n\n\n  <div class=\"banner has-hover\" id=\"banner-574179768\">\n          <div class=\"banner-inner fill\">\n        <div class=\"banner-bg fill\" >\n            <div class=\"bg fill bg-fill \"><\/div>\n                                    \n                    <\/div>\n\t\t\n        <div class=\"banner-layers container\">\n            <div class=\"fill banner-link\"><\/div>            \n\n   <div id=\"text-box-1058277673\" class=\"text-box banner-layer x50 md-x50 lg-x50 y50 md-y50 lg-y50 res-text\">\n                                <div class=\"text-box-content text dark\">\n              \n              <div class=\"text-inner text-center\">\n                  \n\n\n              <\/div>\n           <\/div>\n                            \n<style>\n#text-box-1058277673 {\n  width: 60%;\n}\n#text-box-1058277673 .text-box-content {\n  font-size: 100%;\n}\n@media (min-width:550px) {\n  #text-box-1058277673 {\n    width: 60%;\n  }\n}\n<\/style>\n    <\/div>\n \n\n        <\/div>\n      <\/div>\n\n            \n<style>\n#banner-574179768 {\n  padding-top: 200px;\n  background-color: rgb(255, 255, 255);\n}\n@media (min-width:550px) {\n  #banner-574179768 {\n    padding-top: 200px;\n  }\n}\n<\/style>\n  <\/div>\n\n\n\t<section class=\"section\" id=\"section_1299476134\">\n\t\t<div class=\"bg section-bg fill bg-fill  bg-loaded\" >\n\n\t\t\t\n\t\t\t\n\t\t\t\n\n\t\t<\/div>\n\n\t\t\n\n\t\t<div class=\"section-content relative\">\n\t\t\t\n\n<div class=\"row align-center\"  id=\"row-544793058\">\n\n\n\t<div id=\"col-133988418\" class=\"col small-12 large-12\"  >\n\t\t\t\t<div class=\"col-inner text-center\"  >\n\t\t\t\n\t\t\t\n\n<div class=\"row row-large align-center\"  id=\"row-1921665619\">\n\n\n\t<div id=\"col-1950110955\" class=\"col medium-3 small-11 large-3\"  >\n\t\t\t\t<div class=\"col-inner text-center dark\"  >\n\t\t\t\n\t\t\t\n\n\t<div class=\"img has-hover x md-x lg-x y md-y lg-y\" id=\"image_717528386\">\n\t\t\t\t\t\t\t\t<div class=\"img-inner dark\" >\n\t\t\t<img loading=\"lazy\" decoding=\"async\" width=\"90\" height=\"85\" src=\"https:\/\/aprovacao.website\/blocktime\/wp-content\/uploads\/2024\/02\/atendimetno.jpg\" class=\"attachment-original size-original\" alt=\"\" \/>\t\t\t\t\t\t\n\t\t\t\t\t<\/div>\n\t\t\t\t\t\t\t\t\n<style>\n#image_717528386 {\n  width: 25%;\n}\n<\/style>\n\t<\/div>\n\t\n\n\t<div id=\"text-2846983747\" class=\"text\">\n\t\t\n\n<h3 class=\"thin-font\">Central de <br \/>Atendimento<\/h3>\n\t\t\n<style>\n#text-2846983747 {\n  font-size: 1.2rem;\n  line-height: 1.25;\n  text-align: center;\n}\n<\/style>\n\t<\/div>\n\t\n\t<div id=\"text-4220974198\" class=\"text\">\n\t\t\n\n<p>Estamos prontos para esclarecer suas d\u00favidas, entender necessidades, registrar um chamado t\u00e9cnico e encontrar solu\u00e7\u00f5es adequadas ao que voc\u00ea precisa. Entre em contato no<a href=\"tel:551130873400\" target=\"_blank\" rel=\"noopener\"><strong> <span style=\"color: #e16e3e;\">(11) 3087-3400<\/span><\/strong><\/a><\/p>\n\t\t\n<style>\n#text-4220974198 {\n  font-size: 0.85rem;\n}\n<\/style>\n\t<\/div>\n\t\n\n\t\t<\/div>\n\t\t\t\t\t<\/div>\n\n\t\n\n\t<div id=\"col-1624019635\" class=\"col medium-3 small-11 large-3\"  >\n\t\t\t\t<div class=\"col-inner text-center dark\"  >\n\t\t\t\n\t\t\t\n\n\t<div class=\"img has-hover x md-x lg-x y md-y lg-y\" id=\"image_2042102652\">\n\t\t\t\t\t\t\t\t<div class=\"img-inner dark\" >\n\t\t\t<img loading=\"lazy\" decoding=\"async\" width=\"90\" height=\"85\" src=\"https:\/\/aprovacao.website\/blocktime\/wp-content\/uploads\/2024\/02\/whatsapp.jpg\" class=\"attachment-original size-original\" alt=\"\" \/>\t\t\t\t\t\t\n\t\t\t\t\t<\/div>\n\t\t\t\t\t\t\t\t\n<style>\n#image_2042102652 {\n  width: 25%;\n}\n<\/style>\n\t<\/div>\n\t\n\n\t<div id=\"text-993858159\" class=\"text\">\n\t\t\n\n<h3 class=\"thin-font\">WhatsApp<\/h3>\n\t\t\n<style>\n#text-993858159 {\n  font-size: 1.2rem;\n  line-height: 1.25;\n  text-align: center;\n}\n<\/style>\n\t<\/div>\n\t\n\t<div id=\"gap-1220843282\" class=\"gap-element clearfix\" style=\"display:block; height:auto;\">\n\t\t\n<style>\n#gap-1220843282 {\n  padding-top: 40px;\n}\n<\/style>\n\t<\/div>\n\t\n\n\t<div id=\"text-496055259\" class=\"text\">\n\t\t\n\n<p>Fale com nosso time e agilize pelo n\u00famero<a href=\"https:\/\/api.whatsapp.com\/send?phone=551130873400&amp;text=Ol%C3%A1!\" target=\"_blank\" rel=\"noopener\"><strong><span style=\"color: #e16e3e;\"> (11) 3087-3400<\/span><\/strong><\/a>. Retornaremos o mais breve poss\u00edvel para agilizar suas solicita\u00e7\u00f5es e solucionar suas d\u00favidas.<\/p>\n\t\t\n<style>\n#text-496055259 {\n  font-size: 0.8rem;\n}\n<\/style>\n\t<\/div>\n\t\n\n\t\t<\/div>\n\t\t\t\t\t<\/div>\n\n\t\n\n\t<div id=\"col-227745613\" class=\"col medium-3 small-11 large-3\"  >\n\t\t\t\t<div class=\"col-inner text-center dark\"  >\n\t\t\t\n\t\t\t\n\n\t<div class=\"img has-hover x md-x lg-x y md-y lg-y\" id=\"image_322254533\">\n\t\t\t\t\t\t\t\t<div class=\"img-inner dark\" >\n\t\t\t<img loading=\"lazy\" decoding=\"async\" width=\"90\" height=\"85\" src=\"https:\/\/aprovacao.website\/blocktime\/wp-content\/uploads\/2024\/02\/suporte.jpg\" class=\"attachment-original size-original\" alt=\"\" \/>\t\t\t\t\t\t\n\t\t\t\t\t<\/div>\n\t\t\t\t\t\t\t\t\n<style>\n#image_322254533 {\n  width: 25%;\n}\n<\/style>\n\t<\/div>\n\t\n\n\t<div id=\"text-408220236\" class=\"text\">\n\t\t\n\n<h3 class=\"thin-font\">Suporte Remoto Blocktime<\/h3>\n\t\t\n<style>\n#text-408220236 {\n  font-size: 1.2rem;\n  line-height: 1.25;\n  text-align: center;\n}\n<\/style>\n\t<\/div>\n\t\n\t<div id=\"text-588168348\" class=\"text\">\n\t\t\n\n<p>Baixe o programa para iniciar seu atendimento junto de nossos consultores de qualquer lugar que voc\u00ea esteja. <a href=\"https:\/\/get.teamviewer.com\/blocktime\" target=\"_blank\" rel=\"noopener\"><span style=\"color: #e16e3e;\"><strong>Clique aqui<\/strong><\/span><\/a><\/p>\n\t\t\n<style>\n#text-588168348 {\n  font-size: 0.85rem;\n}\n<\/style>\n\t<\/div>\n\t\n\n\t\t<\/div>\n\t\t\t\t\t<\/div>\n\n\t\n\n\t<div id=\"col-1925740798\" class=\"col medium-3 small-11 large-3\"  >\n\t\t\t\t<div class=\"col-inner text-center dark\"  >\n\t\t\t\n\t\t\t\n\n\t<div class=\"img has-hover x md-x lg-x y md-y lg-y\" id=\"image_70744145\">\n\t\t\t\t\t\t\t\t<div class=\"img-inner dark\" >\n\t\t\t<img loading=\"lazy\" decoding=\"async\" width=\"90\" height=\"85\" src=\"https:\/\/aprovacao.website\/blocktime\/wp-content\/uploads\/2024\/02\/visita.jpg\" class=\"attachment-original size-original\" alt=\"\" \/>\t\t\t\t\t\t\n\t\t\t\t\t<\/div>\n\t\t\t\t\t\t\t\t\n<style>\n#image_70744145 {\n  width: 25%;\n}\n<\/style>\n\t<\/div>\n\t\n\n\t<div id=\"text-1268178877\" class=\"text\">\n\t\t\n\n<h3 class=\"thin-font\">Visita T\u00e9cnica<\/h3>\n\t\t\n<style>\n#text-1268178877 {\n  font-size: 1.2rem;\n  line-height: 1.25;\n  text-align: center;\n}\n<\/style>\n\t<\/div>\n\t\n\t<div id=\"gap-246958233\" class=\"gap-element clearfix\" style=\"display:block; height:auto;\">\n\t\t\n<style>\n#gap-246958233 {\n  padding-top: 40px;\n}\n<\/style>\n\t<\/div>\n\t\n\n\t<div id=\"text-3849352167\" class=\"text\">\n\t\t\n\n<p>N\u00e3o se preocupe, nosso time vai at\u00e9 voc\u00ea: realizamos atendimento em campo em hor\u00e1rios programados ou em situa\u00e7\u00f5es emergenciais.<\/p>\n\t\t\n<style>\n#text-3849352167 {\n  font-size: 0.85rem;\n}\n<\/style>\n\t<\/div>\n\t\n\n\t\t<\/div>\n\t\t\t\t\t<\/div>\n\n\t\n\n<\/div>\n\n\t\t<\/div>\n\t\t\t\t\n<style>\n#col-133988418 > .col-inner {\n  padding: 50px 0px 50px 0px;\n}\n<\/style>\n\t<\/div>\n\n\t\n\n<\/div>\n\n\t\t<\/div>\n\n\t\t\n<style>\n#section_1299476134 {\n  padding-top: 40px;\n  padding-bottom: 40px;\n  min-height: 300px;\n  background-color: rgb(18, 34, 47);\n}\n@media (min-width:550px) {\n  #section_1299476134 {\n    padding-top: 0px;\n    padding-bottom: 0px;\n  }\n}\n<\/style>\n\t<\/section>\n\t\n\t<section class=\"section\" id=\"section_1702121396\">\n\t\t<div class=\"bg section-bg fill bg-fill  \" >\n\n\t\t\t\n\t\t\t\n\t\t\t\n\n\t\t<\/div>\n\n\t\t\n\n\t\t<div class=\"section-content relative\">\n\t\t\t\n\n<div class=\"row align-center\"  id=\"row-190853805\">\n\n\n\t<div id=\"col-1789783269\" class=\"col small-11 large-12\"  >\n\t\t\t\t<div class=\"col-inner text-center\"  >\n\t\t\t\n\t\t\t\n\n\t<div id=\"text-3314030490\" class=\"text\">\n\t\t\n\n<p>Entre em contato com nossa equipe e agende o<strong> Diagn\u00f3stico Tecnol\u00f3gico<\/strong> do seu ambiente com tranquilidade. Alta Performance e tecnologia de ponta \u00e0 disposi\u00e7\u00e3o da sua empresa.<\/p>\n\t\t\n<style>\n#text-3314030490 {\n  font-size: 0.85rem;\n  text-align: left;\n  color: rgb(50, 50, 50);\n}\n#text-3314030490 > * {\n  color: rgb(50, 50, 50);\n}\n@media (min-width:550px) {\n  #text-3314030490 {\n    font-size: 1.1rem;\n  }\n}\n<\/style>\n\t<\/div>\n\t\n<div class=\"row align-center\"  id=\"row-551384203\">\n\n\n\t<div id=\"col-1021513116\" class=\"col small-12 large-12\"  >\n\t\t\t\t<div class=\"col-inner text-left\"  >\n\t\t\t\n\t\t\t\n\n\n<div class=\"wpcf7 no-js\" id=\"wpcf7-f5515-o1\" lang=\"pt-PT\" dir=\"ltr\">\n<div class=\"screen-reader-response\"><p role=\"status\" aria-live=\"polite\" aria-atomic=\"true\"><\/p> <ul><\/ul><\/div>\n<form action=\"\/blocktime\/wp-json\/wp\/v2\/pages\/4386#wpcf7-f5515-o1\" method=\"post\" class=\"wpcf7-form init\" aria-label=\"Formul\u00e1rio de contacto\" novalidate=\"novalidate\" data-status=\"init\">\n<div style=\"display: none;\">\n<input type=\"hidden\" name=\"_wpcf7\" value=\"5515\" \/>\n<input type=\"hidden\" name=\"_wpcf7_version\" value=\"5.9.8\" \/>\n<input type=\"hidden\" name=\"_wpcf7_locale\" value=\"pt_PT\" \/>\n<input type=\"hidden\" name=\"_wpcf7_unit_tag\" value=\"wpcf7-f5515-o1\" \/>\n<input type=\"hidden\" name=\"_wpcf7_container_post\" value=\"0\" \/>\n<input type=\"hidden\" name=\"_wpcf7_posted_data_hash\" value=\"\" \/>\n<\/div>\n<div class= \"formulario2\">\n\t<p><label> E-mail<br \/>\n<\/label>\n\t<\/p>\n\t<div class= \"formulario2-label\">\n\t\t<p><span class=\"wpcf7-form-control-wrap\" data-name=\"email\"><input size=\"40\" maxlength=\"400\" class=\"wpcf7-form-control wpcf7-email wpcf7-validates-as-required wpcf7-text wpcf7-validates-as-email\" autocomplete=\"email\" aria-required=\"true\" aria-invalid=\"false\" placeholder=\"Informe o seu e-mail\" value=\"\" type=\"email\" name=\"email\" \/><\/span>\n\t\t<\/p>\n\t<\/div>\n\t<p><label> Nome<br \/>\n<\/label>\n\t<\/p>\n\t<div class= \"formulario2-label\";>\n\t\t<p><span class=\"wpcf7-form-control-wrap\" data-name=\"nome\"><input size=\"40\" maxlength=\"400\" class=\"wpcf7-form-control wpcf7-text wpcf7-validates-as-required\" autocomplete=\"name\" aria-required=\"true\" aria-invalid=\"false\" placeholder=\"Informe o seu nome\" value=\"\" type=\"text\" name=\"nome\" \/><\/span>\n\t\t<\/p>\n\t<\/div>\n\t<p><label> Telefone<br \/>\n<\/label>\n\t<\/p>\n\t<div class= \"formulario2-label\";>\n\t\t<p><span class=\"wpcf7-form-control-wrap\" data-name=\"phonetext-724\"><input size=\"40\" class=\"wpcf7-form-control wpcf7-phonetext wpcf7-validates-as-required wpcf7-text wpcf7-validates-as-phonetext\" aria-required=\"true\" aria-invalid=\"false\" placeholder=\"Qual o seu Telefone?\" value=\"\" type=\"text\" name=\"phonetext-724\" \/><input type=\"hidden\" name=\"phonetext-724-country-code\" class=\"wpcf7-phonetext-country-code\" \/><\/span>\n\t\t<\/p>\n\t<\/div>\n\t<p><label> Mensagem<br \/>\n<\/label>\n\t<\/p>\n\t<div class= \"formulario2-label-mensagem\";>\n\t\t<p><span class=\"wpcf7-form-control-wrap\" data-name=\"mensagem\"><textarea cols=\"40\" rows=\"10\" maxlength=\"2000\" class=\"wpcf7-form-control wpcf7-textarea wpcf7-validates-as-required\" aria-required=\"true\" aria-invalid=\"false\" placeholder=\"Descreva sua necessidade\" name=\"mensagem\"><\/textarea><\/span>\n\t\t<\/p>\n\t<\/div>\n\t<p><span class=\"wpcf7-form-control-wrap\" data-name=\"acceptance-387\"><span class=\"wpcf7-form-control wpcf7-acceptance\"><span class=\"wpcf7-list-item\"><label><input type=\"checkbox\" name=\"acceptance-387\" value=\"1\" aria-invalid=\"false\" \/><span class=\"wpcf7-list-item-label\">Sim, desejo receber e-mails sobre artigos, noticias, tend\u00eancias ou ofertas. O consentimento pode ser retirado a qualquer momento clicando no link de cancelamento de inscri\u00e7\u00e3o presente em todas as comunica\u00e7\u00f5es por e-mail.<\/span><\/label><\/span><\/span><\/span>\n\t<\/p>\n\t<p><input class=\"wpcf7-form-control wpcf7-submit has-spinner\" type=\"submit\" value=\"Enviar\" \/>\n\t<\/p>\n<\/div><div class=\"wpcf7-response-output\" aria-hidden=\"true\"><\/div>\n<\/form>\n<\/div>\n\n\n\n\t\t<\/div>\n\t\t\t\t\n<style>\n#col-1021513116 > .col-inner {\n  padding: 40px 0px 0px 0px;\n}\n@media (min-width:550px) {\n  #col-1021513116 > .col-inner {\n    padding: 40px 0px 0px 0px;\n  }\n}\n<\/style>\n\t<\/div>\n\n\t\n\n<\/div>\n\n\t\t<\/div>\n\t\t\t\t\t<\/div>\n\n\t\n\n<\/div>\n\n\t\t<\/div>\n\n\t\t\n<style>\n#section_1702121396 {\n  padding-top: 60px;\n  padding-bottom: 60px;\n  min-height: 300px;\n}\n#section_1702121396 .section-bg.bg-loaded {\n  background-image: url(https:\/\/aprovacao.website\/blocktime\/wp-content\/uploads\/2024\/02\/ico_bg_image_7.jpg);\n}\n<\/style>\n\t<\/section>\n\t\n\n  <div class=\"banner has-hover\" id=\"banner-1624044992\">\n          <div class=\"banner-inner fill\">\n        <div class=\"banner-bg fill\" >\n            <div class=\"bg fill bg-fill \"><\/div>\n                                    \n                    <\/div>\n\t\t\n        <div class=\"banner-layers container\">\n            <div class=\"fill banner-link\"><\/div>            \n\n   <div id=\"text-box-41176628\" class=\"text-box banner-layer x50 md-x50 lg-x50 y50 md-y50 lg-y50 res-text\">\n                                <div class=\"text-box-content text dark\">\n              \n              <div class=\"text-inner text-center\">\n                  \n\n\n              <\/div>\n           <\/div>\n                            \n<style>\n#text-box-41176628 {\n  width: 60%;\n}\n#text-box-41176628 .text-box-content {\n  font-size: 100%;\n}\n@media (min-width:550px) {\n  #text-box-41176628 {\n    width: 60%;\n  }\n}\n<\/style>\n    <\/div>\n \n\n        <\/div>\n      <\/div>\n\n            \n<style>\n#banner-1624044992 {\n  padding-top: 200px;\n  background-color: rgb(255, 255, 255);\n}\n@media (min-width:550px) {\n  #banner-1624044992 {\n    padding-top: 200px;\n  }\n}\n<\/style>\n  <\/div>\n\n\n\n","protected":false},"excerpt":{"rendered":"","protected":false},"author":2,"featured_media":0,"parent":0,"menu_order":0,"comment_status":"closed","ping_status":"closed","template":"page-blank.php","meta":{"footnotes":""},"class_list":["post-4386","page","type-page","status-publish","hentry"],"yoast_head":"<!-- This site is optimized with the Yoast SEO plugin v23.7 - https:\/\/yoast.com\/wordpress\/plugins\/seo\/ -->\n<title>Central de Atendimento - Blocktime Tecnologia<\/title>\n<meta name=\"robots\" content=\"index, follow, max-snippet:-1, max-image-preview:large, max-video-preview:-1\" \/>\n<link rel=\"canonical\" href=\"https:\/\/aprovacao.website\/blocktime\/contato\/\" \/>\n<meta property=\"og:locale\" content=\"pt_BR\" \/>\n<meta property=\"og:type\" content=\"article\" \/>\n<meta property=\"og:title\" content=\"Central de Atendimento - Blocktime Tecnologia\" \/>\n<meta property=\"og:url\" content=\"https:\/\/aprovacao.website\/blocktime\/contato\/\" \/>\n<meta property=\"og:site_name\" content=\"Blocktime Tecnologia\" \/>\n<meta property=\"article:modified_time\" content=\"2024-02-12T20:12:31+00:00\" \/>\n<meta name=\"twitter:card\" content=\"summary_large_image\" \/>\n<meta name=\"twitter:label1\" content=\"Est. tempo de leitura\" \/>\n\t<meta name=\"twitter:data1\" content=\"3 minutos\" \/>\n<script type=\"application\/ld+json\" class=\"yoast-schema-graph\">{\"@context\":\"https:\/\/schema.org\",\"@graph\":[{\"@type\":\"WebPage\",\"@id\":\"https:\/\/aprovacao.website\/blocktime\/contato\/\",\"url\":\"https:\/\/aprovacao.website\/blocktime\/contato\/\",\"name\":\"Central de Atendimento - Blocktime Tecnologia\",\"isPartOf\":{\"@id\":\"https:\/\/aprovacao.website\/blocktime\/#website\"},\"datePublished\":\"2024-02-06T21:40:24+00:00\",\"dateModified\":\"2024-02-12T20:12:31+00:00\",\"breadcrumb\":{\"@id\":\"https:\/\/aprovacao.website\/blocktime\/contato\/#breadcrumb\"},\"inLanguage\":\"pt-BR\",\"potentialAction\":[{\"@type\":\"ReadAction\",\"target\":[\"https:\/\/aprovacao.website\/blocktime\/contato\/\"]}]},{\"@type\":\"BreadcrumbList\",\"@id\":\"https:\/\/aprovacao.website\/blocktime\/contato\/#breadcrumb\",\"itemListElement\":[{\"@type\":\"ListItem\",\"position\":1,\"name\":\"In\u00edcio\",\"item\":\"https:\/\/aprovacao.website\/blocktime\/\"},{\"@type\":\"ListItem\",\"position\":2,\"name\":\"Central de Atendimento\"}]},{\"@type\":\"WebSite\",\"@id\":\"https:\/\/aprovacao.website\/blocktime\/#website\",\"url\":\"https:\/\/aprovacao.website\/blocktime\/\",\"name\":\"Blocktime Tecnologia\",\"description\":\"Servi\u00e7os Centralizados e Virtual CIO\",\"potentialAction\":[{\"@type\":\"SearchAction\",\"target\":{\"@type\":\"EntryPoint\",\"urlTemplate\":\"https:\/\/aprovacao.website\/blocktime\/?s={search_term_string}\"},\"query-input\":{\"@type\":\"PropertyValueSpecification\",\"valueRequired\":true,\"valueName\":\"search_term_string\"}}],\"inLanguage\":\"pt-BR\"}]}<\/script>\n<!-- \/ Yoast SEO plugin. -->","yoast_head_json":{"title":"Central de Atendimento - Blocktime Tecnologia","robots":{"index":"index","follow":"follow","max-snippet":"max-snippet:-1","max-image-preview":"max-image-preview:large","max-video-preview":"max-video-preview:-1"},"canonical":"https:\/\/aprovacao.website\/blocktime\/contato\/","og_locale":"pt_BR","og_type":"article","og_title":"Central de Atendimento - Blocktime Tecnologia","og_url":"https:\/\/aprovacao.website\/blocktime\/contato\/","og_site_name":"Blocktime Tecnologia","article_modified_time":"2024-02-12T20:12:31+00:00","twitter_card":"summary_large_image","twitter_misc":{"Est. tempo de leitura":"3 minutos"},"schema":{"@context":"https:\/\/schema.org","@graph":[{"@type":"WebPage","@id":"https:\/\/aprovacao.website\/blocktime\/contato\/","url":"https:\/\/aprovacao.website\/blocktime\/contato\/","name":"Central de Atendimento - Blocktime Tecnologia","isPartOf":{"@id":"https:\/\/aprovacao.website\/blocktime\/#website"},"datePublished":"2024-02-06T21:40:24+00:00","dateModified":"2024-02-12T20:12:31+00:00","breadcrumb":{"@id":"https:\/\/aprovacao.website\/blocktime\/contato\/#breadcrumb"},"inLanguage":"pt-BR","potentialAction":[{"@type":"ReadAction","target":["https:\/\/aprovacao.website\/blocktime\/contato\/"]}]},{"@type":"BreadcrumbList","@id":"https:\/\/aprovacao.website\/blocktime\/contato\/#breadcrumb","itemListElement":[{"@type":"ListItem","position":1,"name":"In\u00edcio","item":"https:\/\/aprovacao.website\/blocktime\/"},{"@type":"ListItem","position":2,"name":"Central de Atendimento"}]},{"@type":"WebSite","@id":"https:\/\/aprovacao.website\/blocktime\/#website","url":"https:\/\/aprovacao.website\/blocktime\/","name":"Blocktime Tecnologia","description":"Servi\u00e7os Centralizados e Virtual CIO","potentialAction":[{"@type":"SearchAction","target":{"@type":"EntryPoint","urlTemplate":"https:\/\/aprovacao.website\/blocktime\/?s={search_term_string}"},"query-input":{"@type":"PropertyValueSpecification","valueRequired":true,"valueName":"search_term_string"}}],"inLanguage":"pt-BR"}]}},"_links":{"self":[{"href":"https:\/\/aprovacao.website\/blocktime\/wp-json\/wp\/v2\/pages\/4386","targetHints":{"allow":["GET"]}}],"collection":[{"href":"https:\/\/aprovacao.website\/blocktime\/wp-json\/wp\/v2\/pages"}],"about":[{"href":"https:\/\/aprovacao.website\/blocktime\/wp-json\/wp\/v2\/types\/page"}],"author":[{"embeddable":true,"href":"https:\/\/aprovacao.website\/blocktime\/wp-json\/wp\/v2\/users\/2"}],"replies":[{"embeddable":true,"href":"https:\/\/aprovacao.website\/blocktime\/wp-json\/wp\/v2\/comments?post=4386"}],"version-history":[{"count":37,"href":"https:\/\/aprovacao.website\/blocktime\/wp-json\/wp\/v2\/pages\/4386\/revisions"}],"predecessor-version":[{"id":5552,"href":"https:\/\/aprovacao.website\/blocktime\/wp-json\/wp\/v2\/pages\/4386\/revisions\/5552"}],"wp:attachment":[{"href":"https:\/\/aprovacao.website\/blocktime\/wp-json\/wp\/v2\/media?parent=4386"}],"curies":[{"name":"wp","href":"https:\/\/api.w.org\/{rel}","templated":true}]}}