{"id":4375,"date":"2024-02-06T21:38:59","date_gmt":"2024-02-06T21:38:59","guid":{"rendered":"https:\/\/aprovacao.website\/blocktime\/?page_id=4375"},"modified":"2024-02-13T18:21:36","modified_gmt":"2024-02-13T21:21:36","slug":"sobre","status":"publish","type":"page","link":"https:\/\/aprovacao.website\/blocktime\/sobre\/","title":{"rendered":"Nossa Hist\u00f3ria"},"content":{"rendered":"\n\n  <div class=\"banner has-hover\" id=\"banner-73254048\">\n          <div class=\"banner-inner fill\">\n        <div class=\"banner-bg fill\" >\n            <div class=\"bg fill bg-fill \"><\/div>\n                                    \n\t<div class=\"is-border\"\n\t\tstyle=\"border-color:rgb(106, 114, 141);border-width:0px 0px 7px 0px;\">\n\t<\/div>\n                    <\/div>\n\t\t\n        <div class=\"banner-layers container\">\n            <div class=\"fill banner-link\"><\/div>            \n\n   <div id=\"text-box-319769528\" class=\"text-box banner-layer x50 md-x50 lg-x50 y25 md-y50 lg-y50 res-text\">\n                                <div class=\"text-box-content text dark\">\n              \n              <div class=\"text-inner text-center\">\n                  \n\n\t<div id=\"text-1051278169\" class=\"text\">\n\t\t\n\n<h1 class=\"thin-font\"><span style=\"font-size: 140%;\">Nossa Hist\u00f3ria<br \/>\n<\/span><\/h1>\n\t\t\n<style>\n#text-1051278169 {\n  text-align: center;\n}\n<\/style>\n\t<\/div>\n\t\n\n              <\/div>\n           <\/div>\n                            \n<style>\n#text-box-319769528 {\n  width: 90%;\n}\n#text-box-319769528 .text-box-content {\n  font-size: 100%;\n}\n@media (min-width:550px) {\n  #text-box-319769528 {\n    width: 60%;\n  }\n}\n<\/style>\n    <\/div>\n \n   <div id=\"text-box-1502189421\" class=\"text-box banner-layer x50 md-x50 lg-x50 y100 md-y100 lg-y100 res-text\">\n                                <div class=\"text-box-content text dark\">\n              \n              <div class=\"text-inner text-center\">\n                  \n\n<div class=\"row row-collapse align-middle align-center\"  id=\"row-1825586063\">\n\n\n\t<div id=\"col-905770231\" class=\"col medium-3 small-4 large-3\"  >\n\t\t\t\t<div class=\"col-inner\"  >\n\t\t\t\n\t\t\t\n\n<a href=\"https:\/\/aprovacao.website\/blocktime\" class=\"button white is-outline is-large lowercase botao-1-header\"  >\n    <span>Home<\/span>\n  <\/a>\n\n\n\n\t\t<\/div>\n\t\t\t\t\n<style>\n#col-905770231 > .col-inner {\n  padding: 10px 0px 0px 0px;\n}\n<\/style>\n\t<\/div>\n\n\t\n\n\t<div id=\"col-1855628434\" class=\"col medium-1 small-2 large-1\"  >\n\t\t\t\t<div class=\"col-inner text-center\"  >\n\t\t\t\n\t\t\t\n\n\t<div class=\"img has-hover x md-x lg-x y md-y lg-y\" id=\"image_1453209992\">\n\t\t\t\t\t\t\t\t<div class=\"img-inner dark\" >\n\t\t\t<img loading=\"lazy\" decoding=\"async\" width=\"212\" height=\"182\" src=\"https:\/\/aprovacao.website\/blocktime\/wp-content\/uploads\/2024\/02\/icone-.png\" class=\"attachment-original size-original\" alt=\"\" \/>\t\t\t\t\t\t\n\t\t\t\t\t<\/div>\n\t\t\t\t\t\t\t\t\n<style>\n#image_1453209992 {\n  width: 32%;\n}\n<\/style>\n\t<\/div>\n\t\n\n\n\t\t<\/div>\n\t\t\t\t\n<style>\n#col-1855628434 > .col-inner {\n  padding: 0px 0px 0px 0px;\n  margin: 10px 0px 0px 0px;\n}\n<\/style>\n\t<\/div>\n\n\t\n\n\t<div id=\"col-1332716826\" class=\"col medium-4 small-5 large-4\"  >\n\t\t\t\t<div class=\"col-inner text-center\"  >\n\t\t\t\n\t<div class=\"is-border\"\n\t\tstyle=\"border-color:rgb(0, 242, 125);border-width:0px 0px 7px 0px;\">\n\t<\/div>\n\t\t\t\n\n  <div id=\"page-header-2066332167\" class=\"page-header-wrapper\">\n  <div class=\"page-title page-header-titulo dark featured-title\">\n\n        <div class=\"page-title-bg\">\n      <div class=\"title-bg fill bg-fill\"\n        data-parallax-container=\".page-title\"\n        data-parallax-background\n        data-parallax=\"-\">\n      <\/div>\n      <div class=\"title-overlay fill\"><\/div>\n    <\/div>\n    \n    <div class=\"page-title-inner container align-center flex-row medium-flex-wrap\" >\n              <div class=\"title-wrapper flex-col text-left medium-text-center\">\n          <h1 class=\"entry-title mb-0\">\n            Nossa Hist\u00f3ria          <\/h1>\n        <\/div>\n                    <div class=\"title-content flex-col flex-right text-right medium-text-center\">\n        <div class=\"title-breadcrumbs pb-half pt-half\"><\/div>      <\/div>\n    <\/div>\n\n     \n<style>\n#page-header-2066332167 .title-overlay {\n  background-color: rgba(0, 0, 0, 0);\n}\n#page-header-2066332167 .featured-title {\n  background-color: rgba(0, 0, 0, 0);\n}\n<\/style>\n  <\/div>\n    <\/div>\n  \n\n\n\t\t<\/div>\n\t\t\t\t\n<style>\n#col-1332716826 > .col-inner {\n  margin: 0px 0px 0px 0px;\n}\n@media (min-width:550px) {\n  #col-1332716826 > .col-inner {\n    margin: 0px 0px -5px 0px;\n  }\n}\n<\/style>\n\t<\/div>\n\n\t\n\n<\/div>\n\n              <\/div>\n           <\/div>\n                            \n<style>\n#text-box-1502189421 {\n  width: 100%;\n}\n#text-box-1502189421 .text-box-content {\n  font-size: 84%;\n}\n@media (min-width:550px) {\n  #text-box-1502189421 {\n    width: 38%;\n  }\n  #text-box-1502189421 .text-box-content {\n    font-size: 100%;\n  }\n}\n<\/style>\n    <\/div>\n \n\n        <\/div>\n      <\/div>\n\n            \n<style>\n#banner-73254048 {\n  padding-top: 290px;\n  background-color: rgb(43, 51, 82);\n}\n<\/style>\n  <\/div>\n\n\n\t<section class=\"section\" id=\"section_1347786367\">\n\t\t<div class=\"bg section-bg fill bg-fill  bg-loaded\" >\n\n\t\t\t\n\t\t\t\n\t\t\t\n\n\t\t<\/div>\n\n\t\t\n\n\t\t<div class=\"section-content relative\">\n\t\t\t\n\n<div class=\"row align-center\"  id=\"row-253707468\">\n\n\n\t<div id=\"col-1079510140\" class=\"col medium-6 small-11 large-6\"  >\n\t\t\t\t<div class=\"col-inner text-center\"  >\n\t\t\t\n\t\t\t\n\n\t<div id=\"text-1220934939\" class=\"text\">\n\t\t\n\n<h3>Nossa Hist\u00f3ria:<\/h3>\n\t\t\n<style>\n#text-1220934939 {\n  font-size: 2rem;\n  text-align: left;\n}\n<\/style>\n\t<\/div>\n\t\n\t<div id=\"text-3326395515\" class=\"text\">\n\t\t\n\n<p>Acompanhamos h\u00e1 30 anos as constantes mudan\u00e7as e revolu\u00e7\u00f5es, que ainda acontecem, no universo da tecnologia. Vimos que, agilidade e dinamismo motivaram novas formas de comunica\u00e7\u00e3o, intera\u00e7\u00e3o e realiza\u00e7\u00e3o de neg\u00f3cios.<\/p>\n<p>Presente em nosso dia a dia, muitas vezes, a tecnologia pode passar despercebida, principalmente para as gera\u00e7\u00f5es jovens, que s\u00e3o mais engajadas e conectadas \u00e0s atualidades. Quando usamos o smartphone ou outros dispositivos m\u00f3veis, quando realizamos qualquer pesquisa em sites de busca, quando realizamos compras online, realizamos um curso \u00e0 dist\u00e2ncia e at\u00e9 mesmo quando acessamos nossas redes sociais (Instagram, Facebook, Linkedin, Youtube, etc), ou seja, a tecnologia est\u00e1 em tudo!<\/p>\n<p>Dentro desse novo mundo e, percebendo a necessidade urgente de solu\u00e7\u00f5es inovadoras, nasceu a Blocktime Tecnologia em 1989. Nosso intuito \u00e9 simples: valorizar e otimizar o seu tempo, proporcionando o melhor uso da Tecnologia da Informa\u00e7\u00e3o (TI) a favor do seu neg\u00f3cio.<\/p>\n<p>Para que isso seja poss\u00edvel, vivemos em uma busca constante por conhecimento e inova\u00e7\u00e3o. Assim, conseguimos diversificar nossos neg\u00f3cios e possibilitar o aumento de mais produtos e servi\u00e7os aos nossos clientes, que passam a desenvolver atividades profissionais com agilidade e praticidade.<\/p>\n\t\t\n<style>\n#text-3326395515 {\n  font-size: 1.05rem;\n  text-align: left;\n  color: rgb(43, 43, 43);\n}\n#text-3326395515 > * {\n  color: rgb(43, 43, 43);\n}\n<\/style>\n\t<\/div>\n\t\n\n\t\t<\/div>\n\t\t\t\t\t<\/div>\n\n\t\n\n\t<div id=\"col-1740185999\" class=\"col medium-6 small-11 large-6\"  >\n\t\t\t\t<div class=\"col-inner text-center\"  >\n\t\t\t\n\t\t\t\n\n\t<div id=\"text-1296957466\" class=\"text\">\n\t\t\n\n<p>Conte com o nosso time para tudo! Desde a compra de um computador para uso profissional, at\u00e9 o planejamento da infraestrutura da sua rede de computadores, com equipamentos e canais de comunica\u00e7\u00e3o com a internet, integrados a servi\u00e7os em nuvem. Al\u00e9m disso, tamb\u00e9m nos responsabilizamos pela gest\u00e3o, monitoramento, suporte e manuten\u00e7\u00e3o dos recursos tecnol\u00f3gicos da sua empresa para que os seus gestores e colaboradores tenham foco nas pr\u00f3prias atividades, aumentando a produtividade e conectividade de forma segura.<\/p>\n<p>Entregamos solu\u00e7\u00f5es de ponta que possibilitam que nossos clientes foquem naquilo que realmente importa, seu neg\u00f3cio! Por isso, nos preocupamos com a constante an\u00e1lise dos resultados, desenvolvendo indicadores que permitem mensurar a qualidade de nossos servi\u00e7os.<\/p>\n\t\t\n<style>\n#text-1296957466 {\n  font-size: 1.05rem;\n  text-align: left;\n  color: rgb(43, 43, 43);\n}\n#text-1296957466 > * {\n  color: rgb(43, 43, 43);\n}\n<\/style>\n\t<\/div>\n\t\n<div class=\"row align-center\"  id=\"row-181296042\">\n\n\n\t<div id=\"col-1359581377\" class=\"col small-12 large-12\"  >\n\t\t\t\t<div class=\"col-inner\"  >\n\t\t\t\n\t\t\t\n\n\t<div id=\"gap-330964658\" class=\"gap-element clearfix\" style=\"display:block; height:auto;\">\n\t\t\n<style>\n#gap-330964658 {\n  padding-top: 30px;\n}\n<\/style>\n\t<\/div>\n\t\n\n\n  <div class=\"banner has-hover\" id=\"banner-1966137291\">\n          <div class=\"banner-inner fill\">\n        <div class=\"banner-bg fill\" >\n            <div class=\"bg fill bg-fill \"><\/div>\n                                    \n                    <\/div>\n\t\t\n        <div class=\"banner-layers container\">\n            <div class=\"fill banner-link\"><\/div>            \n\n   <div id=\"text-box-157490996\" class=\"text-box banner-layer x50 md-x50 lg-x50 y50 md-y50 lg-y50 res-text\">\n                                <div class=\"text-box-content text dark\">\n              \n              <div class=\"text-inner text-center\">\n                  \n\n\t<div id=\"text-1590044241\" class=\"text\">\n\t\t\n\n<h3 class=\"thin-font\" data-line-height=\"m\">\u2026Nos preocupamos tamb\u00e9m com a an\u00e1lise constante dos resultados e desenvolvemos indicadores que permitem mensurar a qualidade de nossos servi\u00e7os.<\/h3>\n\t\t\n<style>\n#text-1590044241 {\n  text-align: left;\n}\n<\/style>\n\t<\/div>\n\t\n\n              <\/div>\n           <\/div>\n                            \n<style>\n#text-box-157490996 {\n  width: 81%;\n}\n#text-box-157490996 .text-box-content {\n  font-size: 59%;\n}\n@media (min-width:550px) {\n  #text-box-157490996 {\n    width: 92%;\n  }\n  #text-box-157490996 .text-box-content {\n    font-size: 121%;\n  }\n}\n<\/style>\n    <\/div>\n \n\n        <\/div>\n      <\/div>\n\n            \n<style>\n#banner-1966137291 {\n  padding-top: 300px;\n  background-color: rgb(57, 85, 124);\n}\n#banner-1966137291 .bg.bg-loaded {\n  background-image: url(https:\/\/aprovacao.website\/blocktime\/wp-content\/uploads\/2024\/02\/bg.jpg);\n}\n#banner-1966137291 .bg {\n  background-position: 78% 0%;\n}\n<\/style>\n  <\/div>\n\n\n\n\t\t<\/div>\n\t\t\t\t\t<\/div>\n\n\t\n\n<\/div>\n\n\t\t<\/div>\n\t\t\t\t\t<\/div>\n\n\t\n\n<\/div>\n\n\t\t<\/div>\n\n\t\t\n<style>\n#section_1347786367 {\n  padding-top: 60px;\n  padding-bottom: 60px;\n  min-height: 300px;\n}\n<\/style>\n\t<\/section>\n\t\n\t<section class=\"section\" id=\"section_1661379461\">\n\t\t<div class=\"bg section-bg fill bg-fill  bg-loaded\" >\n\n\t\t\t\n\t\t\t\n\t\t\t\n\n\t\t<\/div>\n\n\t\t\n\n\t\t<div class=\"section-content relative\">\n\t\t\t\n\n<div class=\"row align-center\"  id=\"row-1768158325\">\n\n\n\t<div id=\"col-1294586098\" class=\"col small-12 large-12\"  >\n\t\t\t\t<div class=\"col-inner text-center\"  >\n\t\t\t\n\t\t\t\n\n<h3><span style=\"font-size: 250%;\">Quem Somos:<\/span><\/h3>\n\t<div id=\"gap-948970385\" class=\"gap-element clearfix\" style=\"display:block; height:auto;\">\n\t\t\n<style>\n#gap-948970385 {\n  padding-top: 30px;\n}\n<\/style>\n\t<\/div>\n\t\n\n<div class=\"row\"  id=\"row-961003903\">\n\n\n\t<div id=\"col-930580272\" class=\"col medium-3 small-12 large-3\"  >\n\t\t\t\t<div class=\"col-inner\"  >\n\t\t\t\n\t\t\t\n\n\t<div class=\"box has-hover imagem-depoimento2  has-hover box-text-bottom\" >\n\n\t\t<div class=\"box-image\" style=\"border-radius:100%;\">\n\t\t\t\t\t\t<div class=\"image-overlay-add image-cover\" style=\"padding-top:100%;\">\n\t\t\t\t<img loading=\"lazy\" decoding=\"async\" width=\"400\" height=\"400\" src=\"https:\/\/aprovacao.website\/blocktime\/wp-content\/uploads\/2024\/02\/DSC_0436-ct-person.jpeg\" class=\"attachment-original size-original\" alt=\"\" srcset=\"https:\/\/aprovacao.website\/blocktime\/wp-content\/uploads\/2024\/02\/DSC_0436-ct-person.jpeg 400w, https:\/\/aprovacao.website\/blocktime\/wp-content\/uploads\/2024\/02\/DSC_0436-ct-person-300x300.jpeg 300w, https:\/\/aprovacao.website\/blocktime\/wp-content\/uploads\/2024\/02\/DSC_0436-ct-person-150x150.jpeg 150w\" sizes=\"auto, (max-width: 400px) 100vw, 400px\" \/>\t\t\t\t<div class=\"overlay\" style=\"background-color:rgba(122, 220, 180, 0.605)\"><\/div>\t\t\t\t\t\t\t<\/div>\n\t\t\t\t\t<\/div>\n\n\t\t<div class=\"box-text text-center\" >\n\t\t\t<div class=\"box-text-inner\">\n\t\t\t\t\n\n\n\t\t\t<\/div>\n\t\t<\/div>\n\t<\/div>\n\t\n\t<div id=\"gap-2023372799\" class=\"gap-element clearfix\" style=\"display:block; height:auto;\">\n\t\t\n<style>\n#gap-2023372799 {\n  padding-top: 10px;\n}\n<\/style>\n\t<\/div>\n\t\n\n\t<div id=\"gap-891909975\" class=\"gap-element clearfix\" style=\"display:block; height:auto;\">\n\t\t\n<style>\n#gap-891909975 {\n  padding-top: 15px;\n}\n<\/style>\n\t<\/div>\n\t\n\n\t<div id=\"text-1844408781\" class=\"text\">\n\t\t\n\n<h4 class=\"thin-font\"><span style=\"font-size: 115%;\">Jo\u00e3o Carlos Guirau<\/span><\/h4>\n<h4 class=\"thin-font\"><span style=\"font-size: 80%; color: #697671;\">Fundador e Diretor Comercial<\/span><\/h4>\n\t\t\n<style>\n#text-1844408781 {\n  font-size: 0.75rem;\n  text-align: center;\n}\n<\/style>\n\t<\/div>\n\t\n\n\t\t<\/div>\n\t\t\t\t\t<\/div>\n\n\t\n\n\t<div id=\"col-1059835887\" class=\"col medium-3 small-11 large-3\"  >\n\t\t\t\t<div class=\"col-inner\"  >\n\t\t\t\n\t\t\t\n\n\t<div class=\"box has-hover imagem-depoimento2  has-hover box-text-bottom\" >\n\n\t\t<div class=\"box-image\" style=\"border-radius:100%;\">\n\t\t\t\t\t\t<div class=\"image-overlay-add image-cover\" style=\"padding-top:100%;\">\n\t\t\t\t<img loading=\"lazy\" decoding=\"async\" width=\"400\" height=\"400\" src=\"https:\/\/aprovacao.website\/blocktime\/wp-content\/uploads\/2024\/02\/DSC_0426-ct-person.jpeg\" class=\"attachment-original size-original\" alt=\"\" srcset=\"https:\/\/aprovacao.website\/blocktime\/wp-content\/uploads\/2024\/02\/DSC_0426-ct-person.jpeg 400w, https:\/\/aprovacao.website\/blocktime\/wp-content\/uploads\/2024\/02\/DSC_0426-ct-person-300x300.jpeg 300w, https:\/\/aprovacao.website\/blocktime\/wp-content\/uploads\/2024\/02\/DSC_0426-ct-person-150x150.jpeg 150w\" sizes=\"auto, (max-width: 400px) 100vw, 400px\" \/>\t\t\t\t<div class=\"overlay\" style=\"background-color:rgba(122, 220, 180, 0.605)\"><\/div>\t\t\t\t\t\t\t<\/div>\n\t\t\t\t\t<\/div>\n\n\t\t<div class=\"box-text text-center\" >\n\t\t\t<div class=\"box-text-inner\">\n\t\t\t\t\n\n\n\t\t\t<\/div>\n\t\t<\/div>\n\t<\/div>\n\t\n\t<div id=\"gap-646985758\" class=\"gap-element clearfix\" style=\"display:block; height:auto;\">\n\t\t\n<style>\n#gap-646985758 {\n  padding-top: 10px;\n}\n<\/style>\n\t<\/div>\n\t\n\n\t<div id=\"gap-1123405802\" class=\"gap-element clearfix\" style=\"display:block; height:auto;\">\n\t\t\n<style>\n#gap-1123405802 {\n  padding-top: 15px;\n}\n<\/style>\n\t<\/div>\n\t\n\n\t<div id=\"text-2461591026\" class=\"text\">\n\t\t\n\n<h4 class=\"thin-font\"><span style=\"font-size: 115%;\">Jo\u00e3o Marcos Guirau<br>\n<\/span><\/h4>\n<h4 class=\"thin-font\"><span style=\"font-size: 80%; color: #697671;\">Diretor de Marketing<\/span><\/h4>\n\t\t\n<style>\n#text-2461591026 {\n  font-size: 0.75rem;\n  text-align: center;\n}\n<\/style>\n\t<\/div>\n\t\n\n\t\t<\/div>\n\t\t\t\t\n<style>\n#col-1059835887 > .col-inner {\n  padding: 0px 0px 0px 0px;\n}\n<\/style>\n\t<\/div>\n\n\t\n\n\t<div id=\"col-1369561548\" class=\"col medium-3 small-11 large-3\"  >\n\t\t\t\t<div class=\"col-inner\"  >\n\t\t\t\n\t\t\t\n\n\t<div class=\"box has-hover imagem-depoimento2  has-hover box-text-bottom\" >\n\n\t\t<div class=\"box-image\" style=\"border-radius:100%;\">\n\t\t\t\t\t\t<div class=\"image-overlay-add image-cover\" style=\"padding-top:100%;\">\n\t\t\t\t<img loading=\"lazy\" decoding=\"async\" width=\"400\" height=\"400\" src=\"https:\/\/aprovacao.website\/blocktime\/wp-content\/uploads\/2024\/02\/DSC_0363-ct-person.jpeg\" class=\"attachment-original size-original\" alt=\"\" srcset=\"https:\/\/aprovacao.website\/blocktime\/wp-content\/uploads\/2024\/02\/DSC_0363-ct-person.jpeg 400w, https:\/\/aprovacao.website\/blocktime\/wp-content\/uploads\/2024\/02\/DSC_0363-ct-person-300x300.jpeg 300w, https:\/\/aprovacao.website\/blocktime\/wp-content\/uploads\/2024\/02\/DSC_0363-ct-person-150x150.jpeg 150w\" sizes=\"auto, (max-width: 400px) 100vw, 400px\" \/>\t\t\t\t<div class=\"overlay\" style=\"background-color:rgba(122, 220, 180, 0.605)\"><\/div>\t\t\t\t\t\t\t<\/div>\n\t\t\t\t\t<\/div>\n\n\t\t<div class=\"box-text text-center\" >\n\t\t\t<div class=\"box-text-inner\">\n\t\t\t\t\n\n\n\t\t\t<\/div>\n\t\t<\/div>\n\t<\/div>\n\t\n\t<div id=\"gap-1360350537\" class=\"gap-element clearfix\" style=\"display:block; height:auto;\">\n\t\t\n<style>\n#gap-1360350537 {\n  padding-top: 10px;\n}\n<\/style>\n\t<\/div>\n\t\n\n\t<div id=\"gap-1262297741\" class=\"gap-element clearfix\" style=\"display:block; height:auto;\">\n\t\t\n<style>\n#gap-1262297741 {\n  padding-top: 15px;\n}\n<\/style>\n\t<\/div>\n\t\n\n\t<div id=\"text-3539207714\" class=\"text\">\n\t\t\n\n<h4 class=\"thin-font\"><span style=\"font-size: 115%;\">Renan Bonansea Cazorla<\/span><\/h4>\n<h4 class=\"thin-font\"><span style=\"font-size: 80%; color: #697671;\">Diretor T\u00e9cnico e Comercial<br>\n<\/span><\/h4>\n\t\t\n<style>\n#text-3539207714 {\n  font-size: 0.75rem;\n  text-align: center;\n}\n<\/style>\n\t<\/div>\n\t\n\n\t\t<\/div>\n\t\t\t\t\t<\/div>\n\n\t\n\n\t<div id=\"col-527507001\" class=\"col medium-3 small-11 large-3\"  >\n\t\t\t\t<div class=\"col-inner\"  >\n\t\t\t\n\t\t\t\n\n\t<div class=\"box has-hover imagem-depoimento2  has-hover box-text-bottom\" >\n\n\t\t<div class=\"box-image\" style=\"border-radius:100%;\">\n\t\t\t\t\t\t<div class=\"image-overlay-add image-cover\" style=\"padding-top:100%;\">\n\t\t\t\t<img loading=\"lazy\" decoding=\"async\" width=\"400\" height=\"400\" src=\"https:\/\/aprovacao.website\/blocktime\/wp-content\/uploads\/2024\/02\/DSC_0431-ct-person.jpeg\" class=\"attachment-original size-original\" alt=\"\" srcset=\"https:\/\/aprovacao.website\/blocktime\/wp-content\/uploads\/2024\/02\/DSC_0431-ct-person.jpeg 400w, https:\/\/aprovacao.website\/blocktime\/wp-content\/uploads\/2024\/02\/DSC_0431-ct-person-300x300.jpeg 300w, https:\/\/aprovacao.website\/blocktime\/wp-content\/uploads\/2024\/02\/DSC_0431-ct-person-150x150.jpeg 150w\" sizes=\"auto, (max-width: 400px) 100vw, 400px\" \/>\t\t\t\t<div class=\"overlay\" style=\"background-color:rgba(122, 220, 180, 0.605)\"><\/div>\t\t\t\t\t\t\t<\/div>\n\t\t\t\t\t<\/div>\n\n\t\t<div class=\"box-text text-center\" >\n\t\t\t<div class=\"box-text-inner\">\n\t\t\t\t\n\n\n\t\t\t<\/div>\n\t\t<\/div>\n\t<\/div>\n\t\n\t<div id=\"gap-1266571053\" class=\"gap-element clearfix\" style=\"display:block; height:auto;\">\n\t\t\n<style>\n#gap-1266571053 {\n  padding-top: 15px;\n}\n<\/style>\n\t<\/div>\n\t\n\n\t<div id=\"gap-333037000\" class=\"gap-element clearfix\" style=\"display:block; height:auto;\">\n\t\t\n<style>\n#gap-333037000 {\n  padding-top: 10px;\n}\n<\/style>\n\t<\/div>\n\t\n\n\t<div id=\"text-1926592192\" class=\"text\">\n\t\t\n\n<h4 class=\"thin-font\"><span style=\"font-size: 115%;\">Aldilene Rissato Adorno Guirau<br>\n<\/span><\/h4>\n<h4 class=\"thin-font\"><span style=\"font-size: 80%; color: #697671;\">Diretora Administrativa Financeira<br>\n<\/span><\/h4>\n\t\t\n<style>\n#text-1926592192 {\n  font-size: 0.75rem;\n  text-align: center;\n}\n<\/style>\n\t<\/div>\n\t\n\n\t\t<\/div>\n\t\t\t\t\t<\/div>\n\n\t\n\n<\/div>\n\n\t\t<\/div>\n\t\t\t\t\t<\/div>\n\n\t\n\n<\/div>\n\n\t\t<\/div>\n\n\t\t\n<style>\n#section_1661379461 {\n  padding-top: 0px;\n  padding-bottom: 0px;\n  min-height: 300px;\n}\n@media (min-width:550px) {\n  #section_1661379461 {\n    padding-top: 0px;\n    padding-bottom: 0px;\n  }\n}\n<\/style>\n\t<\/section>\n\t\n\n","protected":false},"excerpt":{"rendered":"","protected":false},"author":2,"featured_media":0,"parent":0,"menu_order":0,"comment_status":"closed","ping_status":"closed","template":"page-blank.php","meta":{"footnotes":""},"class_list":["post-4375","page","type-page","status-publish","hentry"],"yoast_head":"<!-- This site is optimized with the Yoast SEO plugin v23.7 - https:\/\/yoast.com\/wordpress\/plugins\/seo\/ -->\n<title>Nossa Hist\u00f3ria - Blocktime Tecnologia<\/title>\n<meta name=\"robots\" content=\"index, follow, max-snippet:-1, max-image-preview:large, max-video-preview:-1\" \/>\n<link rel=\"canonical\" href=\"https:\/\/aprovacao.website\/blocktime\/sobre\/\" \/>\n<meta property=\"og:locale\" content=\"pt_BR\" \/>\n<meta property=\"og:type\" content=\"article\" \/>\n<meta property=\"og:title\" content=\"Nossa Hist\u00f3ria - Blocktime Tecnologia\" \/>\n<meta property=\"og:url\" content=\"https:\/\/aprovacao.website\/blocktime\/sobre\/\" \/>\n<meta property=\"og:site_name\" content=\"Blocktime Tecnologia\" \/>\n<meta property=\"article:modified_time\" content=\"2024-02-13T21:21:36+00:00\" \/>\n<meta name=\"twitter:card\" content=\"summary_large_image\" \/>\n<meta name=\"twitter:label1\" content=\"Est. tempo de leitura\" \/>\n\t<meta name=\"twitter:data1\" content=\"4 minutos\" \/>\n<script type=\"application\/ld+json\" class=\"yoast-schema-graph\">{\"@context\":\"https:\/\/schema.org\",\"@graph\":[{\"@type\":\"WebPage\",\"@id\":\"https:\/\/aprovacao.website\/blocktime\/sobre\/\",\"url\":\"https:\/\/aprovacao.website\/blocktime\/sobre\/\",\"name\":\"Nossa Hist\u00f3ria - Blocktime Tecnologia\",\"isPartOf\":{\"@id\":\"https:\/\/aprovacao.website\/blocktime\/#website\"},\"datePublished\":\"2024-02-06T21:38:59+00:00\",\"dateModified\":\"2024-02-13T21:21:36+00:00\",\"breadcrumb\":{\"@id\":\"https:\/\/aprovacao.website\/blocktime\/sobre\/#breadcrumb\"},\"inLanguage\":\"pt-BR\",\"potentialAction\":[{\"@type\":\"ReadAction\",\"target\":[\"https:\/\/aprovacao.website\/blocktime\/sobre\/\"]}]},{\"@type\":\"BreadcrumbList\",\"@id\":\"https:\/\/aprovacao.website\/blocktime\/sobre\/#breadcrumb\",\"itemListElement\":[{\"@type\":\"ListItem\",\"position\":1,\"name\":\"In\u00edcio\",\"item\":\"https:\/\/aprovacao.website\/blocktime\/\"},{\"@type\":\"ListItem\",\"position\":2,\"name\":\"Nossa Hist\u00f3ria\"}]},{\"@type\":\"WebSite\",\"@id\":\"https:\/\/aprovacao.website\/blocktime\/#website\",\"url\":\"https:\/\/aprovacao.website\/blocktime\/\",\"name\":\"Blocktime Tecnologia\",\"description\":\"Servi\u00e7os Centralizados e Virtual CIO\",\"potentialAction\":[{\"@type\":\"SearchAction\",\"target\":{\"@type\":\"EntryPoint\",\"urlTemplate\":\"https:\/\/aprovacao.website\/blocktime\/?s={search_term_string}\"},\"query-input\":{\"@type\":\"PropertyValueSpecification\",\"valueRequired\":true,\"valueName\":\"search_term_string\"}}],\"inLanguage\":\"pt-BR\"}]}<\/script>\n<!-- \/ Yoast SEO plugin. -->","yoast_head_json":{"title":"Nossa Hist\u00f3ria - Blocktime Tecnologia","robots":{"index":"index","follow":"follow","max-snippet":"max-snippet:-1","max-image-preview":"max-image-preview:large","max-video-preview":"max-video-preview:-1"},"canonical":"https:\/\/aprovacao.website\/blocktime\/sobre\/","og_locale":"pt_BR","og_type":"article","og_title":"Nossa Hist\u00f3ria - Blocktime Tecnologia","og_url":"https:\/\/aprovacao.website\/blocktime\/sobre\/","og_site_name":"Blocktime Tecnologia","article_modified_time":"2024-02-13T21:21:36+00:00","twitter_card":"summary_large_image","twitter_misc":{"Est. tempo de leitura":"4 minutos"},"schema":{"@context":"https:\/\/schema.org","@graph":[{"@type":"WebPage","@id":"https:\/\/aprovacao.website\/blocktime\/sobre\/","url":"https:\/\/aprovacao.website\/blocktime\/sobre\/","name":"Nossa Hist\u00f3ria - Blocktime Tecnologia","isPartOf":{"@id":"https:\/\/aprovacao.website\/blocktime\/#website"},"datePublished":"2024-02-06T21:38:59+00:00","dateModified":"2024-02-13T21:21:36+00:00","breadcrumb":{"@id":"https:\/\/aprovacao.website\/blocktime\/sobre\/#breadcrumb"},"inLanguage":"pt-BR","potentialAction":[{"@type":"ReadAction","target":["https:\/\/aprovacao.website\/blocktime\/sobre\/"]}]},{"@type":"BreadcrumbList","@id":"https:\/\/aprovacao.website\/blocktime\/sobre\/#breadcrumb","itemListElement":[{"@type":"ListItem","position":1,"name":"In\u00edcio","item":"https:\/\/aprovacao.website\/blocktime\/"},{"@type":"ListItem","position":2,"name":"Nossa Hist\u00f3ria"}]},{"@type":"WebSite","@id":"https:\/\/aprovacao.website\/blocktime\/#website","url":"https:\/\/aprovacao.website\/blocktime\/","name":"Blocktime Tecnologia","description":"Servi\u00e7os Centralizados e Virtual CIO","potentialAction":[{"@type":"SearchAction","target":{"@type":"EntryPoint","urlTemplate":"https:\/\/aprovacao.website\/blocktime\/?s={search_term_string}"},"query-input":{"@type":"PropertyValueSpecification","valueRequired":true,"valueName":"search_term_string"}}],"inLanguage":"pt-BR"}]}},"_links":{"self":[{"href":"https:\/\/aprovacao.website\/blocktime\/wp-json\/wp\/v2\/pages\/4375","targetHints":{"allow":["GET"]}}],"collection":[{"href":"https:\/\/aprovacao.website\/blocktime\/wp-json\/wp\/v2\/pages"}],"about":[{"href":"https:\/\/aprovacao.website\/blocktime\/wp-json\/wp\/v2\/types\/page"}],"author":[{"embeddable":true,"href":"https:\/\/aprovacao.website\/blocktime\/wp-json\/wp\/v2\/users\/2"}],"replies":[{"embeddable":true,"href":"https:\/\/aprovacao.website\/blocktime\/wp-json\/wp\/v2\/comments?post=4375"}],"version-history":[{"count":52,"href":"https:\/\/aprovacao.website\/blocktime\/wp-json\/wp\/v2\/pages\/4375\/revisions"}],"predecessor-version":[{"id":6207,"href":"https:\/\/aprovacao.website\/blocktime\/wp-json\/wp\/v2\/pages\/4375\/revisions\/6207"}],"wp:attachment":[{"href":"https:\/\/aprovacao.website\/blocktime\/wp-json\/wp\/v2\/media?parent=4375"}],"curies":[{"name":"wp","href":"https:\/\/api.w.org\/{rel}","templated":true}]}}