{"id":11909,"date":"2024-12-03T18:19:52","date_gmt":"2024-12-03T18:19:52","guid":{"rendered":"https:\/\/aprovacao.website\/archscape\/?page_id=11909"},"modified":"2024-12-03T17:05:03","modified_gmt":"2024-12-03T20:05:03","slug":"sobre","status":"publish","type":"page","link":"https:\/\/aprovacao.website\/archscape\/sobre\/","title":{"rendered":"Sobre"},"content":{"rendered":"\n\t<section class=\"section\" id=\"section_2014778650\">\n\t\t<div class=\"section-bg fill\" >\n\t\t\t<img loading=\"lazy\" decoding=\"async\" width=\"1030\" height=\"743\" src=\"https:\/\/aprovacao.website\/archscape\/wp-content\/uploads\/2024\/12\/Casa-Lazer-e-Sustentabilidade-1-1030x743-1.jpg\" class=\"bg attachment- size-\" alt=\"\" \/>\t\t\t\t\t\t<div class=\"section-bg-overlay absolute fill\"><\/div>\n\t\t\t\n\n\t\t<\/div>\n\n\t\t\n\n\t\t<div class=\"section-content relative\">\n\t\t\t\n<div class=\"row\"  id=\"row-1960932828\">\n\n\t<div id=\"col-928835569\" class=\"col small-12 large-12\"  >\n\t\t\t\t<div class=\"col-inner\"  >\n\t\t\t\n\t\t\t\n\t<div id=\"gap-1877950801\" class=\"gap-element clearfix\" style=\"display:block; height:auto;\">\n\t\t\n<style>\n#gap-1877950801 {\n  padding-top: 50px;\n}\n<\/style>\n\t<\/div>\n\t\n<div class=\"container section-title-container\" ><h1 class=\"section-title section-title-center\"><b><\/b><span class=\"section-title-main\" style=\"color:rgb(255, 255, 255);\">Sobre<\/span><b><\/b><\/h1><\/div>\n\t\t<\/div>\n\t\t\t\t\t<\/div>\n\n\t\n<\/div>\n\t\t<\/div>\n\n\t\t\n<style>\n#section_2014778650 {\n  padding-top: 30px;\n  padding-bottom: 30px;\n  background-color: #000000;\n}\n#section_2014778650 .section-bg-overlay {\n  background-color: rgba(0, 0, 0, 0.674);\n}\n<\/style>\n\t<\/section>\n\t\n\n\t<section class=\"section\" id=\"section_835261638\">\n\t\t<div class=\"section-bg fill\" >\n\t\t\t\t\t\t\t\t\t<div class=\"section-bg-overlay absolute fill\"><\/div>\n\t\t\t\n\t<div class=\"is-border\"\n\t\tstyle=\"border-color:rgb(235, 235, 235);border-width:1px 0px 0px 0px;\">\n\t<\/div>\n\n\t\t<\/div>\n\n\t\t\n\n\t\t<div class=\"section-content relative\">\n\t\t\t\n<div class=\"row row-large align-bottom align-center\"  id=\"row-621403562\">\n\n\t<div id=\"col-1424834693\" class=\"col small-12 large-12\"  >\n\t\t\t\t<div class=\"col-inner text-center dark\"  >\n\t\t\t\n\t\t\t\n\t<div id=\"text-1531792813\" class=\"text\">\n\t\t\n<div class=\"elementor-element elementor-element-a93ba3f elementor-widget elementor-widget-heading animated fadeInUp\" data-id=\"a93ba3f\" data-element_type=\"widget\" data-settings=\"{&quot;_animation&quot;:&quot;fadeInUp&quot;,&quot;_animation_delay&quot;:300}\" data-widget_type=\"heading.default\">\n<div class=\"elementor-widget-container\">\n<h2 class=\"elementor-heading-title elementor-size-default\">Gustavo Garrido<\/h2>\n<p><img loading=\"lazy\" decoding=\"async\" class=\"wp-image-11929 alignleft\" src=\"https:\/\/aprovacao.website\/archscape\/wp-content\/uploads\/2024\/12\/Papel-Timbrado-1.png\" alt=\"\" width=\"303\" height=\"429\" srcset=\"https:\/\/aprovacao.website\/archscape\/wp-content\/uploads\/2024\/12\/Papel-Timbrado-1.png 1414w, https:\/\/aprovacao.website\/archscape\/wp-content\/uploads\/2024\/12\/Papel-Timbrado-1-212x300.png 212w, https:\/\/aprovacao.website\/archscape\/wp-content\/uploads\/2024\/12\/Papel-Timbrado-1-724x1024.png 724w, https:\/\/aprovacao.website\/archscape\/wp-content\/uploads\/2024\/12\/Papel-Timbrado-1-768x1086.png 768w, https:\/\/aprovacao.website\/archscape\/wp-content\/uploads\/2024\/12\/Papel-Timbrado-1-1086x1536.png 1086w\" sizes=\"auto, (max-width: 303px) 100vw, 303px\" \/>Arquiteto e Urbanista pela FAUUSP (Faculdade de Arquitetura e Urbanismo da Universidade de S\u00e3o Paulo) em 2003, p\u00f3s gradua\u00e7\u00e3o pela FUPAM (Funda\u00e7\u00e3o para Pesquisa Ambiental) em Desenvolvimento Imobili\u00e1rio em 2008.<\/p>\n<p>Autor de publica\u00e7\u00f5es na \u00e1rea de paisagem e ambiente, atua no mercado imobili\u00e1rio desde 2004.<\/p>\n<p>Atualmente \u00e9 presidente da ASBEA-SP (Associa\u00e7\u00e3o Brasileira de Escrit\u00f3rios de Arquitetura, regional S\u00e3o Paulo).<\/p>\n<p>Ainda na universidade desenvolveu pesquisa na \u00e1rea de Paisagem e Ambiente bolsista pela FAPESP e CNPQ junto ao grupo de pesquisa QUAPA (Quadro do Paisagismo no Brasil), onde foi autor de 3 publica\u00e7\u00f5es: Paisagismo Contempor\u00e2neo, Paisagismo Contempor\u00e2neo no Brasil e Hist\u00f3ria do Paisagismo no Brasil.<\/p>\n<p>Iniciou sua carreira profissional na ent\u00e3o sucursal brasileira do renomado escrit\u00f3rio americano Design Workshop, comandada pelo arquiteto paisagista Sergio Santana, com quem estabeleceu sociedade at\u00e9 2010 e mant\u00e9m cont\u00ednua colabora\u00e7\u00e3o.<\/p>\n<p>Integrou a diretoria da (ABAP) Associa\u00e7\u00e3o Brasileira de Arquitetos Paisagistas de 2018 a 2020 como diretor administrativo e integra o quadro docente da Faculdade Belas Artes de S\u00e3o Paulo.<\/p>\n<p>Entre a rotina intensa de trabalho, dedica-se a sua esposa e filhos, \u00e0 nata\u00e7\u00e3o, leitura de romances hist\u00f3ricos e biografias, al\u00e9m de sua paix\u00e3o por rock\u00b4n roll.<\/p>\n<\/div>\n<\/div>\n\t\t\n<style>\n#text-1531792813 {\n  text-align: left;\n}\n<\/style>\n\t<\/div>\n\t\n\t\t<\/div>\n\t\t\t\t\t<\/div>\n\n\t\n<\/div>\n\t\t<\/div>\n\n\t\t\n<style>\n#section_835261638 {\n  padding-top: 40px;\n  padding-bottom: 40px;\n  min-height: 90px;\n  background-color: rgb(171, 171, 171);\n}\n#section_835261638 .section-bg-overlay {\n  background-color: rgba(0, 0, 0, 0.78);\n}\n<\/style>\n\t<\/section>\n\t\n\n\t<section class=\"section\" id=\"section_152438383\">\n\t\t<div class=\"section-bg fill\" >\n\t\t\t\t\t\t\t\t\t\n\t\t\t\n\n\t\t<\/div>\n\n\t\t\n\n\t\t<div class=\"section-content relative\">\n\t\t\t\n<div class=\"container section-title-container\" ><h3 class=\"section-title section-title-normal\"><b><\/b><span class=\"section-title-main\" >Equipe<\/span><b><\/b><\/h3><\/div>\n<div class=\"row\"  id=\"row-867753170\">\n\n\t<div id=\"col-533197039\" class=\"col medium-3 small-6 large-3\"  >\n\t\t\t\t<div class=\"col-inner\"  >\n\t\t\t\n\t\t\t\n\n\t\t<div class=\"icon-box featured-box icon-box-top text-left\"  >\n\t\t\t\t\t<div class=\"icon-box-img\" style=\"width: 600px\">\n\t\t\t\t<div class=\"icon\">\n\t\t\t\t\t<div class=\"icon-inner\" >\n\t\t\t\t\t\t<img loading=\"lazy\" decoding=\"async\" width=\"300\" height=\"300\" src=\"https:\/\/aprovacao.website\/archscape\/wp-content\/uploads\/2024\/12\/Lucas-Slindvain-1-300x300-1.jpg\" class=\"attachment-medium size-medium\" alt=\"\" srcset=\"https:\/\/aprovacao.website\/archscape\/wp-content\/uploads\/2024\/12\/Lucas-Slindvain-1-300x300-1.jpg 300w, https:\/\/aprovacao.website\/archscape\/wp-content\/uploads\/2024\/12\/Lucas-Slindvain-1-300x300-1-150x150.jpg 150w\" sizes=\"auto, (max-width: 300px) 100vw, 300px\" \/>\t\t\t\t\t<\/div>\n\t\t\t\t<\/div>\n\t\t\t<\/div>\n\t\t\t\t<div class=\"icon-box-text last-reset\">\n\t\t\t\t\t\t\t\t\t\n<h3>Lucas Slindvain<\/h3>\n<p>Arquiteto, graduado em Arquitetura e Urbanismo pela FAU-MACKENZIE em 2021 e com experi\u00eancia em pesquisas e trabalhos no campo da cenografia. Curioso para aprender diversas \u00e1reas j\u00e1 foi aprendiz de marcenaria e artes pl\u00e1sticas. Al\u00e9m da paix\u00e3o pela arquitetura, tamb\u00e9m \u00e9 um amante do teatro, n\u00e3o dispensa fazer um som com os amigos e est\u00e1 sempre tentando aprender uma receita nova na cozinha.<\/p>\n\t\t<\/div>\n\t<\/div>\n\t\n\t\n\t\t<\/div>\n\t\t\t\t\t<\/div>\n\n\t\n\n\t<div id=\"col-306209019\" class=\"col medium-3 small-6 large-3\"  >\n\t\t\t\t<div class=\"col-inner\"  >\n\t\t\t\n\t\t\t\n\n\t\t<div class=\"icon-box featured-box icon-box-top text-left\"  >\n\t\t\t\t\t<div class=\"icon-box-img\" style=\"width: 600px\">\n\t\t\t\t<div class=\"icon\">\n\t\t\t\t\t<div class=\"icon-inner\" >\n\t\t\t\t\t\t<img loading=\"lazy\" decoding=\"async\" width=\"300\" height=\"300\" src=\"https:\/\/aprovacao.website\/archscape\/wp-content\/uploads\/2024\/12\/yasmin-300x300.jpeg\" class=\"attachment-medium size-medium\" alt=\"\" srcset=\"https:\/\/aprovacao.website\/archscape\/wp-content\/uploads\/2024\/12\/yasmin-300x300.jpeg 300w, https:\/\/aprovacao.website\/archscape\/wp-content\/uploads\/2024\/12\/yasmin-150x150.jpeg 150w, https:\/\/aprovacao.website\/archscape\/wp-content\/uploads\/2024\/12\/yasmin.jpeg 400w\" sizes=\"auto, (max-width: 300px) 100vw, 300px\" \/>\t\t\t\t\t<\/div>\n\t\t\t\t<\/div>\n\t\t\t<\/div>\n\t\t\t\t<div class=\"icon-box-text last-reset\">\n\t\t\t\t\t\t\t\t\t\n<h3>Yasmin Bertti<\/h3>\n<p>Arquiteta, Graduada em Arquitetura e Urbanismo pela Unitau em 2017, Yasmin j\u00e1 trabalhou em v\u00e1rias \u00e1reas da constru\u00e7\u00e3o civil e gosta de sempre aprender mais. Adora fazer trilhas e sempre que pode ficar pr\u00f3xima da natureza. Ama conhecer lugares novos e dias tranquilos em casa com suas duas gatinhas Maya e Moon. Al\u00e9m da arquitetura sua outra paix\u00e3o \u00e9 a pintura de quadros e paredes.<\/p>\n\t\t<\/div>\n\t<\/div>\n\t\n\t\n\t\t<\/div>\n\t\t\t\t\t<\/div>\n\n\t\n\n\t<div id=\"col-1075931735\" class=\"col medium-3 small-6 large-3\"  >\n\t\t\t\t<div class=\"col-inner\"  >\n\t\t\t\n\t\t\t\n\n\t\t<div class=\"icon-box featured-box icon-box-top text-left\"  >\n\t\t\t\t\t<div class=\"icon-box-img\" style=\"width: 600px\">\n\t\t\t\t<div class=\"icon\">\n\t\t\t\t\t<div class=\"icon-inner\" >\n\t\t\t\t\t\t<img loading=\"lazy\" decoding=\"async\" width=\"300\" height=\"292\" src=\"https:\/\/aprovacao.website\/archscape\/wp-content\/uploads\/2024\/12\/marcos-300x292.jpg\" class=\"attachment-medium size-medium\" alt=\"\" srcset=\"https:\/\/aprovacao.website\/archscape\/wp-content\/uploads\/2024\/12\/marcos-300x292.jpg 300w, https:\/\/aprovacao.website\/archscape\/wp-content\/uploads\/2024\/12\/marcos-1024x996.jpg 1024w, https:\/\/aprovacao.website\/archscape\/wp-content\/uploads\/2024\/12\/marcos-768x747.jpg 768w, https:\/\/aprovacao.website\/archscape\/wp-content\/uploads\/2024\/12\/marcos.jpg 1536w\" sizes=\"auto, (max-width: 300px) 100vw, 300px\" \/>\t\t\t\t\t<\/div>\n\t\t\t\t<\/div>\n\t\t\t<\/div>\n\t\t\t\t<div class=\"icon-box-text last-reset\">\n\t\t\t\t\t\t\t\t\t\n<h3>Marcos Contart<\/h3>\n<p>Arquiteto, graduado em Arquitetura e Urbanismo pela FAU-Mackenzie em 2021, atuou nas \u00e1reas de arquitetura e interiores em todas as etapas de projeto e execu\u00e7\u00e3o, e est\u00e1 sempre disposto a aprender coisas novas. Al\u00e9m de arquitetura, Marcos tamb\u00e9m aprecia cinema, m\u00fasica, artes, gastronomia e viagens. Gosta de pedalar, correr e ter uma vida fisicamente ativa.<\/p>\n\t\t<\/div>\n\t<\/div>\n\t\n\t\n\t\t<\/div>\n\t\t\t\t\t<\/div>\n\n\t\n\n\t<div id=\"col-237518649\" class=\"col medium-3 small-6 large-3\"  >\n\t\t\t\t<div class=\"col-inner\"  >\n\t\t\t\n\t\t\t\n\n\t\t<div class=\"icon-box featured-box icon-box-top text-left\"  >\n\t\t\t\t\t<div class=\"icon-box-img\" style=\"width: 600px\">\n\t\t\t\t<div class=\"icon\">\n\t\t\t\t\t<div class=\"icon-inner\" >\n\t\t\t\t\t\t<img loading=\"lazy\" decoding=\"async\" width=\"300\" height=\"300\" src=\"https:\/\/aprovacao.website\/archscape\/wp-content\/uploads\/2024\/12\/leila-300x300.jpeg\" class=\"attachment-medium size-medium\" alt=\"\" srcset=\"https:\/\/aprovacao.website\/archscape\/wp-content\/uploads\/2024\/12\/leila-300x300.jpeg 300w, https:\/\/aprovacao.website\/archscape\/wp-content\/uploads\/2024\/12\/leila-150x150.jpeg 150w, https:\/\/aprovacao.website\/archscape\/wp-content\/uploads\/2024\/12\/leila.jpeg 600w\" sizes=\"auto, (max-width: 300px) 100vw, 300px\" \/>\t\t\t\t\t<\/div>\n\t\t\t\t<\/div>\n\t\t\t<\/div>\n\t\t\t\t<div class=\"icon-box-text last-reset\">\n\t\t\t\t\t\t\t\t\t\n<h3>Leila Leme<\/h3>\n<p>Arquiteta e Urbanista pela PUCCAMP (Pontif\u00edcia Universidade Cat\u00f3lica de Campinas) em 2001. Vinte e tr\u00eas anos de experi\u00eancia com desenvolvimento de projetos de arquitetura e paisagismo. S\u00e3o diversos trabalhos com espa\u00e7os p\u00fablicos e privados, \u00e1reas de recrea\u00e7\u00e3o e lazer e reformas. Atua no desenvolvimento dos projetos, desde a cria\u00e7\u00e3o at\u00e9 detalhamento. Busca por meio da arquitetura trazer uma reconex\u00e3o do Homem com a Natureza, atrav\u00e9s da ambienta\u00e7\u00e3o de espa\u00e7os, do desenho de transforma\u00e7\u00e3o e de novas rela\u00e7\u00f5es urbanas de inspira\u00e7\u00e3o e criatividade.<\/p>\n\t\t<\/div>\n\t<\/div>\n\t\n\t\n\t\t<\/div>\n\t\t\t\t\t<\/div>\n\n\t\n<\/div>\n\t\t<\/div>\n\n\t\t\n<style>\n#section_152438383 {\n  padding-top: 30px;\n  padding-bottom: 30px;\n}\n<\/style>\n\t<\/section>\n\t\n","protected":false},"excerpt":{"rendered":"","protected":false},"author":1,"featured_media":0,"parent":0,"menu_order":0,"comment_status":"closed","ping_status":"closed","template":"page-blank.php","meta":{"footnotes":""},"class_list":["post-11909","page","type-page","status-publish","hentry"],"_links":{"self":[{"href":"https:\/\/aprovacao.website\/archscape\/wp-json\/wp\/v2\/pages\/11909","targetHints":{"allow":["GET"]}}],"collection":[{"href":"https:\/\/aprovacao.website\/archscape\/wp-json\/wp\/v2\/pages"}],"about":[{"href":"https:\/\/aprovacao.website\/archscape\/wp-json\/wp\/v2\/types\/page"}],"author":[{"embeddable":true,"href":"https:\/\/aprovacao.website\/archscape\/wp-json\/wp\/v2\/users\/1"}],"replies":[{"embeddable":true,"href":"https:\/\/aprovacao.website\/archscape\/wp-json\/wp\/v2\/comments?post=11909"}],"version-history":[{"count":9,"href":"https:\/\/aprovacao.website\/archscape\/wp-json\/wp\/v2\/pages\/11909\/revisions"}],"predecessor-version":[{"id":11917,"href":"https:\/\/aprovacao.website\/archscape\/wp-json\/wp\/v2\/pages\/11909\/revisions\/11917"}],"wp:attachment":[{"href":"https:\/\/aprovacao.website\/archscape\/wp-json\/wp\/v2\/media?parent=11909"}],"curies":[{"name":"wp","href":"https:\/\/api.w.org\/{rel}","templated":true}]}}